{"id":7899,"date":"2021-12-22T09:20:35","date_gmt":"2021-12-22T09:20:35","guid":{"rendered":"https:\/\/drhilalselamet.com\/contact-me\/"},"modified":"2026-02-04T10:05:15","modified_gmt":"2026-02-04T07:05:15","slug":"contact-me","status":"publish","type":"page","link":"https:\/\/drhilalselamet.com\/en\/contact-me\/","title":{"rendered":"Contact Me"},"content":{"rendered":"<section class=\"wpb-content-wrapper\"><p>[vc_row full_width=&#8221;stretch_row&#8221; css=&#8221;.vc_custom_1644197163709{margin-top: 4vh !important;margin-bottom: 8vh !important;background-image: url(https:\/\/drhilalselamet.com\/wp-content\/uploads\/2022\/02\/iletsim-bg.png?id=8959) !important;}&#8221; mobile_bg_img_hidden=&#8221;no&#8221; tablet_bg_img_hidden=&#8221;no&#8221; woodmart_parallax=&#8221;0&#8243; woodmart_gradient_switch=&#8221;no&#8221; row_reverse_mobile=&#8221;0&#8243; row_reverse_tablet=&#8221;0&#8243; woodmart_disable_overflow=&#8221;0&#8243;][vc_column offset=&#8221;vc_col-lg-offset-0 vc_col-lg-12 vc_col-md-offset-0 vc_col-md-12&#8243; mobile_bg_img_hidden=&#8221;no&#8221; tablet_bg_img_hidden=&#8221;no&#8221; woodmart_parallax=&#8221;0&#8243; woodmart_sticky_column=&#8221;false&#8221; parallax_scroll=&#8221;no&#8221; mobile_reset_margin=&#8221;no&#8221; tablet_reset_margin=&#8221;no&#8221;][vc_custom_heading text=&#8221;<strong>Contact Me<\/strong>&#8221; font_container=&#8221;tag:h5|font_size:48|text_align:center&#8221; use_theme_fonts=&#8221;yes&#8221; css=&#8221;.vc_custom_1640155967835{margin-bottom: 10px !important;}&#8221;][vc_column_text woodmart_inline=&#8221;no&#8221; text_larger=&#8221;no&#8221;]<\/p>\n<p style=\"text-align: center;\"><span style=\"color: #364874;\"><strong>#LoveYourGumSaveYourLife<\/strong><\/span><\/p>\n<p>[\/vc_column_text][vc_column_text el_class=&#8221;text-larger&#8221; css=&#8221;.vc_custom_1644197207791{margin-bottom: 0px !important;padding-right: 0px !important;padding-left: 0px !important;}&#8221; woodmart_inline=&#8221;no&#8221; text_larger=&#8221;no&#8221;]<\/p>\n<p style=\"text-align: center;\">For your questions, problems and appointment requests, you can reach Dr. Hilal Selamet through the communication channels. You will be returned as soon as possible.<\/p>\n<p style=\"text-align: center;\"><strong>#LoveYourGumSaveYourLife<\/strong><\/p>\n<p>[\/vc_column_text][vc_column_text el_class=&#8221;text-larger&#8221; css=&#8221;.vc_custom_1644520786197{margin-top: 20px !important;margin-bottom: 25px !important;}&#8221; woodmart_inline=&#8221;no&#8221; text_larger=&#8221;no&#8221;]<\/p>\n<p style=\"text-align: center;\"><strong>Our Working Hours:<\/strong><\/p>\n<p style=\"text-align: center;\">Weekdays: 9.00 &#8211; 19:00<br \/>\nSaturday: 11.00 &#8211; 17:00<br \/>\nSunday: Closed[\/vc_column_text][\/vc_column][\/vc_row][vc_row equal_height=&#8221;yes&#8221; content_placement=&#8221;top&#8221; css_animation=&#8221;none&#8221; css=&#8221;.vc_custom_1644196381829{margin-right: -40px !important;margin-left: -40px !important;}&#8221; mobile_bg_img_hidden=&#8221;no&#8221; tablet_bg_img_hidden=&#8221;no&#8221; woodmart_parallax=&#8221;0&#8243; woodmart_gradient_switch=&#8221;no&#8221; row_reverse_mobile=&#8221;0&#8243; row_reverse_tablet=&#8221;0&#8243; woodmart_disable_overflow=&#8221;0&#8243;][vc_column offset=&#8221;vc_col-lg-6 vc_col-md-6&#8243; css=&#8221;.vc_custom_1496932335926{border-right-width: 1px !important;padding-top: 20px !important;padding-right: 40px !important;padding-bottom: 10px !important;padding-left: 40px !important;border-right-color: rgba(129,129,129,0.2) !important;border-right-style: solid !important;}&#8221;]\n\t\t<div id=\"wd-62006fc0eaf4d\" class=\"title-wrapper wd-wpb wd-set-mb reset-last-child  wd-rs-62006fc0eaf4d wd-title-color-default wd-title-style-bordered text-left vc_custom_1644195794120 wd-underline-colored\">\n\t\t\t\n\t\t\t<div class=\"liner-continer\">\n\t\t\t\t<h4 class=\"woodmart-title-container title  wd-font-weight- wd-fontsize-l\" >MAKE APPOINTMENT<\/h4>\n\t\t\t\t\t\t\t<\/div>\n\t\t\t\n\t\t\t\n\t\t\t\n\t\t<\/div>\n\t\t\n\t\t[vc_single_image image=&#8221;8949&#8243; img_size=&#8221;full&#8221; css=&#8221;.vc_custom_1644196282667{margin-top: -60px !important;}&#8221; woodmart_inline=&#8221;no&#8221; parallax_scroll=&#8221;no&#8221;]\n\t\t<div id=\"wd-6200706e03b8b\" class=\"title-wrapper wd-wpb wd-set-mb reset-last-child  wd-rs-6200706e03b8b wd-title-color-default wd-title-style-default text-left vc_custom_1644195963724 wd-title-empty wd-underline-colored\">\n\t\t\t\n\t\t\t<div class=\"liner-continer\">\n\t\t\t\t<h4 class=\"woodmart-title-container title  wd-font-weight- wd-fontsize-xxl\" ><\/h4>\n\t\t\t\t\t\t\t<\/div>\n\t\t\t\n\t\t\t\t\t\t\t<div class=\"title-after_title reset-last-child  wd-fontsize-s\">Fill in your information completely to make an appointment with the Dr. Hilal Selamet. We will get back to you as soon as possible regarding your request.<\/div>\n\t\t\t\n\t\t\t\n\t\t<\/div>\n\t\t\n\t\t\n<div class=\"wpcf7 no-js\" id=\"wpcf7-f7979-o1\" lang=\"en-US\" dir=\"ltr\" data-wpcf7-id=\"7979\">\n<div class=\"screen-reader-response\"><p role=\"status\" aria-live=\"polite\" aria-atomic=\"true\"><\/p> <ul><\/ul><\/div>\n<form action=\"\/en\/wp-json\/wp\/v2\/pages\/7899#wpcf7-f7979-o1\" method=\"post\" class=\"wpcf7-form init\" aria-label=\"Contact form\" novalidate=\"novalidate\" data-status=\"init\">\n<fieldset class=\"hidden-fields-container\"><input type=\"hidden\" name=\"_wpcf7\" value=\"7979\" \/><input type=\"hidden\" name=\"_wpcf7_version\" value=\"6.1.5\" \/><input type=\"hidden\" name=\"_wpcf7_locale\" value=\"en_US\" \/><input type=\"hidden\" name=\"_wpcf7_unit_tag\" value=\"wpcf7-f7979-o1\" \/><input type=\"hidden\" name=\"_wpcf7_container_post\" value=\"0\" \/><input type=\"hidden\" name=\"_wpcf7_posted_data_hash\" value=\"\" \/>\n<\/fieldset>\n<div class=\"row\">\n\t<p class=\"col-lg-12\"><span class=\"wpcf7-form-control-wrap\" data-name=\"your-name\"><input size=\"40\" maxlength=\"400\" class=\"wpcf7-form-control wpcf7-text wpcf7-validates-as-required\" aria-required=\"true\" aria-invalid=\"false\" placeholder=\"Name Surname\" value=\"\" type=\"text\" name=\"your-name\" \/><\/span>\n\t<\/p>\n\t<div class=\"col-lg-12\"\">\n\t\t<p><span class=\"wpcf7-form-control-wrap\" data-name=\"menu-212\"><select class=\"wpcf7-form-control wpcf7-select wpcf7-validates-as-required form-control\" aria-required=\"true\" aria-invalid=\"false\" name=\"menu-212\"><option value=\"\">Choose Treatment<\/option><option value=\"Gingival Treatments\">Gingival Treatments<\/option><option value=\"Implant Treatments\">Implant Treatments<\/option><option value=\"Oral Surgery\">Oral Surgery<\/option><option value=\"Bone Powder\">Bone Powder<\/option><option value=\"Others\">Others<\/option><\/select><\/span>\n\t\t<\/p>\n\t<\/div>\n\t<p class=\"col-lg-12\"><span class=\"wpcf7-form-control-wrap\" data-name=\"email-748\"><input size=\"40\" maxlength=\"400\" class=\"wpcf7-form-control wpcf7-email wpcf7-validates-as-required wpcf7-text wpcf7-validates-as-email\" aria-required=\"true\" aria-invalid=\"false\" placeholder=\"E-Mail\" value=\"\" type=\"email\" name=\"email-748\" \/><\/span>\n\t<\/p>\n\t<p class=\"col-lg-12\"><span class=\"wpcf7-form-control-wrap intl_tel-296\"><input class=\"wpcf7-form-control wpcf7-intl_tel wpcf7-validates-as-required wpcf7-intl-tel\" aria-required=\"true\" aria-invalid=\"false\" placeholder=\"Phone\" data-initialcountry=\"tr\" data-preferredcountries=\"tr-de-us-gb\" value=\"\" type=\"tel\" name=\"intl_tel-296-cf7it-national\" \/><input name=\"intl_tel-296\" type=\"hidden\" class=\"wpcf7-intl-tel-full\" \/><input type=\"hidden\" name=\"intl_tel-296-cf7it-country-name\" class=\"wpcf7-intl-tel-country-name\" \/><input type=\"hidden\" name=\"intl_tel-296-cf7it-country-code\" class=\"wpcf7-intl-tel-country-code\" \/><input type=\"hidden\" name=\"intl_tel-296-cf7it-country-iso2\" class=\"wpcf7-intl-tel-country-iso2\" \/><\/span>\n\t<\/p>\n\t<p class=\"col-lg-auto\"><input class=\"wpcf7-form-control wpcf7-submit has-spinner btn btn-color-primary\" type=\"submit\" value=\"Free Consultation\" \/>\n\t<\/p>\n<\/div><div class=\"wpcf7-response-output\" aria-hidden=\"true\"><\/div>\n<\/form>\n<\/div>\n[\/vc_column][vc_column offset=&#8221;vc_col-lg-6 vc_col-md-6&#8243; css=&#8221;.vc_custom_1496932331302{padding-top: 20px !important;padding-right: 40px !important;padding-bottom: 10px !important;padding-left: 40px !important;}&#8221;]\n\t\t<div id=\"wd-62007007e6bcf\" class=\"title-wrapper wd-wpb wd-set-mb reset-last-child  wd-rs-62007007e6bcf wd-title-color-default wd-title-style-bordered text-left vc_custom_1644195869013 wd-underline-colored\">\n\t\t\t\n\t\t\t<div class=\"liner-continer\">\n\t\t\t\t<h4 class=\"woodmart-title-container title  wd-font-weight- wd-fontsize-l\" >CONTACT US<\/h4>\n\t\t\t\t\t\t\t<\/div>\n\t\t\t\n\t\t\t\n\t\t\t\n\t\t<\/div>\n\t\t\n\t\t[vc_single_image image=&#8221;8955&#8243; img_size=&#8221;full&#8221; css=&#8221;.vc_custom_1644196437694{margin-top: -80px !important;}&#8221; woodmart_inline=&#8221;no&#8221; parallax_scroll=&#8221;no&#8221;][vc_row_inner css=&#8221;.vc_custom_1484253288811{margin-bottom: 0px !important;}&#8221;][vc_column_inner width=&#8221;1\/2&#8243;][vc_custom_heading text=&#8221;E-MAIL&#8221; font_container=&#8221;tag:h6|text_align:left|color:%23b68150&#8243; use_theme_fonts=&#8221;yes&#8221; css=&#8221;.vc_custom_1640156116278{margin-bottom: 10px !important;}&#8221;][vc_custom_heading text=&#8221;info@drhilalselamet.com&#8221; font_container=&#8221;tag:p|text_align:left&#8221; use_theme_fonts=&#8221;yes&#8221; css=&#8221;.vc_custom_1640156525697{margin-bottom: 0px !important;}&#8221; link=&#8221;url:mailto%3Ainfo%40drhilalselamet.com|&#8221;][vc_separator color=&#8221;custom&#8221; accent_color=&#8221;#eaeaea&#8221; css=&#8221;.vc_custom_1481478904779{margin-bottom: 10px !important;}&#8221;][vc_custom_heading text=&#8221;PHONE&#8221; font_container=&#8221;tag:h6|text_align:left|color:%23b68150&#8243; use_theme_fonts=&#8221;yes&#8221; css=&#8221;.vc_custom_1640156101528{margin-bottom: 10px !important;}&#8221;][vc_custom_heading text=&#8221;+90 542 403 84 64&#8243; font_container=&#8221;tag:p|text_align:left&#8221; use_theme_fonts=&#8221;yes&#8221; css=&#8221;.vc_custom_1640156664079{margin-bottom: 0px !important;}&#8221; link=&#8221;url:tel%3A%2B905424038464|&#8221;][vc_separator color=&#8221;custom&#8221; accent_color=&#8221;#eaeaea&#8221; css=&#8221;.vc_custom_1481478904779{margin-bottom: 10px !important;}&#8221;][vc_custom_heading text=&#8221;WHATSAPP&#8221; font_container=&#8221;tag:h6|text_align:left|color:%23b68150&#8243; use_theme_fonts=&#8221;yes&#8221; css=&#8221;.vc_custom_1640156707861{margin-bottom: 10px !important;}&#8221;][vc_custom_heading text=&#8221;+90 542 403 84 64&#8243; font_container=&#8221;tag:p|text_align:left&#8221; use_theme_fonts=&#8221;yes&#8221; css=&#8221;.vc_custom_1644198780956{margin-bottom: 0px !important;}&#8221; link=&#8221;url:https%3A%2F%2Fwa.me%2F905424038464%3Ftext%3DHello%2520DrHilalSelamet%2520com%2520Websitenizden%2520ulasiyorum|&#8221;][vc_separator color=&#8221;custom&#8221; accent_color=&#8221;#eaeaea&#8221; css=&#8221;.vc_custom_1481478904779{margin-bottom: 10px !important;}&#8221;][vc_custom_heading text=&#8221;ADRESS&#8221; font_container=&#8221;tag:h6|text_align:left|color:%23b68150&#8243; use_theme_fonts=&#8221;yes&#8221; css=&#8221;.vc_custom_1640156071852{margin-bottom: 10px !important;}&#8221;][vc_custom_heading text=&#8221;Kozyata\u011f\u0131, \u015eemsettin G\u00fcnaltay Cd. No: 54 Kat : 2 D: 3, 34742 Kad\u0131k\u00f6y\/\u0130stanbul&#8221; font_container=&#8221;tag:p|text_align:left&#8221; use_theme_fonts=&#8221;yes&#8221; css=&#8221;.vc_custom_1770188653033{margin-bottom: 0px !important;}&#8221; link=&#8221;url:https%3A%2F%2Fwww.google.com%2Fmaps%2Fplace%2FUzman%2BDi%25C5%259F%2BHekimi%2BHilal%2BSelamet%2B-%2BImplant%2Bve%2BDi%25C5%259Feti%2BTedavileri%2F%4040.9624595%2C29.0892354%2C17z%2Fdata%3D!3m1!4b1!4m6!3m5!1s0x14cac7a623fcf465%3A0x75c809c003f795b7!8m2!3d40.9624555!4d29.0918103!16s%252Fg%252F11xyy_mnxk%3Fentry%3Dttu%26g_ep%3DEgoyMDI1MTAxMy4wIKXMDSoASAFQAw%253D%253D&#8221;][\/vc_column_inner][vc_column_inner width=&#8221;1\/2&#8243;][vc_custom_heading text=&#8221;FACEBOOK&#8221; font_container=&#8221;tag:h6|text_align:left|color:%23b68150&#8243; use_theme_fonts=&#8221;yes&#8221; css=&#8221;.vc_custom_1640156205844{margin-bottom: 10px !important;}&#8221;][vc_custom_heading text=&#8221;fb.com\/drhilalselamet&#8221; font_container=&#8221;tag:p|text_align:left&#8221; use_theme_fonts=&#8221;yes&#8221; css=&#8221;.vc_custom_1640156585252{margin-bottom: 0px !important;}&#8221; link=&#8221;url:https%3A%2F%2Fwww.facebook.com%2Fdrhilalselamet|&#8221;][vc_separator color=&#8221;custom&#8221; accent_color=&#8221;#eaeaea&#8221; css=&#8221;.vc_custom_1481478904779{margin-bottom: 10px !important;}&#8221;][vc_custom_heading text=&#8221;INSTAGRAM&#8221; font_container=&#8221;tag:h6|text_align:left|color:%23b68150&#8243; use_theme_fonts=&#8221;yes&#8221; css=&#8221;.vc_custom_1640156215594{margin-bottom: 10px !important;}&#8221;][vc_custom_heading text=&#8221;@drhilalselamet&#8221; font_container=&#8221;tag:p|text_align:left&#8221; use_theme_fonts=&#8221;yes&#8221; css=&#8221;.vc_custom_1640156608640{margin-bottom: 0px !important;}&#8221; link=&#8221;url:https%3A%2F%2Fwww.instagram.com%2Fdrhilalselamet%2F|&#8221;][vc_separator color=&#8221;custom&#8221; accent_color=&#8221;#eaeaea&#8221; css=&#8221;.vc_custom_1481478904779{margin-bottom: 10px !important;}&#8221;][vc_custom_heading text=&#8221;YOUTUBE&#8221; font_container=&#8221;tag:h6|text_align:left|color:%23b68150&#8243; use_theme_fonts=&#8221;yes&#8221; css=&#8221;.vc_custom_1640156226673{margin-bottom: 10px !important;}&#8221;][vc_custom_heading text=&#8221;Hilal Selamet&#8221; font_container=&#8221;tag:p|text_align:left&#8221; use_theme_fonts=&#8221;yes&#8221; css=&#8221;.vc_custom_1640156631334{margin-bottom: 0px !important;}&#8221; link=&#8221;url:https%3A%2F%2Fwww.youtube.com%2Fchannel%2FUCbBwDSgkSk_mHfWgpkdQzjg|&#8221;][vc_separator color=&#8221;custom&#8221; accent_color=&#8221;#eaeaea&#8221; css=&#8221;.vc_custom_1481478904779{margin-bottom: 10px !important;}&#8221;][\/vc_column_inner][\/vc_row_inner][vc_separator css=&#8221;.vc_custom_1644196025304{margin-top: 30px !important;margin-bottom: 30px !important;}&#8221;][\/vc_column][\/vc_row][vc_row full_width=&#8221;stretch_row_content_no_spaces&#8221; css=&#8221;.vc_custom_1496930381502{margin-bottom: 8vh !important;}&#8221;][vc_column][vc_raw_html]JTNDZGl2JTIwc3R5bGUlM0QlMjJtYXgtd2lkdGglM0E5MDBweCUzQiUyMG1hcmdpbiUzQTAlMjBhdXRvJTNCJTIwcGFkZGluZyUzQTAlMjAxNnB4JTNCJTIyJTNFJTBBJTIwJTIwJTNDZGl2JTIwc3R5bGUlM0QlMjJwb3NpdGlvbiUzQXJlbGF0aXZlJTNCJTIwd2lkdGglM0ExMDAlMjUlM0IlMjBwYWRkaW5nLWJvdHRvbSUzQTU2LjI1JTI1JTNCJTIwaGVpZ2h0JTNBMCUzQiUyMG92ZXJmbG93JTNBaGlkZGVuJTNCJTIwYm9yZGVyLXJhZGl1cyUzQTEycHglM0IlMjIlM0UlMEElMjAlMjAlMjAlMjAlM0NpZnJhbWUlMEElMjAlMjAlMjAlMjAlMjAlMjBzcmMlM0QlMjJodHRwcyUzQSUyRiUyRnd3dy5nb29nbGUuY29tJTJGbWFwcyUyRmVtYmVkJTNGcGIlM0QlMjExbTE4JTIxMW0xMiUyMTFtMyUyMTFkMzAxMi44Njg0OTkwOTMzNjYlMjEyZDI5LjA4OTIzNTM3NzIzMTc4OCUyMTNkNDAuOTYyNDU5NTIyMjQyODc0JTIxMm0zJTIxMWYwJTIxMmYwJTIxM2YwJTIxM20yJTIxMWkxMDI0JTIxMmk3NjglMjE0ZjEzLjElMjEzbTMlMjExbTIlMjExczB4MTRjYWM3YTYyM2ZjZjQ2NSUyNTNBMHg3NWM4MDljMDAzZjc5NWI3JTIxMnNVem1hbiUyNTIwRGklMjVDNSUyNTlGJTI1MjBIZWtpbWklMjUyMEhpbGFsJTI1MjBTZWxhbWV0JTI1MjAtJTI1MjBJbXBsYW50JTI1MjB2ZSUyNTIwRGklMjVDNSUyNTlGZXRpJTI1MjBUZWRhdmlsZXJpJTIxNWUwJTIxM20yJTIxMXN0ciUyMTJzdHIlMjE0djE3NjA2NDEyMjIxMzAlMjE1bTIlMjExc3RyJTIxMnN0ciUyMiUwQSUyMCUyMCUyMCUyMCUyMCUyMHN0eWxlJTNEJTIycG9zaXRpb24lM0FhYnNvbHV0ZSUzQiUyMHRvcCUzQTAlM0IlMjBsZWZ0JTNBMCUzQiUyMHdpZHRoJTNBMTAwJTI1JTNCJTIwaGVpZ2h0JTNBMTAwJTI1JTNCJTIwYm9yZGVyJTNBMCUzQiUyMiUwQSUyMCUyMCUyMCUyMCUyMCUyMGFsbG93ZnVsbHNjcmVlbiUwQSUyMCUyMCUyMCUyMCUyMCUyMGxvYWRpbmclM0QlMjJsYXp5JTIyJTBBJTIwJTIwJTIwJTIwJTIwJTIwcmVmZXJyZXJwb2xpY3klM0QlMjJuby1yZWZlcnJlci13aGVuLWRvd25ncmFkZSUyMiUzRSUwQSUyMCUyMCUyMCUyMCUzQyUyRmlmcmFtZSUzRSUwQSUyMCUyMCUzQyUyRmRpdiUzRSUwQSUzQyUyRmRpdiUzRSUwQQ==[\/vc_raw_html][\/vc_column][\/vc_row]<\/p>\n<\/section>","protected":false},"excerpt":{"rendered":"<p>[vc_row full_width=&#8221;stretch_row&#8221; css=&#8221;.vc_custom_1644197163709{margin-top: 4vh !important;margin-bottom: 8vh !important;background-image: url(https:\/\/drhilalselamet.com\/wp-content\/uploads\/2022\/02\/iletsim-bg.png?id=8959) !important;}&#8221; mobile_bg_img_hidden=&#8221;no&#8221; tablet_bg_img_hidden=&#8221;no&#8221; woodmart_parallax=&#8221;0&#8243; woodmart_gradient_switch=&#8221;no&#8221; row_reverse_mobile=&#8221;0&#8243; row_reverse_tablet=&#8221;0&#8243; woodmart_disable_overflow=&#8221;0&#8243;][vc_column offset=&#8221;vc_col-lg-offset-0 vc_col-lg-12 vc_col-md-offset-0 vc_col-md-12&#8243;<\/p>\n","protected":false},"author":1,"featured_media":0,"parent":0,"menu_order":0,"comment_status":"closed","ping_status":"closed","template":"","meta":{"footnotes":""},"class_list":["post-7899","page","type-page","status-publish"],"_links":{"self":[{"href":"https:\/\/drhilalselamet.com\/en\/wp-json\/wp\/v2\/pages\/7899","targetHints":{"allow":["GET"]}}],"collection":[{"href":"https:\/\/drhilalselamet.com\/en\/wp-json\/wp\/v2\/pages"}],"about":[{"href":"https:\/\/drhilalselamet.com\/en\/wp-json\/wp\/v2\/types\/page"}],"author":[{"embeddable":true,"href":"https:\/\/drhilalselamet.com\/en\/wp-json\/wp\/v2\/users\/1"}],"replies":[{"embeddable":true,"href":"https:\/\/drhilalselamet.com\/en\/wp-json\/wp\/v2\/comments?post=7899"}],"version-history":[{"count":0,"href":"https:\/\/drhilalselamet.com\/en\/wp-json\/wp\/v2\/pages\/7899\/revisions"}],"wp:attachment":[{"href":"https:\/\/drhilalselamet.com\/en\/wp-json\/wp\/v2\/media?parent=7899"}],"curies":[{"name":"wp","href":"https:\/\/api.w.org\/{rel}","templated":true}]}}