{"id":9677,"date":"2022-03-08T17:12:22","date_gmt":"2022-03-08T17:12:22","guid":{"rendered":"https:\/\/drhilalselamet.com\/datenschutz-bestimmungen\/"},"modified":"2022-03-08T19:14:00","modified_gmt":"2022-03-08T19:14:00","slug":"datenschutz-bestimmungen","status":"publish","type":"page","link":"https:\/\/drhilalselamet.com\/de\/datenschutz-bestimmungen\/","title":{"rendered":"Datenschutz-Bestimmungen"},"content":{"rendered":"<p><strong>Datenschutzerkl\u00e4rung<\/strong><\/p>\n<p><strong>Nutzungsbedingungen und Datenschutz von drhilalselamet.com<\/strong><\/p>\n<ul>\n<li>Nutzungsbedingungen und Datenschutz\u00a0<strong>Dr. Sie gilt f\u00fcr <a href=\"https:\/\/drhilalselamet.com\/de\/\">drhilalselamet.com<\/a> im Besitz von Hilal Selamet&#8216;<\/strong> und alle auf dieser Seite aufgef\u00fchrten Microsites, die das hier erw\u00e4hnte Dr. Hilal Selamet-Logo tragen . Wenn Sie die genannte Website von Dr. Hilal Selamet besuchen, sollten Sie die Nutzungsbedingungen und Datenschutzrichtlinien auf den Websites lesen. Wenn Sie das Logo von <strong>Dr. Hilal Selamet <\/strong> auf anderen Websites als diesen sehen, bedeutet dies nicht, dass diese Sicherheits- und Datenschutzregeln auf dieser Website gelten.<\/li>\n<li><a href=\"https:\/\/drhilalselamet.com\/de\/\">Alle Informationen auf der Website drhilalselamet.com<\/a> und alle Links in den Weiterleitungen werden dem Benutzer nur zu Informationszwecken pr\u00e4sentiert Besucher, und die ver\u00f6ffentlichten Informationen dienen in keiner Weise kommerziellen Zwecken und werden ohne Vorank\u00fcndigung ver\u00f6ffentlicht.<\/li>\n<li>Alle auf den oben genannten Websites ver\u00f6ffentlichten Informationen geh\u00f6ren Dr. Hilal Selamet.<\/li>\n<li>Dr. Hilal Selamet hat diesbez\u00fcglich alle Rechte, die Informationen auf dieser Website zu aktualisieren, zu \u00e4ndern, zu entfernen oder zu bearbeiten.<\/li>\n<li>Dr. Hilal Selamet kann nicht f\u00fcr m\u00f6gliche Fehler, Auslassungen oder \u00c4nderungen verantwortlich gemacht werden, die w\u00e4hrend der Aktualisierung der Informationen auf der oben genannten Website auf der Website auftreten k\u00f6nnen.<\/li>\n<li>Da au\u00dferdem einige der auf der oben genannten Website verwendeten Aussagen zukunftsgerichtet sind, k\u00f6nnen verschiedene Risiken und Unw\u00e4gbarkeiten damit verbunden sein.<\/li>\n<li>Die Person oder Personen, die auf die Website von Dr. Hilal Selamet und zugeh\u00f6rige Microsites zugreifen, akzeptieren die neueste Version der Nutzungsbedingungen, und der Besucher der entsprechenden Website tr\u00e4gt alle Verantwortung f\u00fcr alle Arten von Entscheidungen in \u00dcbereinstimmung mit den Informationen auf der Website. < \/li>\n<li>Die Informationen auf den entsprechenden Seiten k\u00f6nnen niemals eine \u00e4rztliche Behandlung oder Beratung ersetzen.<\/li>\n<li>Der Inhalt der Website kann nicht f\u00fcr die pers\u00f6nliche Diagnose und Auswahl der Behandlungsmethode ausgewertet werden.<\/li>\n<li>Alle beschriebenen medizinischen Verfahren, Informationen, Kommentare und Bilder dienen nur zu Informationszwecken; Werbung zielt nicht darauf ab, Diagnose und Behandlung zu leiten.<\/li>\n<li><a href=\"https:\/\/drhilalselamet.com\/de\/\">drhilalselamet.com<\/a>\u00a0die gesetzlichen Rechte an allen Materialien auf unserer Seite liegen bei Dr. Hilal Selamet oder dem urspr\u00fcnglichen Ersteller des Materials.<\/ li>\n<li>Au\u00dfer wie hier angegeben, darf kein Material kopiert, verteilt, mit verschiedenen Unterlizenzen modifiziert, f\u00fcr die zuk\u00fcnftige Verwendung gespeichert und f\u00fcr kommerzielle Zwecke verwendet oder verf\u00fcgbar gemacht werden.<\/li>\n<li>Jede nicht unterzeichnete Verwendung von Material auf dieser Website umfasst Kopiergesetze, Handelsgesetze, Sicherheits- und Publizit\u00e4tsgesetze sowie Kommunikationsgesetze und -statuten.<\/li>\n<li>Die Website und Microsites von Dr. Hilal Selamet sind frei zug\u00e4nglich und anonym.<\/li>\n<li>In irgendeiner Weise die auf diesen verwandten Websites enthaltenen Informationen zu f\u00e4lschen; wird zu allen m\u00f6glichen Rechts- und Strafverfahren f\u00fchren.<\/li>\n<li>Es sollte nicht verstanden werden, dass Dr. Hilal Selamet die Marke oder die von ihr gesponserten Marken unterst\u00fctzt.<\/li>\n<li>Alle Arten von Entscheidungen und Verantwortlichkeiten liegen in der Verantwortung des Besuchers in \u00dcbereinstimmung mit den auf der Website und den oben erw\u00e4hnten relevanten Microsites ver\u00f6ffentlichten Informationen, und Dr. Hilal Selamet ist in keiner Weise f\u00fcr eventuell auftretende Sch\u00e4den oder Verluste verantwortlich oder auftreten.<\/li>\n<li>Gleichzeitig enthalten die Informationen auf den oben genannten verwandten Websites keinerlei Verpflichtung zugunsten des Nutzers.<\/li>\n<li><a href=\"https:\/\/drhilalselamet.com\/de\/\">drhilalselamet.com\/&#8220;>drhilalselamet.com<\/a> und alle Teile von Microsites mit Ausnahme von <strong>Onlinediensten und Kontaktformularen<\/strong> so oft Sie m\u00f6chten, ohne Bereitstellung Ihre pers\u00f6nlichen Daten, Sie k\u00f6nnen die notwendigen Erkl\u00e4rungen lesen, Sie k\u00f6nnen detailliertere Informationen \u00fcber unsere Krankenhausgruppe erhalten. Um unsere Online-Services-Bereiche nutzen zu k\u00f6nnen, m\u00fcssen Sie Ihre pers\u00f6nlichen Daten korrekt und vollst\u00e4ndig angeben und sich als Mitglied registrieren. <a href=\"https:\/\/drhilalselamet.com\/de\/\">drhilalselamet.com<\/a>\u00a0Name, Nachname, Geburtsdatum, Geschlecht, Familienstand, Bildungsgrad, Beruf, Telefon, Mobiltelefon, Adresse, die Sie wann angegeben haben Sie sind Mitglied unserer Seite geworden, Stadtinformationen werden niemals an Dritte weitergegeben.<\/li>\n<li>Die Kommunikationsinformationen (Telefon und E-Mail), die Sie \u00fcber die Kontaktformulare auf der oben genannten Website und den Microsites geteilt haben, k\u00f6nnen verwendet werden, um die von Ihnen angeforderten Informationen \u00fcber Dr. Hilal Selamet und\/oder seine autorisierten L\u00f6sungspartner bereitzustellen. <\/li>\n<li>Die Informationen, die Sie auf der Website von Dr. Hilal Selamet angeben, werden verwendet, um Sie zu informieren und sicherzustellen, dass diese Gesundheitseinrichtung Sie in k\u00fcrzerer Zeit erreicht.<\/li>\n<li>Nur Sie k\u00f6nnen Ihre Informationen auf Ihrem eigenen Bildschirm aktualisieren oder l\u00f6schen.<\/li>\n<li><a href=\"https:\/\/drhilalselamet.com\/de\/\">drhilalselamet.com<\/a> Sobald Sie Mitglied unserer Seite geworden sind, sollten Sie Ihr Passwort niemandem mitteilen.<\/li>\n<li>Bei jedem Besuch unserer Seite wird Ihre IP-Adresse anonym erfasst.<\/li>\n<li>Sie k\u00f6nnen Ihre Beschwerden, Vorschl\u00e4ge und Informationsanfragen zur Website an die E-Mail-Adresse <a href=\"mailto:info@drhilalselamet.com\">info@drhilalselamet.com<\/a> weiterleiten.<\/li>\n<li><strong>Dr. Hilal Selamet. <\/strong>Website\u00a0<a href=\"https:\/\/drhilalselamet.com\/de\/\">drhilalselamet.com<\/a> kann auch Links zu anderen Websites enthalten,<\/a href=\"https:\/\/drhilalselamet.com\/ \" >drhilalselamet.com<\/a> Unsere Website ist nicht verantwortlich f\u00fcr die Datenschutz- und Sicherheitsrichtlinien und Inhalte anderer Websites.<\/li>\n<li>Das Urheberrecht der Informationen oder Ausdr\u00fccke (Designs, Bilder, Logos usw.) auf dieser Website liegt bei\u00a0<strong>Dr. Hilal Selamet<\/strong>. Es darf in keiner Weise ohne die Erlaubnis von Dr. Hilal Selamet verwendet werden.<\/li>\n<li><strong>Es wird davon ausgegangen, dass der Benutzer die Zusendung elektronischer Nachrichten (SMS, E-Mail usw.) sowie diese &#8222;Nutzungs- und Datenschutzbestimmungen&#8220; akzeptiert.<\/strong><\/li>\n<\/ul>\n<p>&nbsp;<\/p>\n","protected":false},"excerpt":{"rendered":"<p>Datenschutzerkl\u00e4rung Nutzungsbedingungen und Datenschutz von drhilalselamet.com Nutzungsbedingungen und Datenschutz\u00a0Dr. Sie gilt f\u00fcr drhilalselamet.com im Besitz von Hilal Selamet&#8216; und alle<\/p>\n","protected":false},"author":1,"featured_media":0,"parent":0,"menu_order":0,"comment_status":"closed","ping_status":"closed","template":"","meta":{"footnotes":""},"class_list":["post-9677","page","type-page","status-publish"],"_links":{"self":[{"href":"https:\/\/drhilalselamet.com\/de\/wp-json\/wp\/v2\/pages\/9677","targetHints":{"allow":["GET"]}}],"collection":[{"href":"https:\/\/drhilalselamet.com\/de\/wp-json\/wp\/v2\/pages"}],"about":[{"href":"https:\/\/drhilalselamet.com\/de\/wp-json\/wp\/v2\/types\/page"}],"author":[{"embeddable":true,"href":"https:\/\/drhilalselamet.com\/de\/wp-json\/wp\/v2\/users\/1"}],"replies":[{"embeddable":true,"href":"https:\/\/drhilalselamet.com\/de\/wp-json\/wp\/v2\/comments?post=9677"}],"version-history":[{"count":0,"href":"https:\/\/drhilalselamet.com\/de\/wp-json\/wp\/v2\/pages\/9677\/revisions"}],"wp:attachment":[{"href":"https:\/\/drhilalselamet.com\/de\/wp-json\/wp\/v2\/media?parent=9677"}],"curies":[{"name":"wp","href":"https:\/\/api.w.org\/{rel}","templated":true}]}}