{"id":9673,"date":"2022-03-08T16:42:18","date_gmt":"2022-03-08T16:42:18","guid":{"rendered":"https:\/\/drhilalselamet.com\/cerez-politikamiz\/"},"modified":"2022-03-08T19:13:37","modified_gmt":"2022-03-08T19:13:37","slug":"unsere-cookie-richtlinie","status":"publish","type":"page","link":"https:\/\/drhilalselamet.com\/de\/unsere-cookie-richtlinie\/","title":{"rendered":"Unsere Cookie-Richtlinie"},"content":{"rendered":"<p><strong>Unsere Cookie-Richtlinie<\/strong><\/p>\n<p>Drhilalselamet.com, im Besitz von Dr. Hilal Selamet\u00a0<a href=\"https:\/\/drhilalselamet.com\/de\/\">drhilalselamet.com<\/a>\u00a0Wir verarbeiten personenbezogene Daten und verwenden Internet-Cookies, um unseren Besuchern ein besseres Nutzungserlebnis zu bieten, indem wir die Privatsph\u00e4re und den Schutz personenbezogener Daten der Besucher der Website (&#8222;Website&#8220;) beachten. Diese Cookie-Nutzungsrichtlinie (\u201eRichtlinie\u201c) erkl\u00e4rt allen Besuchern und Benutzern unserer Website, welche Arten von Cookies verwendet werden und unter welchen Bedingungen.<\/p>\n<p>Diese Richtlinie wird unabh\u00e4ngig davon implementiert, welche Technologien, Methoden und wie Sie sich mit der Website verbinden. Daher empfehlen wir Ihnen, diese Richtlinie sorgf\u00e4ltig zu lesen und eine Kopie zur sp\u00e4teren Bezugnahme anzufertigen.<\/p>\n<ol>\n<li><strong> Minderj\u00e4hrige<\/strong><br \/>\nWenn Sie unter 18 Jahre alt sind, m\u00fcssen Sie die Website unter Aufsicht Ihrer Eltern besuchen. Ohne die Anwesenheit Ihrer Eltern sollten Sie diese Website nicht nutzen oder personenbezogene Daten weitergeben.<\/li>\n<li><strong> Was ist ein Cookie und f\u00fcr welche Zwecke wird es verwendet?<\/strong><br \/>\nCookies sind kleine Datenspeicherdateien, die auf Ihrem Computer, Mobiltelefon, Tablet oder anderen Mobilger\u00e4ten gespeichert werden, auf die Sie \u00fcber Websites zugreifen. Diese Datei speichert Informationen \u00fcber Ihre Website-Navigation. Daher erinnern sich die Ger\u00e4te, auf die Sie zugreifen, an diese Daten, wenn Sie die Website erneut verwenden. Daher sind Cookies notwendig und wichtig, damit Sie die Website effektiver und einfacher nutzen k\u00f6nnen. Cookies werden auch auf der Website und den Websites von Drittanbietern verwendet, damit wir Ihnen passendere Dienstleistungen, Produkte oder Angebote anbieten k\u00f6nnen.<\/li>\n<\/ol>\n<p>Die Hauptzwecke der Verwendung von Cookies sind;<\/p>\n<ul>\n<li>Die Notwendigkeit einiger technischer Daten, um die Website effektiver nutzen zu k\u00f6nnen,<\/li>\n<li>Sammeln von Informationen \u00fcber Ihre Vorlieben und Gewohnheiten beim Surfen und Verwenden der Website des Unternehmens,<\/li>\n<li>Ihre IP-Adresse, wie z. B. Ihre IP-Adresse, damit das Unternehmen seine gesetzlichen und vertraglichen Verpflichtungen erf\u00fcllen kann, insbesondere diejenigen, die sich aus dem Gesetz Nr. 5651 \u00fcber die Regulierung von Sendungen im Internet und die Bek\u00e4mpfung von Straftaten ergeben, die durch diese Sendungen begangen werden und die Verordnung \u00fcber die Verfahren und Grunds\u00e4tze zur Regulierung von Sendungen im Internet ben\u00f6tigt Ihre personenbezogenen Daten,<\/li>\n<\/ul>\n<p><strong>III. Welche Art von Daten verarbeiten wir mit Cookies?<\/strong><br \/>\nCookies sammeln je nach Typ im Allgemeinen Daten \u00fcber Ihre Browsing- und Nutzungspr\u00e4ferenzen auf dem Ger\u00e4t, mit dem Sie auf die Website zugreifen. Diese Daten umfassen die Seiten, auf die Sie zugreifen, unsere Dienstleistungen und Produkte, die Sie sich ansehen, sowie alle Informationen \u00fcber Ihre Navigation auf der Website.<\/p>\n<ol>\n<li><strong> HWelche Arten von Cookies verwenden wir?<\/strong><br \/>\nWir verwenden verschiedene Arten von Cookies auf der Website. Dies sind obligatorische Cookies, Funktions-Cookies, Analyse-\/Performance-Cookies und Targeting-\/Werbe-Cookies, damit die Website funktioniert.<\/li>\n<\/ol>\n<p><strong>ARTEN VON COOKIES IM NUTZUNGSBEREICH:<\/strong><\/p>\n<p><em>Obligatorische Cookies:<\/em>\u00a0Diese Cookies sind absolut notwendig, damit die Website ordnungsgem\u00e4\u00df funktioniert. Diese Cookies werden ben\u00f6tigt, um das System zu verwalten und betr\u00fcgerische Transaktionen zu verhindern, und wenn sie blockiert werden, kann die Website nicht funktionieren.<\/p>\n<p><em>Funktions-Cookies:<\/em>\u00a0Diese Cookies werden verwendet, um Ihnen eine erweiterte und einfachere Benutzererfahrung zu bieten. Beispielsweise erf\u00fcllt es die Funktion, sich an Ihre vorherigen Pr\u00e4ferenzen zu erinnern und Ihnen den einfachen Zugriff auf einige Inhalte der Website zu erm\u00f6glichen. Sie k\u00f6nnen die Verwendung dieser Cookies wie unten beschrieben verhindern.<\/p>\n<p><em>Analyse-\/Leistungs-Cookies:<\/em>\u00a0Diese Cookies erm\u00f6glichen es uns, die Funktionsweise der Website zu analysieren und zu verstehen und mit Ihnen zu interagieren, um die Website zu verbessern. Sie k\u00f6nnen die Verwendung dieser Cookies wie unten beschrieben verhindern.<\/p>\n<p><em>Targeting-\/Werbe-Cookies:<\/em>\u00a0Diese Cookies werden verwendet, um Inhalte zu identifizieren und Ihnen Inhalte bereitzustellen, die f\u00fcr Sie von Interesse sein k\u00f6nnten, einschlie\u00dflich Werbeinhalte. Sie k\u00f6nnen die Verwendung dieser Cookies wie unten beschrieben verhindern. Durch das Blockieren dieser Cookies werden die Werbeinhalte jedoch nicht vollst\u00e4ndig blockiert, sondern statt Anzeigen, die f\u00fcr Sie von Interesse sein k\u00f6nnten, Anzeigen mit allgemeinem Inhalt geschaltet.<\/p>\n<p><strong>ARTEN VON COOKIES IM HINBLICK AUF DIE SPEICHERUNG:<\/strong><\/p>\n<p><em>Dauerhafte Cookies:<\/em>\u00a0Cookies, die auf dem Computer einer Person bis zu einem bestimmten Datum oder bis sie vom Nutzer gel\u00f6scht werden, bestehen bleiben. Diese Cookies werden haupts\u00e4chlich verwendet, um die Bewegungen und Pr\u00e4ferenzen der Benutzer auf der Website zu messen.<\/p>\n<p><em>Sitzungscookies:<\/em>\u00a0Diese Cookies werden verwendet, um den Besuch des Benutzers in Sitzungen aufzuteilen, und sammeln keine Daten vom Benutzer. Das Cookie wird gel\u00f6scht, wenn der Benutzer die von ihm besuchte Webseite schlie\u00dft oder f\u00fcr einen bestimmten Zeitraum inaktiv bleibt. Ziel- und Tracking-Cookies werden auf der Website verwendet, um Drittanbieter bei der Bereitstellung von Diensten, insbesondere Werbediensten, zu unterst\u00fctzen und die Effektivit\u00e4t dieser Dienste zu erh\u00f6hen. Diese Cookies k\u00f6nnen sich die von Ihnen besuchten Webseiten und Websites merken und personenbezogene Daten sammeln, insbesondere die IP-Adresse des Benutzerger\u00e4ts. Die Website wird sowohl von Erstanbietern als auch von Drittanbietern verwendet, um Informationen zu sammeln, Ihre Interessen und demografischen Daten zu speichern und Ihnen gezielte Anzeigen zu liefern, Anzeigen zu verbessern, die Anzahl der Besuche und Anzeigenimpressionen, andere Verwendungen von Werbediensten und das Verh\u00e4ltnis zwischen ihnen zu bestimmen diese Anzeigenimpressionen und Interaktionen mit den Anzeigendiensten verwendet Party-Cookies. Webseite; Es profitiert von Social Plugins, die Links zu sozialen Netzwerken wie Facebook und LinkedIn bereitstellen. Wenn Sie die Website besuchen und diese Plugins verwenden, verbindet sich die Website direkt mit dem Server des ausgew\u00e4hlten sozialen Netzwerks. Die durch das Plugin bereitgestellten Inhalte werden dann von den sozialen Netzwerken direkt an Ihren Webbrowser \u00fcbermittelt und in die von Ihnen besuchte Website eingef\u00fcgt. Dadurch kann das jeweilige soziale Netzwerk auf Ihre Daten zugreifen und diese verarbeiten und mit den Daten Ihres Accounts im jeweiligen sozialen Netzwerk zusammenf\u00fchren.<\/p>\n<p>Bitte beachten Sie, dass wir keinen Einfluss und keine Kontrolle \u00fcber den Umfang der Daten haben, die soziale Netzwerke \u00fcber Plugins verarbeiten. Bitte lesen Sie die von den jeweiligen sozialen Netzwerken ver\u00f6ffentlichten Richtlinien zur Verarbeitung personenbezogener Daten sorgf\u00e4ltig durch, um weitere Informationen zu Zweck, Methoden und Dauer der Verarbeitung Ihrer personenbezogenen Daten durch die sozialen Netzwerke zu erhalten.<\/p>\n<p>Die folgenden Cookies werden auf der Website verwendet:<\/p>\n<table>\n<tbody>\n<tr>\n<td><strong>Name des Cookies<\/strong><\/td>\n<td><strong>Verwendungszweck<\/strong><\/td>\n<td><strong>Nutzungsdauer<\/strong><\/td>\n<\/tr>\n<tr>\n<td>Google Analytics<\/td>\n<td>Google Analytics verwendet Cookies, um zu analysieren, wie Besucher die Website nutzen. Informationen \u00fcber Ihre Nutzung dieser Website (einschlie\u00dflich Ihrer IP-Adresse) werden an Google \u00fcbertragen und von Google auf Servern in den USA gespeichert. Google wird diese Informationen benutzen, um Ihre Nutzung der Website auszuwerten, um die Websiteaktivit\u00e4ten f\u00fcr das Unternehmen zusammenzustellen und um weitere mit der Websitenutzung und der Internetnutzung verbundene Dienstleistungen zu erbringen, wird Ihre IP-Adresse jedoch nicht mit anderen von Google gespeicherten Daten zusammenf\u00fchren. Weitere Informationen zur Verwendung von Google Analytics (einschlie\u00dflich Opt-Out-M\u00f6glichkeiten) finden Sie unter:\u00a0<a href=\"http:\/\/www.google.co.uk\/intl\/en\/analytics\/privacyoverview.html\" target=\"_blank\" rel=\"noopener\">http:\/\/www.google.co.uk\/intl\/en\/analytics\/privacyoverview.html<\/a>.<\/td>\n<td>Persistente Cookies<br \/>\nSitzungscookies<\/td>\n<\/tr>\n<tr>\n<td>Google Ads<\/td>\n<td>Google Ads verwendet Cookies, um Ihre sicheren Sucheinstellungen zu speichern, Ihnen relevantere Anzeigen zu zeigen, festzustellen, wie viele Besucher Sie auf eine Seite bekommen, Ihnen bei der Anmeldung f\u00fcr unsere Dienste zu helfen, Ihre Daten zu sch\u00fctzen oder sich an Ihre Anzeigeneinstellungen zu erinnern. Dies hilft der Website, Informationen \u00fcber Ihren Besuch zu speichern (z. B. Ihre bevorzugte Sprache und andere Einstellungen). Informationen \u00fcber Ihre Nutzung dieser Website (einschlie\u00dflich Ihrer IP-Adresse) werden an Google \u00fcbertragen und von Google auf Servern in den USA gespeichert. Google wird diese Informationen benutzen, um Ihre Nutzung der Website auszuwerten, um die Websiteaktivit\u00e4ten f\u00fcr das Unternehmen zusammenzustellen und um weitere mit der Websitenutzung und der Internetnutzung verbundene Dienstleistungen zu erbringen, wird Ihre IP-Adresse jedoch nicht mit anderen von Google gespeicherten Daten zusammenf\u00fchren. Weitere Informationen zur Verwendung von Google Ads-Cookies (einschlie\u00dflich Opt-out-M\u00f6glichkeiten) finden Sie unter:\u00a0<a href=\"https:\/\/policies.google.com\/privacy?hl=tr\" target=\"_blank\" rel=\"noopener\">https:\/\/policies.google.com\/privacy?hl=tr<\/a><\/td>\n<td>Persistente Cookies<br \/>\nSitzungscookies<\/td>\n<\/tr>\n<tr>\n<td>Facebook<\/td>\n<td>Facebook verwendet Cookies, wenn Sie ein Facebook-Konto haben, Facebook-Produkte verwenden, einschlie\u00dflich Websites und Anwendungen, oder Websites oder Anwendungen besuchen, die Facebook-Produkte verwenden (einschlie\u00dflich der Schaltfl\u00e4che \u201eGef\u00e4llt mir\u201c und anderer Facebook-Technologien). Cookies erm\u00f6glichen es Facebook, Ihnen Facebook-Produkte anzubieten und Informationen zu verstehen, die es \u00fcber Sie erh\u00e4lt, einschlie\u00dflich Ihrer Nutzung anderer Websites und Anwendungen, unabh\u00e4ngig davon, ob Sie registriert oder eingeloggt sind. Kekse; Es verwendet es f\u00fcr Identit\u00e4tspr\u00fcfung, Sicherheit und Website-Integrit\u00e4t, Werbung, Empfehlungen, Messung, Analyse und Berichterstattung. Weitere Informationen zur Verwendung von Facook-Cookies finden Sie unter:\u00a0<a href=\"https:\/\/tr-tr.facebook.com\/policies\/cookies\/\" target=\"_blank\" rel=\"noopener\">https:\/\/tr-tr.facebook.com\/policies\/cookies\/<\/a><\/td>\n<td>Persistente Cookies<br \/>\nSitzungscookies<\/td>\n<\/tr>\n<\/tbody>\n<\/table>\n<ol>\n<li><strong> Wie k\u00f6nnen Sie die Verwendung von Cookies verhindern?<\/strong><br \/>\nDurch die Verwendung von Cookies kann die Website besser bedient werden, aber Sie k\u00f6nnen die Verwendung von Cookies verhindern, wenn Sie dies w\u00fcnschen. <strong>Bitte beachten Sie jedoch, dass die Website in diesem Fall m\u00f6glicherweise nicht vollst\u00e4ndig funktioniert und Sie m\u00f6glicherweise nicht alle Funktionen nutzen k\u00f6nnen.<\/strong>Um die Verwendung von Cookies zu verhindern, m\u00fcssen Sie Ihre Einstellungen \u00e4ndern Internet-Browser, den Sie verwenden. Diese \u00c4nderungen variieren je nach Ger\u00e4t und Internetbrowser, den Sie verwenden. Nachfolgend finden Sie Informationen dar\u00fcber, welche Schritte befolgt werden sollten, um die Verwendung von Cookies in verschiedenen Internetbrowsern zu verhindern:<\/li>\n<\/ol>\n<ul>\n<li><strong> Internet Explorer<\/strong><br \/>\n1. \u00d6ffnen Sie den Desktop und tippen oder klicken Sie auf das Internet Explorer-Symbol in der Taskleiste.<br \/>\n2. Tippen oder klicken Sie auf die Schaltfl\u00e4che Extras und Internetoptionen.<br \/>\n3. Tippen oder klicken Sie auf die Registerkarte Datenschutz, bewegen Sie dann den Schieberegler unter Einstellungen nach oben und tippen oder klicken Sie auf die Schaltfl\u00e4che OK, um alle Cookies zu blockieren.<\/li>\n<li><strong> Microsoft Edge<\/strong><br \/>\n1. Klicken Sie auf den Abschnitt mit den drei Punkten in der oberen rechten Ecke Ihres Microsoft Edge-Browsers und gehen Sie zum Abschnitt Einstellungen.<br \/>\n2. Nachdem Sie im neu angezeigten Fenster Zu bereinigende Elemente ausw\u00e4hlen gesagt haben, w\u00e4hlen Sie im angezeigten Fenster die Abschnitte aus, die Sie bereinigen m\u00f6chten.<br \/>\n3. Hier gibt es viele Abschnitte. Sie k\u00f6nnen den Reinigungsvorgang starten, indem Sie den gew\u00fcnschten ausw\u00e4hlen.<\/li>\n<li><strong> Google Chrome<\/strong><br \/>\n1. \u00d6ffnen Sie Chrome auf Ihrem Computer.<br \/>\n2. Klicken Sie oben rechts auf Weitere Einstellungen.<br \/>\n3. Klicken Sie unten auf Erweitert.<br \/>\n4. Klicken Sie unter \u201eDatenschutz und Sicherheit\u201c auf Inhaltseinstellungen.<br \/>\n5. Klicken Sie auf Cookies.<br \/>\n6. Suchen Sie unter \u201eAlle Cookies und Websitedaten\u201c nach dem Namen der Website.<br \/>\n7. Klicken Sie rechts neben der Site auf das Symbol Deinstallieren<\/li>\n<li><strong> Mozilla Firefox<\/strong><br \/>\n1. Klicken Sie auf die Schaltfl\u00e4che Firefox-Men\u00fc und w\u00e4hlen Sie Optionen.<br \/>\n2. W\u00e4hlen Sie den Bereich \u201eDatenschutz &#038; Sicherheit\u201c und gehen Sie zum Abschnitt \u201eVerlauf\u201c.<br \/>\n3. \u00c4ndern Sie Firefox, um benutzerdefinierte Einstellungen f\u00fcr den Verlauf zu verwenden.<br \/>\n4. Klicken Sie auf die Schaltfl\u00e4che Cookies anzeigen&#8230;. Das Cookies-Fenster wird angezeigt.<br \/>\n5. Geben Sie im Feld Suchen: den Namen der Website ein, deren Cookies Sie l\u00f6schen m\u00f6chten. Cookies, die Ihrer Suche entsprechen, werden angezeigt.<br \/>\n6. W\u00e4hlen Sie die Cookies aus, die Sie l\u00f6schen m\u00f6chten, und klicken Sie auf die Schaltfl\u00e4che Ausgew\u00e4hlte l\u00f6schen.<br \/>\n7. Schlie\u00dfen Sie das Cookies-Fenster, indem Sie auf die Schaltfl\u00e4che Schlie\u00dfen klicken. Schlie\u00dfen Sie dann die Seite about:preferences<\/li>\n<li><strong> Safari<\/strong><br \/>\n1. Safari &gt; W\u00e4hlen Sie Einstellungen.<br \/>\n2. Klicken Sie auf Datenschutz.<br \/>\n3. Klicken Sie auf Website-Daten.<br \/>\n4. W\u00e4hlen Sie eine oder mehrere Websites aus und klicken Sie dann auf L\u00f6schen oder Alle l\u00f6schen.<\/li>\n<\/ul>\n<p>Weitere Informationen dazu, wie Sie dies in anderen g\u00e4ngigen Webbrowsern tun, finden Sie unter\u00a0<a href=\"https:\/\/www.esb.org.tr\/cerez-bellek\" target=\"_blank\" rel=\"noopener\">https:\/\/www.esb.org.tr\/cerez-bellek<\/a>\u00a0oder\u00a0<a href=\"https:\/\/www.aboutcookies.org\/\" target=\"_blank\" rel=\"noopener\">https:\/\/www.aboutcookies.org<\/a><\/p>\n<p>Sie k\u00f6nnen auch alle Cookies l\u00f6schen, die von den von Ihnen besuchten Websites \u00fcber Software von Drittanbietern hinterlassen wurden.<\/p>\n<ol>\n<li><strong> Kontaktiere uns<\/strong><br \/>\nSie k\u00f6nnen einen der Kommunikationswege unter der nachstehenden Adresse verwenden, um uns alle Ihre Fragen und Kommentare zu der Richtlinie zu senden.<\/li>\n<\/ol>\n<p>&nbsp;<\/p>\n","protected":false},"excerpt":{"rendered":"<p>Unsere Cookie-Richtlinie Drhilalselamet.com, im Besitz von Dr. Hilal Selamet\u00a0drhilalselamet.com\u00a0Wir verarbeiten personenbezogene Daten und verwenden Internet-Cookies, um unseren Besuchern ein besseres<\/p>\n","protected":false},"author":1,"featured_media":0,"parent":0,"menu_order":0,"comment_status":"closed","ping_status":"closed","template":"","meta":{"footnotes":""},"class_list":["post-9673","page","type-page","status-publish"],"_links":{"self":[{"href":"https:\/\/drhilalselamet.com\/de\/wp-json\/wp\/v2\/pages\/9673","targetHints":{"allow":["GET"]}}],"collection":[{"href":"https:\/\/drhilalselamet.com\/de\/wp-json\/wp\/v2\/pages"}],"about":[{"href":"https:\/\/drhilalselamet.com\/de\/wp-json\/wp\/v2\/types\/page"}],"author":[{"embeddable":true,"href":"https:\/\/drhilalselamet.com\/de\/wp-json\/wp\/v2\/users\/1"}],"replies":[{"embeddable":true,"href":"https:\/\/drhilalselamet.com\/de\/wp-json\/wp\/v2\/comments?post=9673"}],"version-history":[{"count":0,"href":"https:\/\/drhilalselamet.com\/de\/wp-json\/wp\/v2\/pages\/9673\/revisions"}],"wp:attachment":[{"href":"https:\/\/drhilalselamet.com\/de\/wp-json\/wp\/v2\/media?parent=9673"}],"curies":[{"name":"wp","href":"https:\/\/api.w.org\/{rel}","templated":true}]}}