{"id":9492,"date":"2022-02-20T20:34:47","date_gmt":"2022-02-20T20:34:47","guid":{"rendered":"https:\/\/drhilalselamet.com\/mund-zahn-und-kieferchirurgie\/zystenoperationen\/"},"modified":"2022-03-04T17:43:19","modified_gmt":"2022-03-04T17:43:19","slug":"zystenoperationen","status":"publish","type":"page","link":"https:\/\/drhilalselamet.com\/de\/mund-zahn-und-kieferchirurgie\/zystenoperationen\/","title":{"rendered":"Zystenoperationen"},"content":{"rendered":"<p>Zysten sind Gebilde, die feste und fl\u00fcssige Substanzen sowie ein entz\u00fcndetes Gewebe enthalten. Diese Formationen treten normalerweise in der Zahnwurzel und am Kieferknochen auf. Heimt\u00fcckische Zahnzysten schreiten oft langsam voran, ohne irgendwelche Symptome zu zeigen. Zahnzysten, die nicht rechtzeitig behandelt werden, verursachen nicht nur Probleme im Mund, sondern breiten sich auch auf Organe wie Herz und Niere aus und verursachen verschiedene Krankheiten. Es kann auch zu Gelenkerkrankungen kommen.<\/p>\n<h2>Warum entsteht eine Zahnzyste?<\/h2>\n<p>Zystenbildungen im Kieferknochen oder in der Zahnwurzel k\u00f6nnen unterschiedliche Ursachen haben. Zysten k\u00f6nnen durch Bakterienbildung infolge falscher Zahnoperationen und unzureichender Mundhygiene entstehen. Karies, die nicht rechtzeitig behandelt wird, kann auch zu Zahnzysten f\u00fchren.<\/p>\n<h2>Wie wird eine Zahnzyste erkannt?<\/h2>\n<p>Die Zyste im Kieferknochen und Zahn kann nicht leicht erkannt werden, es sei denn, sie verursacht Schmerzen und Schwellungen. An dieser Stelle haben diejenigen mehr Gl\u00fcck, die ihre zahn\u00e4rztlichen Kontrollen nicht unterbrechen und alle 6 Monate zur Untersuchung zum Zahnarzt gehen. Die Zystenbildung kann der Arzt mit Hilfe von detaillierten Untersuchungen, R\u00f6ntgenaufnahmen und anderen bildgebenden Verfahren leicht erkennen.<\/p>\n<p>Fortgeschrittene Zystenprobleme; Es verursacht Symptome wie Schmerzen, Taubheit im Gesicht und \u00dcberempfindlichkeit. Es kann auch zu einer Lockerung der Z\u00e4hne kommen.<\/p>\n<h2>Was passiert, wenn eine Zahnzyste nicht behandelt wird?<\/h2>\n<p>Wenn die notwendigen Schritte zur Behandlung von Zysten im Zahn nicht rechtzeitig unternommen werden, k\u00f6nnen schwerwiegende Probleme wie Kieferknochenbr\u00fcche auftreten. Zysten k\u00f6nnen die Kieferstruktur ernsthaft beeintr\u00e4chtigen, indem sie Osteoporose verursachen. Aus diesem Grund k\u00f6nnen Sie Schwierigkeiten haben, Ihren Mund zu \u00f6ffnen und Kontraktionen versp\u00fcren.<\/p>\n<h2>Kann eine Zahnzyste mit Medikamenten behandelt werden?<\/h2>\n<p>Es ist nicht m\u00f6glich, eine Zahnzyste mit Antibiotika und anderen Medikamenten zu behandeln. Eine Wurzelkanalbehandlung oder ein chirurgischer Eingriff sollte durchgef\u00fchrt werden, um die Zyste vollst\u00e4ndig aus dem Bereich zu entfernen.<\/p>\n<h2>Wie wird eine Zahnzyste behandelt?<\/h2>\n<p>Wenn sich die Zyste in der Zahnwurzel befindet, wird eine Zahnextraktion durchgef\u00fchrt. Eine K\u00fcrettagebehandlung kann auch in dem Bereich angewendet werden, in dem der Zahn extrahiert wurde, um die Zyste vollst\u00e4ndig zu reinigen. Befindet sich die Zyste im Kinn, wird sie chirurgisch entfernt. Bei der Entfernung von Kieferzysten kommen je nach Gr\u00f6\u00dfe der Zysten unterschiedliche Operationstechniken zum Einsatz.<\/p>\n<h2>Enukleationsmethode<\/h2>\n<p>Die Methode, bei der die Kieferzyste in einem St\u00fcck entfernt wird, nennt man Enukleation. Bei diesem Eingriff, der unter \u00f6rtlicher Bet\u00e4ubung und Vollnarkose durchgef\u00fchrt werden kann, wird der Bereich, in dem die Zyste entfernt wurde, mit Hilfe von N\u00e4hten verschlossen.<\/p>\n<h2>Marsupialisierungsmethode<\/h2>\n<p>Bei der Behandlung von Kinnzysten wird es mit zunehmender Gr\u00f6\u00dfe der Zyste schwierig, sie zu entfernen. Wenn es nicht m\u00f6glich ist, die Zyste in einem St\u00fcck zu entfernen, wird die Marsupialisationsmethode verwendet. Bei dieser Methode wird die Zyste zun\u00e4chst verkleinert und dann aus dem Bereich entfernt, in dem sie sich befindet. Die Fl\u00fcssigkeit in der Zyste wird abgelassen, um eine Schrumpfung sicherzustellen. Dieses Verfahren kann auch mit einer Drainage durchgef\u00fchrt werden, wenn die Gr\u00f6\u00dfe der Zyste gro\u00df ist.<\/p>\n<h2>Wurzelbehandlung<\/h2>\n<p>Im Falle einer Zystenbildung im Zahn kann es m\u00f6glich sein, mit einer Wurzelkanalbehandlung sowohl das Fortschreiten der Zyste zu stoppen als auch einen Zahnverlust zu verhindern. Bei der Wurzelkanalbehandlung wird der Eingriff durch das zur Zahnwurzel hin ge\u00f6ffnete Loch durchgef\u00fchrt. Infektionen, die durch die Zyste verursacht werden, und alle sch\u00e4dlichen Formationen werden w\u00e4hrend des Eingriffs gereinigt. Der wurzelkanalbehandelte Zahn wird durch die F\u00fcllung st\u00e4rker. Wenn der zystische Zahn durch eine Wurzelkanalbehandlung geheilt ist, muss der Zahn nicht extrahiert werden.<\/p>\n<h2>Tritt die Zahnzyste wieder auf?<\/h2>\n<p>Zahn- und Kieferzysten treten nach erfolgreicher Operation in der Regel nicht wieder auf. In jedem Fall ist es wichtig, dass Sie Ihre regelm\u00e4\u00dfigen zahn\u00e4rztlichen Kontrollen nicht verpassen, um nicht erneut auf ein solches Problem zu sto\u00dfen. Gleichzeitig k\u00f6nnen Sie einige Faktoren, die zur Zystenbildung f\u00fchren, beseitigen, indem Sie der Mundhygiene maximale Aufmerksamkeit schenken.<\/p>\n","protected":false},"excerpt":{"rendered":"<p>Zysten sind Gebilde, die feste und fl\u00fcssige Substanzen sowie ein entz\u00fcndetes Gewebe enthalten. Diese Formationen treten normalerweise in der Zahnwurzel<\/p>\n","protected":false},"author":1,"featured_media":0,"parent":9485,"menu_order":0,"comment_status":"closed","ping_status":"closed","template":"","meta":{"footnotes":""},"class_list":["post-9492","page","type-page","status-publish"],"_links":{"self":[{"href":"https:\/\/drhilalselamet.com\/de\/wp-json\/wp\/v2\/pages\/9492","targetHints":{"allow":["GET"]}}],"collection":[{"href":"https:\/\/drhilalselamet.com\/de\/wp-json\/wp\/v2\/pages"}],"about":[{"href":"https:\/\/drhilalselamet.com\/de\/wp-json\/wp\/v2\/types\/page"}],"author":[{"embeddable":true,"href":"https:\/\/drhilalselamet.com\/de\/wp-json\/wp\/v2\/users\/1"}],"replies":[{"embeddable":true,"href":"https:\/\/drhilalselamet.com\/de\/wp-json\/wp\/v2\/comments?post=9492"}],"version-history":[{"count":0,"href":"https:\/\/drhilalselamet.com\/de\/wp-json\/wp\/v2\/pages\/9492\/revisions"}],"up":[{"embeddable":true,"href":"https:\/\/drhilalselamet.com\/de\/wp-json\/wp\/v2\/pages\/9485"}],"wp:attachment":[{"href":"https:\/\/drhilalselamet.com\/de\/wp-json\/wp\/v2\/media?parent=9492"}],"curies":[{"name":"wp","href":"https:\/\/api.w.org\/{rel}","templated":true}]}}