{"id":9490,"date":"2022-02-20T20:32:56","date_gmt":"2022-02-20T20:32:56","guid":{"rendered":"https:\/\/drhilalselamet.com\/mund-zahn-und-kieferchirurgie\/impaktierte-zahnextraktion\/"},"modified":"2022-03-04T17:43:08","modified_gmt":"2022-03-04T17:43:08","slug":"impaktierte-zahnextraktion","status":"publish","type":"page","link":"https:\/\/drhilalselamet.com\/de\/mund-zahn-und-kieferchirurgie\/impaktierte-zahnextraktion\/","title":{"rendered":"Impaktierte Zahnextraktion"},"content":{"rendered":"<p>Insgesamt vier Weisheitsz\u00e4hne, zwei im Unterkiefer und zwei im Oberkiefer, k\u00f6nnen manchmal die Zahnfleischoberfl\u00e4che nicht vollst\u00e4ndig erreichen. Z\u00e4hne in diesem Zustand werden retinierte Z\u00e4hne genannt. W\u00e4hrend es Z\u00e4hne geben kann, die vollst\u00e4ndig unter der Zahnfleischschleimhaut liegen, gibt es auch Weisheitsz\u00e4hne, von denen einige es schaffen, an die Oberfl\u00e4che zu kommen. In diesem Fall wird die Position und Wurzelstruktur des Zahns mit einer zahn\u00e4rztlichen Bildgebung untersucht. Als Ergebnis der Untersuchung wird entschieden, die retinierten Z\u00e4hne zu entfernen, die andere Z\u00e4hne sch\u00e4digen, \u00e4sthetische Probleme verursachen und den Patienten st\u00f6ren.<\/p>\n<h2>Wie wird die Extraktion eines betroffenen Zahns durchgef\u00fchrt?<\/h2>\n<p>W\u00e4hrend der Extraktion des retinierten Zahns wird eine Lokalan\u00e4sthesie angewendet, um zu verhindern, dass der Patient Schmerzen und Leiden versp\u00fcrt. Diese Operation dauert l\u00e4nger als die normale Zahnextraktion, da sie mit chirurgischen Techniken durchgef\u00fchrt wird. Bei der Operation wird zun\u00e4chst das Knochengewebe um den Zahn herum entfernt. Wenn m\u00f6glich, wird der retinierte Zahn in einem St\u00fcck entfernt. In F\u00e4llen, in denen dies nicht m\u00f6glich ist, wird der Zahn in Teile geteilt und alle Teile einzeln entfernt. Nachdem alle Teile vollst\u00e4ndig entfernt sind, wird das Operationsgebiet durch N\u00e4hen verschlossen. Ihre F\u00e4den werden nach 7 bis 10 Tagen entfernt. Wenn das Blutgerinnsel nach der betroffenen Weisheitszahnextraktion im behandelten Bereich zusammenbricht, kann der Patient eine Alveolitis entwickeln.<\/p>\n<h2>Alveolitis-Bildung nach impaktierter Zahnextraktion<\/h2>\n<p>Alveolitis ist eine Entz\u00fcndung des behandelten Bereichs. Manchmal f\u00fchrt die Nichteinhaltung der Empfehlungen des Zahnarztes durch den Patienten nach dem Eingriff auch zur Bildung einer Alveolitis. Situationen wie das Eindringen von Fremdk\u00f6rpern in den Operationsbereich, Rauchen, Spucken, die zu einer Verschlechterung des Blutgerinnsels f\u00fchren, oder Eingriffe in den Bereich, in dem die Operation durchgef\u00fchrt wird; Es ist eine der Hauptursachen f\u00fcr die Bildung von Alveolitis. Das wichtigste Symptom einer Entz\u00fcndung sind starke Schmerzen. Gleichzeitig k\u00f6nnen Probleme wie unvollst\u00e4ndige Kiefer\u00f6ffnung, \u00dcberempfindlichkeit, Lymphknotenschwellung auftreten. In solchen F\u00e4llen sollten Sie unverz\u00fcglich Ihren Zahnarzt aufsuchen. Das Problem kann leicht \u00fcberwunden werden, indem der Bereich erneut mit Blut versorgt wird.<\/p>\n<h2>Wird es nach der Extraktion eines impaktierten Zahns zu einer Schwellung kommen?<\/h2>\n<p>Der Prozess nach der Extraktion eines impaktierten Zahns ist etwas schwieriger als die routinem\u00e4\u00dfige Zahnextraktion. Es ist normal, dass w\u00e4hrend dieses Vorgangs Schwellungen und eine gewisse Blutung auftreten. Nach der Operation k\u00f6nnen Sie die Schwellung etwas reduzieren, indem Sie in gewissen Abst\u00e4nden Eis auf die Wange legen.<\/p>\n<h2>Treten Schmerzen nach der Extraktion eines betroffenen Zahns auf?<\/h2>\n<p>Es ist normal, dass nach der Wirkung der Lokalan\u00e4sthesie, die w\u00e4hrend der Entfernung von Weisheitsz\u00e4hnen angewendet wird, Schmerzen auftreten. Die Schmerzen lassen nach 2-3 Tagen nach. Ihr Arzt schlie\u00dft auch Schmerzmittel in die Behandlung ein, damit die Schmerzen Ihr t\u00e4gliches Leben nicht beeintr\u00e4chtigen.<\/p>\n<h2>Ern\u00e4hrung nach impaktierter Zahnextraktion<\/h2>\n<p>Nach der Extraktion des impaktierten Zahns ist es notwendig, nichts zu essen oder zu trinken, bis die Wirkung der An\u00e4sthesie nachl\u00e4sst (f\u00fcr etwa 2 Stunden). Andernfalls kann der betroffene Bereich durch die Einwirkung von Taubheit gesch\u00e4digt werden. Nachdem die Auswirkungen der Schl\u00e4frigkeit vollst\u00e4ndig verschwunden sind, sollten Sie weiche Lebensmittel wie Joghurt und P\u00fcree zu sich nehmen. Beim Verzehr dieser Lebensmittel sollten niemals Strohhalme verwendet werden. Kohlens\u00e4urehaltige und s\u00e4urehaltige Getr\u00e4nke werden w\u00e4hrend des Heilungsprozesses ebenfalls nicht empfohlen. Wenn Sie anfangen, Ihren Kiefer bequem zu bewegen und die Schwellung im Mund zur\u00fcckgeht, k\u00f6nnen Sie allm\u00e4hlich zu fester Nahrung \u00fcbergehen.<\/p>\n<h2>Was ist nach der Extraktion eines retinierten Zahns zu beachten?<\/h2>\n<p>F\u00fcr den Erfolg der Operation ist es wichtig, in den ersten 24 Stunden nicht zu rauchen. Nach einer impaktierten Zahnoperation sollten Sie Ihre Mundhygiene aufrechterhalten. Sie k\u00f6nnen 24 Stunden nach der Operation mit dem Z\u00e4hneputzen beginnen, ohne das operierte Areal zu besch\u00e4digen. Nach der Operation sollten Sie die behandelte Stelle weder mit der Hand noch mit einem anderen Werkzeug ber\u00fchren.<\/p>\n<h2>Erholungszeit nach Extraktion des betroffenen Zahns<\/h2>\n<p>Der Genesungsprozess einer betroffenen Zahnoperation kann von Patient zu Patient unterschiedlich verlaufen. Inwieweit der Patient die Empfehlungen des Arztes befolgt, ist an dieser Stelle ein wichtiger Faktor. Es kann bis zu drei Wochen dauern, bis Symptome wie Schwellungen und Schmerzen vollst\u00e4ndig verschwinden. Das Knochengewebe im behandelten Bereich erholt sich etwas sp\u00e4ter. Knochengewebe kann bis zu 6 Monate brauchen, um zu heilen.<\/p>\n","protected":false},"excerpt":{"rendered":"<p>Insgesamt vier Weisheitsz\u00e4hne, zwei im Unterkiefer und zwei im Oberkiefer, k\u00f6nnen manchmal die Zahnfleischoberfl\u00e4che nicht vollst\u00e4ndig erreichen. Z\u00e4hne in diesem<\/p>\n","protected":false},"author":1,"featured_media":0,"parent":9485,"menu_order":0,"comment_status":"closed","ping_status":"closed","template":"","meta":{"footnotes":""},"class_list":["post-9490","page","type-page","status-publish"],"_links":{"self":[{"href":"https:\/\/drhilalselamet.com\/de\/wp-json\/wp\/v2\/pages\/9490","targetHints":{"allow":["GET"]}}],"collection":[{"href":"https:\/\/drhilalselamet.com\/de\/wp-json\/wp\/v2\/pages"}],"about":[{"href":"https:\/\/drhilalselamet.com\/de\/wp-json\/wp\/v2\/types\/page"}],"author":[{"embeddable":true,"href":"https:\/\/drhilalselamet.com\/de\/wp-json\/wp\/v2\/users\/1"}],"replies":[{"embeddable":true,"href":"https:\/\/drhilalselamet.com\/de\/wp-json\/wp\/v2\/comments?post=9490"}],"version-history":[{"count":0,"href":"https:\/\/drhilalselamet.com\/de\/wp-json\/wp\/v2\/pages\/9490\/revisions"}],"up":[{"embeddable":true,"href":"https:\/\/drhilalselamet.com\/de\/wp-json\/wp\/v2\/pages\/9485"}],"wp:attachment":[{"href":"https:\/\/drhilalselamet.com\/de\/wp-json\/wp\/v2\/media?parent=9490"}],"curies":[{"name":"wp","href":"https:\/\/api.w.org\/{rel}","templated":true}]}}