{"id":9487,"date":"2022-02-20T20:31:06","date_gmt":"2022-02-20T20:31:06","guid":{"rendered":"https:\/\/drhilalselamet.com\/mund-zahn-und-kieferchirurgie\/zahnextraktionen\/"},"modified":"2022-03-04T17:43:14","modified_gmt":"2022-03-04T17:43:14","slug":"zahnextraktionen","status":"publish","type":"page","link":"https:\/\/drhilalselamet.com\/de\/mund-zahn-und-kieferchirurgie\/zahnextraktionen\/","title":{"rendered":"Zahnextraktionen"},"content":{"rendered":"<p>Zahnextraktionen; Sie wird in F\u00e4llen wie Karies, Traumasch\u00e4den, Zahnfleischproblemen und Knochenresorption durchgef\u00fchrt. Eine kieferorthop\u00e4dische Behandlung kann auch ein Grund f\u00fcr eine Zahnextraktion sein, und Z\u00e4hne, die eine Behandlung verhindern, m\u00fcssen m\u00f6glicherweise extrahiert werden. Chirurgische Eingriffe k\u00f6nnen auch entsprechend dem Zustand des Zahns bei der Zahnextraktion durchgef\u00fchrt werden. Sofern keine solche Situation vorliegt, ist die Zahnextraktion ein \u00e4u\u00dferst einfacher Vorgang.<\/p>\n<p>Bei prothetischen Anwendungen m\u00fcssen m\u00f6glicherweise einige oder alle vorhandenen Z\u00e4hne extrahiert werden. Bei Patienten mit ausgedehntem Zahnverlust k\u00f6nnen intakte Z\u00e4hne f\u00fcr die Anwendung von Vollprothesen extrahiert werden. Kommt es aufgrund eines Traumas zu einem Bruch des Kieferknochens oder der Zahnwurzel, werden die Z\u00e4hne gezogen, die mit einer anderen Behandlung nicht zu retten sind.<\/p>\n<h2>Wie wird eine Zahnextraktion durchgef\u00fchrt?<\/h2>\n<p>W\u00e4hrend der routinem\u00e4\u00dfigen Zahnextraktion wird ein Greifwerkzeug namens Pinzette verwendet. Der mit diesem Werkzeug gefasste Zahn wird hin und her bewegt und vom Kieferknochen getrennt. Da der zu behandelnde Bereich mit \u00f6rtlicher Bet\u00e4ubung bet\u00e4ubt wird, versp\u00fcrt der Patient keine Schmerzen oder Schmerzen, w\u00e4hrend der Zahn gezogen wird.<\/p>\n<h2>Dinge, die vor der Zahnextraktion zu tun sind<\/h2>\n<p>Die Zahnextraktion ist ein Verfahren, das bestimmte Verfahren vor und nach dem Eingriff erfordert. Im ersten Schritt erfolgt eine ausf\u00fchrliche intraorale Untersuchung des Patienten durch den Zahnarzt. Der Problembereich wird durch Anh\u00f6ren der Beschwerden des Patienten bestimmt. Dabei werden auch dentale Bildgebungstechnologien unterst\u00fctzt.<\/p>\n<p>&nbsp;<\/p>\n<p>Besteht eine Situation, die eine Zahnextraktion erfordert, wird untersucht, ob im Bereich des Zahnes eine Entz\u00fcndung vorliegt. Bei solchen Problemen wird der Eingriff durchgef\u00fchrt, nachdem die Entz\u00fcndung mit einer Antibiotikabehandlung vor der Zahnextraktion beseitigt wurde.<\/p>\n<h2>Weisheitszahnextraktion<\/h2>\n<p>Weisheitsz\u00e4hne sind 2 im Unterkiefer und 2 im Oberkiefer, also insgesamt vier. Wenn sich diese Z\u00e4hne normal entwickeln, kommen sie im Alter von 25 Jahren vollst\u00e4ndig heraus. Weisheitsz\u00e4hne k\u00f6nnen in einigen F\u00e4llen nicht an die Oberfl\u00e4che kommen, indem sie unter dem Zahnfleisch oder Kieferknochen bleiben, was starke Schmerzen verursacht. Auch wenn sie herauskommen, k\u00f6nnen Weisheitsz\u00e4hne vorhanden sein, die auf andere Z\u00e4hne dr\u00fccken und in die Wange einsinken. Mit einer ausf\u00fchrlichen Untersuchung und zahn\u00e4rztlichen Bildgebung durch Ihren Zahnarzt kann eine normale Zahnextraktion oder ein chirurgischer Eingriff f\u00fcr die Weisheitszahnextraktion entschieden werden.<\/p>\n<h2>Impaktierte Zahnextraktion<\/h2>\n<p>Wenn der Weisheitszahn betroffen ist, wird eine chirurgische Operation entschieden. W\u00e4hrend dieser Operation wird der Komfort des Patienten durch die Anwendung einer Lokalan\u00e4sthesie erh\u00f6ht. Nachdem die Taubheit erreicht ist, wird das den Zahn umgebende Knochengewebe entfernt. Bei geeigneter Wurzelstruktur wird der Zahn in einem St\u00fcck extrahiert. Andernfalls entfernt der Zahnarzt den Zahn teilweise und verschlie\u00dft das Operationsgebiet durch N\u00e4hen. Die F\u00e4den werden nach etwa 10 Tagen entfernt, indem die Gingivafusion sichergestellt wird.<\/p>\n<h2>Was tun nach der Zahnextraktion?<\/h2>\n<p>In den ersten zwei Stunden nach der routinem\u00e4\u00dfigen Zahnextraktion und Weisheitszahnextraktion sollten Sie nichts essen und trinken. Wenn die Weisheitszahnextraktion mit einem chirurgischen Eingriff durchgef\u00fchrt wurde, kann die Schwellung, die nach der Wirkung der An\u00e4sthesie auftritt, st\u00e4rker sein. Aus diesem Grund k\u00f6nnen Sie Schwellungen reduzieren, indem Sie Eiskompressen herstellen. Bis zum Abklingen der Schwellung sollte auf den Verzehr von sehr harten Speisen verzichtet werden. Eine gewisse Blutung gilt bei beiden Operationen als normal. Bei verst\u00e4rkten Blutungen sollten Sie sich unverz\u00fcglich an Ihren Arzt wenden. Sie k\u00f6nnen die Blutung reduzieren, indem Sie beim Schlafen ein Kissen unter den Kopf legen.<\/p>\n<p>Nach dem Eingriff tritt im Bereich der Zahnextraktion ein Gerinnsel auf. Es ist \u00e4u\u00dferst wichtig, dass die Struktur dieses Gerinnsels nicht verschlechtert wird, um die Bildung von Entz\u00fcndungen zu verhindern. Sie sollten Ihren Mund nicht mit Wasser aussp\u00fclen, bis die Heilung erreicht ist. Auch starkes Spucken sollten Sie vermeiden. Die regelm\u00e4\u00dfige Anwendung der von Ihrem Arzt verschriebenen Medikamente beschleunigt den Heilungsprozess. Nach der Zahnextraktion m\u00fcssen Sie die Mundhygiene aufrechterhalten. Sie k\u00f6nnen 24 Stunden nach einer normalen Zahnextraktion und chirurgischen Eingriffen mit dem Z\u00e4hneputzen beginnen. Ihre Zahnb\u00fcrste, Zahnseide oder Interface-B\u00fcrste; Sie sollten darauf achten, den Extraktionsbereich nicht zu ber\u00fchren, bis die Heilung erreicht ist.<\/p>\n","protected":false},"excerpt":{"rendered":"<p>Zahnextraktionen; Sie wird in F\u00e4llen wie Karies, Traumasch\u00e4den, Zahnfleischproblemen und Knochenresorption durchgef\u00fchrt. Eine kieferorthop\u00e4dische Behandlung kann auch ein Grund f\u00fcr<\/p>\n","protected":false},"author":1,"featured_media":0,"parent":9485,"menu_order":0,"comment_status":"closed","ping_status":"closed","template":"","meta":{"footnotes":""},"class_list":["post-9487","page","type-page","status-publish"],"_links":{"self":[{"href":"https:\/\/drhilalselamet.com\/de\/wp-json\/wp\/v2\/pages\/9487","targetHints":{"allow":["GET"]}}],"collection":[{"href":"https:\/\/drhilalselamet.com\/de\/wp-json\/wp\/v2\/pages"}],"about":[{"href":"https:\/\/drhilalselamet.com\/de\/wp-json\/wp\/v2\/types\/page"}],"author":[{"embeddable":true,"href":"https:\/\/drhilalselamet.com\/de\/wp-json\/wp\/v2\/users\/1"}],"replies":[{"embeddable":true,"href":"https:\/\/drhilalselamet.com\/de\/wp-json\/wp\/v2\/comments?post=9487"}],"version-history":[{"count":0,"href":"https:\/\/drhilalselamet.com\/de\/wp-json\/wp\/v2\/pages\/9487\/revisions"}],"up":[{"embeddable":true,"href":"https:\/\/drhilalselamet.com\/de\/wp-json\/wp\/v2\/pages\/9485"}],"wp:attachment":[{"href":"https:\/\/drhilalselamet.com\/de\/wp-json\/wp\/v2\/media?parent=9487"}],"curies":[{"name":"wp","href":"https:\/\/api.w.org\/{rel}","templated":true}]}}