{"id":9485,"date":"2022-02-20T20:29:43","date_gmt":"2022-02-20T20:29:43","guid":{"rendered":"https:\/\/drhilalselamet.com\/mund-zahn-und-kieferchirurgie\/"},"modified":"2022-03-04T17:43:02","modified_gmt":"2022-03-04T17:43:02","slug":"mund-zahn-und-kieferchirurgie","status":"publish","type":"page","link":"https:\/\/drhilalselamet.com\/de\/mund-zahn-und-kieferchirurgie\/","title":{"rendered":"Mund-, Zahn- und Kieferchirurgie"},"content":{"rendered":"<p>Die Mund-, Zahn- und Kieferchirurgie ist, wie der Name schon sagt, eine Abteilung, in der umfassende Behandlungen durchgef\u00fchrt werden. In diesem Abschnitt, wo der Umfang der angebotenen Behandlungsdienste extrem breit ist; Die Behandlung vieler Beschwerden wie einfache bis komplizierte Zahnextraktionen, impaktierte Weisheits- und Eckzahnextraktionen, Implantat- und Zystenoperationen, Kieferfrakturen, Lippen-Gaumen-Spalten und Kieferstrukturst\u00f6rungen werden angeboten. Je nach Zustand des Patienten und Entscheidung des Arztes wird bei chirurgischen Eingriffen eine \u00f6rtliche Bet\u00e4ubung oder eine Vollnarkose angewendet.<\/p>\n<p>Eines der ersten Probleme, die einem bei der Kieferchirurgie in den Sinn kommen, sind die Weisheitsz\u00e4hne. Da die Zahl der \u00f6ffentlichen Krankenh\u00e4user mit Fach\u00e4rzten f\u00fcr Kieferchirurgie gering ist, suchen die Menschen nach einer privaten Poliklinik, die sie dabei unterst\u00fctzt. Im weiteren Verlauf unseres Artikels k\u00f6nnen Sie sich genauer dar\u00fcber informieren, welche Erkrankungen bei Ihnen durch Mund-, Zahn- und Kieferchirurgie behandelt werden k\u00f6nnen.<\/p>\n<h2>Zahnextraktionen<\/h2>\n<p>Die Zahnextraktion kann aufgrund von Problemen in der Struktur oder Wurzel des Zahns zu einem komplizierten Verfahren werden. Das Durchbrechen des Teils des Zahns unter der Gingiva und das Entfernen der Zahnwurzel durch einen chirurgischen Eingriff ist ein komplizierter Eingriff. Dieser chirurgische Eingriff wird unter \u00f6rtlicher Bet\u00e4ubung durchgef\u00fchrt. Nachdem das Zahnfleisch ge\u00f6ffnet ist, wird die gebrochene Wurzel entfernt und der ge\u00f6ffnete Teil mit Hilfe von N\u00e4hten geschlossen.<\/p>\n<h2>Impaktierte Zahnoperation<\/h2>\n<p>Eine retinierte Zahnoperation wird in F\u00e4llen durchgef\u00fchrt, in denen die Weisheitsz\u00e4hne teilweise \u00fcber das Zahnfleisch hinausragen oder gar nicht herauskommen k\u00f6nnen. Weisheitsz\u00e4hne, auch dritte Molaren genannt, k\u00f6nnen Beschwerden verursachen, indem sie die Wange ber\u00fchren oder andere Z\u00e4hne kneifen, selbst wenn sie herauskommen. Solange es keine Probleme gibt, m\u00fcssen diese Z\u00e4hne nicht entfernt werden.<\/p>\n<p>Sedierung, Lokalan\u00e4sthesie, Vollnarkose k\u00f6nnen w\u00e4hrend der Weisheitszahnoperation durchgef\u00fchrt werden, auch wenn dies nicht sehr oft der Fall ist. Sedierung wird f\u00fcr Patienten bevorzugt, die ihre Angst nicht loswerden und ihre Angst nicht \u00fcberwinden k\u00f6nnen. W\u00e4hrend der Sedierung befindet sich der Patient in einem Tiefschlafzustand, obwohl er bei Bewusstsein ist.<\/p>\n<p>Bei der eingebetteten Weisheitszahnoperation wird die Gingiva ge\u00f6ffnet, nachdem der Bereich bet\u00e4ubt wurde, und der Zahn wird entfernt, nachdem der umgebende Knochen entfernt wurde. In einigen F\u00e4llen ist es nicht m\u00f6glich, den Zahn in einem St\u00fcck zu entfernen. Aus diesem Grund entfernt der Arzt nach und nach alle Teile und schlie\u00dft den Vorgang durch Vern\u00e4hen im letzten Schritt ab. Stiche werden nach einer Woche oder 10 Tagen entfernt.<\/p>\n<p>Nach der Operation stellt Ihr Arzt ein Rezept aus. Dieses Rezept enth\u00e4lt Antibiotika, Schmerzmittel und Mundwasser, die Sie 5 Tage lang verwenden werden. Das Anwenden von K\u00e4lte auf den Operationsbereich minimiert die auftretende Schwellung. Nach der Operation sollten Sie auf das Rauchen achten und Ihre Mundhygiene pflegen, damit sich der Bereich nicht entz\u00fcndet.<\/p>\n<h2>Implantatbehandlung<\/h2>\n<p>Die Implantatbehandlung zielt darauf ab, dem Patienten einen neuen Zahn zu geben, wobei zun\u00e4chst die k\u00fcnstliche Wurzel eingesetzt und die Verblendung nach den verlorenen Z\u00e4hnen angefertigt werden soll. Dabei werden Produkte aus Titanmaterial als Wurzeln verwendet. Nach dem Einsetzen der Wurzel muss ein Zeitraum von 2 bis 6 Monaten abgewartet werden, bis die Beschichtung aufgetragen wird. Hier sind die Faktoren, die die Dauer bestimmen; schlechte Angewohnheiten, Mundhygiene und Knochenstruktur.<\/p>\n<p>Es ist wichtig, dass die Knochenstruktur des Patienten f\u00fcr eine Implantatbehandlung geeignet ist. Bei starkem Knochenschwund kann der Knochenaufbau durch k\u00fcnstliche Transplantate erreicht werden. Wenn Knochentransplantate verwendet werden, ist die Wartezeit f\u00fcr die Knochenfusion l\u00e4nger. Je nach verwendeter Technik und bevorzugtem Transplantat kann die Wartezeit bis zu 8 Monate dauern. Die am Ende der Wartezeit anzufertigenden Prothesen haben ein \u00e4sthetisches Erscheinungsbild, das der Mundstruktur des Patienten entspricht. Die zu verwendenden Prothesen k\u00f6nnen je nach gemeinsamer Entscheidung von Patient und Arzt metallgest\u00fctztes Porzellan oder Zirkonium sein.<\/p>\n<h2>Behandlung von Abszessen und Zysten<\/h2>\n<p>Abszesse k\u00f6nnen aus verschiedenen Gr\u00fcnden im Mund auftreten, z. B. wenn Karies \u00fcber einen l\u00e4ngeren Zeitraum nicht behandelt wird oder die Mundhygiene nicht beachtet wird. Abszesse, die mit der Anh\u00e4ufung von Entz\u00fcndungen auftreten; Sie \u00e4u\u00dfert sich mit Symptomen wie Schmerzen, Fieber, Schwellungen und Druckempfindlichkeit. Da Zahnabszess eine Infektion ist, ist es ein Zustand, der nicht vernachl\u00e4ssigt werden sollte. Wenn sich die Infektion ausbreitet, kann es zu ernsthaften lebensbedrohlichen Situationen kommen. Zysten enthalten Feststoffe, Luft und Fl\u00fcssigkeit. Da die Zysten von vornherein keine Schmerzen verursachen, werden sie m\u00f6glicherweise nicht bemerkt. Es kann zu einer Kieferknochenvergr\u00f6\u00dferung, einem Verlust des Gesichtsgef\u00fchls und einer Entstellung anderer Z\u00e4hne f\u00fchren. Zahnzysten m\u00fcssen rechtzeitig behandelt werden.<\/p>\n<h2>Tumorbehandlung<\/h2>\n<p>Tumore sind L\u00e4sionen, die in den Weichteilen des Mundes auftreten. Tumorsymptome k\u00f6nnen sich auch im \u00e4u\u00dferen Teil des Gesichts widerspiegeln und ein schlechtes Aussehen verursachen. Andere Symptome k\u00f6nnen als Taubheitsgef\u00fchl in der Unterlippe, Schluckbeschwerden, Zittern der Z\u00e4hne und Bluten im Mund aufgef\u00fchrt werden. Erkrankungen wie mangelnde Mundhygiene, \u00fcberm\u00e4\u00dfiger Alkohol- und Zigarettenkonsum sowie l\u00e4ngere ungesch\u00fctzte Sonneneinstrahlung k\u00f6nnen Kiefertumoren verursachen. Der Zustand dieser L\u00e4sionen, die gutartig oder b\u00f6sartig sein k\u00f6nnen, wird als Ergebnis der pathologischen Beurteilung bestimmt. Wenn es gutartig ist, wird das Problem durch eine Operation gel\u00f6st, aber bei b\u00f6sartigen Tumoren werden verschiedene Methoden wie Chemotherapie und Strahlentherapie angewendet.<\/p>\n<h2>Kieferknochen- und Gesichtsfrakturen<\/h2>\n<p>Kieferknochenbr\u00fcche und andere Frakturen im Gesichtsbereich entstehen durch \u00e4u\u00dfere Schl\u00e4ge. Solche Frakturen verursachen sehr ernsthafte Probleme. Es wird sehr schwierig zu atmen, zu sprechen und sogar zu essen. Frakturen im Gesichtsbereich werden \u00e4hnlich behandelt wie Frakturen an anderen K\u00f6rperstellen. Damit die gebrochenen Knochen miteinander verschmelzen k\u00f6nnen, m\u00fcssen sie eine gewisse Zeit still stehen. Dazu wird gewickelt und in fortgeschrittenen F\u00e4llen eine Drahtapplikation bevorzugt. Die Heilung eines Kieferknochenbruchs dauert etwa 6 Wochen. Nach dem Heilungsprozess sollte der Patient vorsichtig sein und keine \u00fcberm\u00e4\u00dfig feste Nahrung zu sich nehmen.<\/p>\n<h2>Lippen-Gaumenspalte<\/h2>\n<p>Lippen-Kiefer-Gaumenspalten sind eine Entwicklungsst\u00f6rung, die im Mutterleib auftritt. Die Lippen-Kiefer-Entwicklung, die in den ersten 12 Wochen abgeschlossen ist, bleibt bei manchen Babys unvollst\u00e4ndig. Diese Situation kann mit genetischen Faktoren zusammenh\u00e4ngen, sowie mit schlechten Gewohnheiten der Mutter, Vitaminmangel, fortgeschrittenem Alter der Mutter und Blutsverwandtschaft. Studien haben gezeigt, dass dieses Problem bei einem von tausend Babys auftritt. Mindestens 3 Monate alt, damit sich das Baby einer Lippenspaltenoperation unterziehen kann; Bei einer Gaumenspalte sollte es mindestens 7 Monate alt sein. Gleichzeitig kann je nach Gr\u00f6\u00dfe der Spalte vor der Operation ein kieferorthop\u00e4discher Eingriff erforderlich sein. Mit diesem Eingriff wird die Spalte verengt.<\/p>\n<h2>Speicheldr\u00fcsenerkrankungen<\/h2>\n<p>Es gibt verschiedene Arten von Speicheldr\u00fcsenerkrankungen wie Tumore, Infektionen und Steine. Infektionen sind am einfachsten zu behandeln. Infektionen, die in Form von einseitigen Schwellungen, R\u00f6tungen und Druckempfindlichkeit auftreten, k\u00f6nnen mit einer vom Arzt empfohlenen Antibiotikabehandlung beseitigt werden. Infektionen verursachen Schmerzen im Bereich, in dem sie gefunden werden, und sind daher leicht zu diagnostizieren. Eine Speicheldr\u00fcseninfektion verursacht auch Mundtrockenheit.<\/p>\n<p>Tumore sind im Vergleich zu Infektionen eine viel ernstere Erkrankung. Dementsprechend \u00e4ndert sich auch die Behandlungsmodalit\u00e4t von Tumoren, die als gutartig und b\u00f6sartig eingestuft werden. Es besteht die Gefahr, dass sie vom Patienten zu sp\u00e4t bemerkt werden, da sie langsamer wachsen und keine Schmerzen verursachen. Um festzustellen, ob der Tumor gutartig oder b\u00f6sartig ist, werden intraorale bildgebende Verfahren verwendet und eine Biopsie auf den Bereich angewendet.<\/p>\n<h2>Kieferstrukturst\u00f6rungen<\/h2>\n<p>Auch die Behandlung von Kieferstrukturst\u00f6rungen, die Funktionen wie Sprechen und Essen erschweren, geh\u00f6rt in den Bereich der Mund-, Zahn- und Kieferchirurgie. St\u00f6rungen; Unter- oder Oberkiefer ist anterior-posterior, einer der beiden ist weniger entwickelt, die Kinnspitze ist klein-gro\u00df usw. so wie es aussieht. Es ist m\u00f6glich, einige Probleme mit Zahnspangen zu behandeln. In F\u00e4llen, in denen dies nicht m\u00f6glich ist, werden chirurgische Eingriffe, die als orthognathe bezeichnet werden und zusammen mit kieferorthop\u00e4dischen Behandlungen angewendet werden, durchgef\u00fchrt. Ein kieferorthop\u00e4discher Eingriff wird durchgef\u00fchrt, damit die Z\u00e4hne vor der Operation, die bei einer kieferorthop\u00e4dischen Behandlung durchgef\u00fchrt werden soll, die richtige Position erreichen. Kieferorthop\u00e4dische Anwendungen werden nach der Operation fortgesetzt.<\/p>\n<p>&nbsp;<\/p>\n<p>Die Zahnklinik DentaVina unterst\u00fctzt Sie durch ihre Fach\u00e4rzte bei der Behandlung von Erkrankungen, die in den Bereich der Mund-, Kiefer- und Gesichtschirurgie fallen. Um die Erkrankung fr\u00fchzeitig zu erkennen, sollte der Zahnarzt Ihre Untersuchung nicht verz\u00f6gern; Sp\u00e4testens alle 6 Monate sollten Sie zur Kontrolle kommen. Damit die Behandlungen erfolgreich sind, ist es wichtig, den Rat Ihres Arztes zu befolgen und Ihre Medikamente regelm\u00e4\u00dfig einzunehmen. Sie k\u00f6nnen sich in unserer Klinik, in der die neuesten bildgebenden Ger\u00e4te zur Verf\u00fcgung stehen, behandeln lassen, indem Sie sofort einen Termin vereinbaren.<\/p>\n","protected":false},"excerpt":{"rendered":"<p>Die Mund-, Zahn- und Kieferchirurgie ist, wie der Name schon sagt, eine Abteilung, in der umfassende Behandlungen durchgef\u00fchrt werden. In<\/p>\n","protected":false},"author":1,"featured_media":0,"parent":0,"menu_order":0,"comment_status":"closed","ping_status":"closed","template":"","meta":{"footnotes":""},"class_list":["post-9485","page","type-page","status-publish"],"_links":{"self":[{"href":"https:\/\/drhilalselamet.com\/de\/wp-json\/wp\/v2\/pages\/9485","targetHints":{"allow":["GET"]}}],"collection":[{"href":"https:\/\/drhilalselamet.com\/de\/wp-json\/wp\/v2\/pages"}],"about":[{"href":"https:\/\/drhilalselamet.com\/de\/wp-json\/wp\/v2\/types\/page"}],"author":[{"embeddable":true,"href":"https:\/\/drhilalselamet.com\/de\/wp-json\/wp\/v2\/users\/1"}],"replies":[{"embeddable":true,"href":"https:\/\/drhilalselamet.com\/de\/wp-json\/wp\/v2\/comments?post=9485"}],"version-history":[{"count":0,"href":"https:\/\/drhilalselamet.com\/de\/wp-json\/wp\/v2\/pages\/9485\/revisions"}],"wp:attachment":[{"href":"https:\/\/drhilalselamet.com\/de\/wp-json\/wp\/v2\/media?parent=9485"}],"curies":[{"name":"wp","href":"https:\/\/api.w.org\/{rel}","templated":true}]}}