{"id":9483,"date":"2022-02-20T20:27:53","date_gmt":"2022-02-20T20:27:53","guid":{"rendered":"https:\/\/drhilalselamet.com\/implantatbehandlung\/implantatgestuetzte-prothese\/"},"modified":"2022-03-04T17:42:17","modified_gmt":"2022-03-04T17:42:17","slug":"implantatgestuetzte-prothese","status":"publish","type":"page","link":"https:\/\/drhilalselamet.com\/de\/implantatbehandlung\/implantatgestuetzte-prothese\/","title":{"rendered":"Implantatgest\u00fctzte Prothese"},"content":{"rendered":"<p>Implantatprothesen sind Z\u00e4hne, die aus unterschiedlichen Materialien wie Zirkonium oder Porzellan hergestellt und an die Mundstruktur des Patienten angepasst werden. Prothesen werden mit Hilfe von Implantaten getragen. Es werden zwei Arten von Prothesen hergestellt, festsitzende und bewegliche. Welcher Prothesentyp \u00fcber dem Implantat wird verwendet? Sie richtet sich nach der Beschaffenheit des Mundes, den Anspr\u00fcchen des Patienten und den Untersuchungen des Arztes.<\/p>\n<p>Bei einigen Patienten kann aufgrund von herausnehmbarem Zahnersatz \u00dcbelkeit auftreten. Gleichzeitig ist die schwierige Reinigung von herausnehmbaren Prothesen eine weitere Situation, vor der Patienten Angst haben. Bei festsitzendem Zahnersatz treten diese Probleme nicht auf. Diese Prothesen, die auf die Implantate zementiert oder geschraubt werden und nicht entfernt werden k\u00f6nnen, bieten dem Patienten eine komfortable Anwendung.<\/p>\n<h2>Herausnehmbarer Zahnersatz auf Implantaten<\/h2>\n<p>Abnehmbarer Zahnersatz auf Implantatbasis wird bei vollst\u00e4ndigem Zahnverlust und Knochenabbau bevorzugt. Da sich bei Patienten mit klassischen Prothesen der Kieferknochen im Laufe der Zeit resorbiert und diese Prothesen pl\u00f6tzlich aus dem Mund der Patienten herausfallen, werden auch herausnehmbare Prothesen durch Implantate gest\u00fctzt. Auf diese Weise kann der Patient die Prothese bequemer verwenden. Herausnehmbare Prothesen sollten mehrmals t\u00e4glich herausgenommen und gereinigt werden. Diese Prothesen sollten w\u00e4hrend des Schlafens nicht im Mund sein.<\/p>\n<h2>Festsitzende Implantatprothese<\/h2>\n<p>Festsitzender Zahnersatz auf Implantaten wird im Mund mit klassischen Implantatanwendungen oder All-in-Four- und All-On-Six-Methoden eingesetzt. Patienten mit Osteoporose, die ihre Z\u00e4hne vollst\u00e4ndig verloren haben, k\u00f6nnen mit diesen Techniken Z\u00e4hne bekommen. Bei allen vier und allen sechs Methoden werden dem Patienten unmittelbar nach der Operation provisorische Prothesen angebracht. Nach 3 Monaten wird der festsitzende Zahnersatz in den Mund eingesetzt. Festsitzender Zahnersatz kann sehr komfortabel verwendet werden, wenn er von einem erfahrenen Zahnarzt angewendet wird. Bei richtiger Mundhygiene wird der Entstehung von Zahnfleischerkrankungen rund um die Prothese vorgebeugt.<\/p>\n<h2>Wie werden Implant-Top-Prothesen angewendet?<\/h2>\n<p>Der Osseointegrationsprozess muss abgeschlossen sein, um festsitzende implantatgetragene Prothesen anzubringen. Nach dem Einsetzen des Implantats wird eine Osseointegration zwischen 2 und 6 Monaten erwartet. Nach erfolgter Osseointeration ist es an der Zeit, die Gingivaformer aufzusetzen. Dank dieser Kappen ist die Compliance der Zahnfleischprothese einfacher und es wird ein \u00e4sthetisches Erscheinungsbild erzielt. Nach dem Anbringen der Einheilkappen muss eine Woche vergehen, damit die Prothese eingesetzt werden kann.<\/p>\n<h2>Sollte Porzellan oder Zirkonium bei Implantaten bevorzugt werden?<\/h2>\n<p>Die Entwicklung der Technologie erm\u00f6glicht es, Z\u00e4hne aus verschiedenen Materialien herzustellen und ihr Aussehen dem echten Zahn nahe zu bringen. Porzellan und Zirkonium sind die am meisten bevorzugten Prothesenz\u00e4hne. Zirkonium ist ein teureres Material. Mit Zirkonium hergestellte Prothesen zeigen eine \u00e4sthetischere und nat\u00fcrlichere Haltung. Gleichzeitig gelingt Zirkon besser an der Stelle der Harmonie mit der Gingiva. Zirkonium wird auch wegen seiner wei\u00dfen Farbe bevorzugt.<\/p>\n<h2>Wie pflegt man implantatgest\u00fctzte Prothesen?<\/h2>\n<p>Herausnehmbare Prothesen sind schwieriger zu pflegen als festsitzende. Die Reinigung dieser Prothese nach jeder Mahlzeit ist f\u00fcr eine gesunde Nutzung \u00e4u\u00dferst wichtig. Die Prothese sollte unter Wasser gehalten und Essensreste mit einer weichen B\u00fcrste entfernt werden. Bei diesem Vorgang kann auch Seife verwendet werden, jedoch sollte der Reinigungsvorgang ohne zu gro\u00dfen Druck durchgef\u00fchrt werden. Bei festsitzendem Zahnersatz sollte eine \u00e4hnliche Routine wie bei normalen Z\u00e4hnen eingehalten werden. Es sollte darauf geachtet werden, zweimal t\u00e4glich zu putzen, Zahnseide zu verwenden und eine Zwischenb\u00fcrste zu verwenden.<\/p>\n<h2>Was ist nach der Implantation einer prothetischen Versorgung zu beachten?<\/h2>\n<p>Nach der Anwendung sollten Sie unter anderem in regelm\u00e4\u00dfigen Abst\u00e4nden Ihren Zahnarzt aufsuchen. Dank regelm\u00e4\u00dfiger \u00e4rztlicher Kontrolle werden auftretende Probleme am Prothesen- oder Implantatteil rechtzeitig diagnostiziert. Auf diese Weise kann das Problem gel\u00f6st werden, ohne Ihren Prothesenzahn und Ihr Implantat zu besch\u00e4digen. F\u00fcr implantatgetragenen Zahnersatz, der f\u00fcr ein \u00e4sthetisches L\u00e4cheln sorgt, k\u00f6nnen Sie gleich einen Termin vereinbaren.<\/p>\n","protected":false},"excerpt":{"rendered":"<p>Implantatprothesen sind Z\u00e4hne, die aus unterschiedlichen Materialien wie Zirkonium oder Porzellan hergestellt und an die Mundstruktur des Patienten angepasst werden.<\/p>\n","protected":false},"author":1,"featured_media":0,"parent":9471,"menu_order":0,"comment_status":"closed","ping_status":"closed","template":"","meta":{"footnotes":""},"class_list":["post-9483","page","type-page","status-publish"],"_links":{"self":[{"href":"https:\/\/drhilalselamet.com\/de\/wp-json\/wp\/v2\/pages\/9483","targetHints":{"allow":["GET"]}}],"collection":[{"href":"https:\/\/drhilalselamet.com\/de\/wp-json\/wp\/v2\/pages"}],"about":[{"href":"https:\/\/drhilalselamet.com\/de\/wp-json\/wp\/v2\/types\/page"}],"author":[{"embeddable":true,"href":"https:\/\/drhilalselamet.com\/de\/wp-json\/wp\/v2\/users\/1"}],"replies":[{"embeddable":true,"href":"https:\/\/drhilalselamet.com\/de\/wp-json\/wp\/v2\/comments?post=9483"}],"version-history":[{"count":0,"href":"https:\/\/drhilalselamet.com\/de\/wp-json\/wp\/v2\/pages\/9483\/revisions"}],"up":[{"embeddable":true,"href":"https:\/\/drhilalselamet.com\/de\/wp-json\/wp\/v2\/pages\/9471"}],"wp:attachment":[{"href":"https:\/\/drhilalselamet.com\/de\/wp-json\/wp\/v2\/media?parent=9483"}],"curies":[{"name":"wp","href":"https:\/\/api.w.org\/{rel}","templated":true}]}}