{"id":9477,"date":"2022-02-20T20:21:06","date_gmt":"2022-02-20T20:21:06","guid":{"rendered":"https:\/\/drhilalselamet.com\/implantatbehandlung\/all-on-four-all-on-six-behandlungen\/"},"modified":"2022-03-04T17:42:00","modified_gmt":"2022-03-04T17:42:00","slug":"all-on-four-all-on-six-behandlungen","status":"publish","type":"page","link":"https:\/\/drhilalselamet.com\/de\/implantatbehandlung\/all-on-four-all-on-six-behandlungen\/","title":{"rendered":"All-on-Four, All-on-Six Behandlungen"},"content":{"rendered":"<p>All-on-Four und All-On-Six ist eine Implantatbehandlung, die bei Patienten angewendet wird, die ihre Z\u00e4hne vollst\u00e4ndig verloren haben. Bei routinem\u00e4\u00dfigen Implantatanwendungen muss nach dem Einsetzen der Implantate in den Mund 3 Monate auf das Einsetzen der Prothesen gewartet werden. Gleichzeitig soll mit Techniken wie dem Sinuslift oder dem k\u00fcnstlichen Knochenaufbau bei Patienten mit Kieferknochenabbau eine gewisse Knochendichte erreicht werden. Dieser ganze Prozess erfordert viel M\u00fche und Zeit, insbesondere f\u00fcr Patienten, die keine Z\u00e4hne haben. Patienten, die keine Z\u00e4hne haben oder kurz davor stehen, ihre vorhandenen Z\u00e4hne zu verlieren; ernsthafte Probleme beim Essen und Sprechen haben. Auf diese Weise wird bei Patienten mit Dringlichkeit eine All-on-Four- und All-on-Six-Implantatbehandlung begonnen, wenn der Zahnarzt dies f\u00fcr angemessen h\u00e4lt.<\/p>\n<h2><img loading=\"lazy\" decoding=\"async\" class=\"alignnone size-full wp-image-9342\" src=\"https:\/\/drhilalselamet.com\/wp-content\/uploads\/2022\/02\/all-on-four-tedavisi-2.jpg\" alt=\"\" width=\"450\" height=\"450\" srcset=\"https:\/\/drhilalselamet.com\/wp-content\/uploads\/2022\/02\/all-on-four-tedavisi-2.jpg 450w, https:\/\/drhilalselamet.com\/wp-content\/uploads\/2022\/02\/all-on-four-tedavisi-2-300x300.jpg 300w, https:\/\/drhilalselamet.com\/wp-content\/uploads\/2022\/02\/all-on-four-tedavisi-2-150x150.jpg 150w\" sizes=\"auto, (max-width: 450px) 100vw, 450px\" \/><\/h2>\n<h2>Wie werden All-on-Four, All-on-Six-Behandlungen durchgef\u00fchrt?<\/h2>\n<p>Bei Patienten mit den oben genannten Erkrankungen werden detaillierte Untersuchungen mittels computergest\u00fctzter 3D-Tomographie durchgef\u00fchrt. Bei diesen Untersuchungen werden die L\u00e4ngen, Breiten und Winkel des Kieferknochens berechnet; Die Winkel, in denen die Implantate platziert werden, werden als Ergebnis sorgf\u00e4ltiger Berechnungen bestimmt. Bei der All-on-Four-Implantatoperation werden vier Implantate in den am besten geeigneten Winkeln in den Ober- und Unterkieferknochen gesetzt. Bei der An-on-Six-Technik betr\u00e4gt die Anzahl der zu setzenden Implantate sechs. Diese zus\u00e4tzlichen Implantate; Sie sorgt daf\u00fcr, dass die anzufertigende Prothese beim Zubei\u00dfen mehr Unterst\u00fctzung durch den Kieferknochen erh\u00e4lt.<\/p>\n<p>Die Anwendung erfolgt unter \u00f6rtlicher Bet\u00e4ubung. Somit versp\u00fcrt der Patient keine Schmerzen oder Schmerzen, bis die Operation beendet ist. Auf die Implantate werden provisorische Prothesen aufgesetzt, die durch Vorabmessungen vorbereitet werden. Diese Prothesen werden nach etwa drei Monaten durch dauerhafte Prothesen ersetzt.<\/p>\n<h2><img loading=\"lazy\" decoding=\"async\" class=\"alignnone size-full wp-image-9345\" src=\"https:\/\/drhilalselamet.com\/wp-content\/uploads\/2022\/02\/all-on-four-tedavisi.jpg\" alt=\"\" width=\"800\" height=\"450\" srcset=\"https:\/\/drhilalselamet.com\/wp-content\/uploads\/2022\/02\/all-on-four-tedavisi.jpg 800w, https:\/\/drhilalselamet.com\/wp-content\/uploads\/2022\/02\/all-on-four-tedavisi-300x169.jpg 300w, https:\/\/drhilalselamet.com\/wp-content\/uploads\/2022\/02\/all-on-four-tedavisi-768x432.jpg 768w\" sizes=\"auto, (max-width: 800px) 100vw, 800px\" \/><\/h2>\n<h2>Gibt es Schmerzen nach All-on-Four, All-on-Six-Behandlungen?<\/h2>\n<p>Einige Schmerzen k\u00f6nnen immerhin bei 4, alle bei 6 Behandlungen auftreten. Der Schmerz verschwindet innerhalb weniger Tage. Ihr Arzt kann Ihnen Schmerzmittel geben, um den Prozess f\u00fcr Sie angenehmer zu gestalten. Gleichzeitig beginnt er mit einer Behandlung mit Antibiotika und Mundwasser, um Infektionen vorzubeugen. Wenn Sie Ihre Arzneimittel ohne Unterbrechung anwenden, werden Symptome wie Schmerzen und Schwellungen in kurzer Zeit abklingen.<\/p>\n<h2>Dauerprothese nach All-on-Four, All-on-Six Behandlungen<\/h2>\n<p>Der Grund f\u00fcr das Tragen von provisorischen Prothesen w\u00e4hrend der Behandlung mit All-on-Four-Implantaten besteht darin, dass der Patient w\u00e4hrend des Fusionsprozesses des Implantats Funktionen wie Kauen und Sprechen problemlos ausf\u00fchren kann. W\u00e4hrend dieses Osseointegrationsprozesses sollte der Patient den Verzehr von harten Nahrungsmitteln vermeiden. Dadurch werden die Implantate nicht \u00fcberlastet und der Fusionsprozess verl\u00e4uft problemlos. Bei Dauerprothesen ist eine solche Di\u00e4t nicht erforderlich. Der Patient kann seinen festsitzenden Zahnersatz sowie seine echten Z\u00e4hne verwenden.<\/p>\n<h2>Vorteile des All-on-Four, All-on-Six Implantats<\/h2>\n<p>Bei dieser Technik, die mit sechs oder vier Implantaten angewendet wird, gibt es viele Vorteile, wenn sowohl das Implantat als auch die Prothese gleichzeitig eingesetzt werden. Einer dieser Vorteile ist der Erhalt der Kieferknochenstruktur. Bei denjenigen, die f\u00fcr lange Zeit herausnehmbare Prothesen tragen, entsteht aufgrund von Knochenresorption ein nach innen kollabiertes Bild im Kinn. Bei all on 4 und all on 6 Implantaten gibt es dieses Problem nicht. Bei auf Implantaten hergestellten Prothesen werden diese kollabierten Bilder entfernt. Diese Methoden sind auch ideal f\u00fcr diejenigen, die keine herausnehmbaren Prothesen verwenden m\u00f6chten oder Probleme wie \u00dcbelkeit haben.<\/p>\n<p>Die Anzahl der verwendeten Implantate bei der All-on-Four- und All-on-Six-Methode ist geringer im Vergleich zu den festsitzenden (Porzellan-) Zahnbehandlungen auf dem Implantat. Die Phase der Prothese \u00fcber dem Implantat erfordert jedoch viel mehr Pr\u00e4zision und ist teurer als die Herstellung von Porzellanz\u00e4hnen. Es gibt keinen Kostenunterschied im Gesamtbehandlungsplan. Welche Behandlungsmethode angewendet wird, richtet sich nicht nach den Kosten, sondern nach der Mund-, Zahn- und Kieferstruktur des Patienten. Der gr\u00f6\u00dfte Vorteil dieser Technik gegen\u00fcber routinem\u00e4\u00dfigen Implantatbehandlungen besteht darin, dass Sie Z\u00e4hne haben, die Sie noch am selben Tag verwenden k\u00f6nnen.<\/p>\n<h2>Was ist nach All-on-Four, All-on-Six Behandlungen zu beachten?<\/h2>\n<p>Der Verzehr von extrem hei\u00dfen und kalten Speisen sollte in den ersten 24 Stunden nach der Behandlung vermieden werden. Nach der Behandlung sollten Sie den Rat Ihres Arztes zur Aufrechterhaltung Ihrer Mundhygiene befolgen. Ihr Arzt wird Sie auch dar\u00fcber informieren, wie oft Sie zur Kontrolle kommen sollten. Es ist wichtig, dass Sie diese Kontrollen nicht unterbrechen, damit Sie zum richtigen Zeitpunkt auf die festsitzende Prothese umsteigen k\u00f6nnen.<\/p>\n<p>Wenn Sie Ihren herausnehmbaren Zahnersatz nicht bequem tragen k\u00f6nnen und bleibende Z\u00e4hne w\u00fcnschen, k\u00f6nnen Sie gleich einen Termin vereinbaren und eine All-on-Four- oder All-On-Six-Behandlung bei den erfahrenen \u00c4rzten von DentaVina beginnen.<\/p>\n","protected":false},"excerpt":{"rendered":"<p>All-on-Four und All-On-Six ist eine Implantatbehandlung, die bei Patienten angewendet wird, die ihre Z\u00e4hne vollst\u00e4ndig verloren haben. Bei routinem\u00e4\u00dfigen Implantatanwendungen<\/p>\n","protected":false},"author":1,"featured_media":0,"parent":9471,"menu_order":0,"comment_status":"closed","ping_status":"closed","template":"","meta":{"footnotes":""},"class_list":["post-9477","page","type-page","status-publish"],"_links":{"self":[{"href":"https:\/\/drhilalselamet.com\/de\/wp-json\/wp\/v2\/pages\/9477","targetHints":{"allow":["GET"]}}],"collection":[{"href":"https:\/\/drhilalselamet.com\/de\/wp-json\/wp\/v2\/pages"}],"about":[{"href":"https:\/\/drhilalselamet.com\/de\/wp-json\/wp\/v2\/types\/page"}],"author":[{"embeddable":true,"href":"https:\/\/drhilalselamet.com\/de\/wp-json\/wp\/v2\/users\/1"}],"replies":[{"embeddable":true,"href":"https:\/\/drhilalselamet.com\/de\/wp-json\/wp\/v2\/comments?post=9477"}],"version-history":[{"count":0,"href":"https:\/\/drhilalselamet.com\/de\/wp-json\/wp\/v2\/pages\/9477\/revisions"}],"up":[{"embeddable":true,"href":"https:\/\/drhilalselamet.com\/de\/wp-json\/wp\/v2\/pages\/9471"}],"wp:attachment":[{"href":"https:\/\/drhilalselamet.com\/de\/wp-json\/wp\/v2\/media?parent=9477"}],"curies":[{"name":"wp","href":"https:\/\/api.w.org\/{rel}","templated":true}]}}