{"id":9471,"date":"2022-02-20T20:12:58","date_gmt":"2022-02-20T20:12:58","guid":{"rendered":"https:\/\/drhilalselamet.com\/implantatbehandlung\/"},"modified":"2022-03-04T17:41:54","modified_gmt":"2022-03-04T17:41:54","slug":"implantatbehandlung","status":"publish","type":"page","link":"https:\/\/drhilalselamet.com\/de\/implantatbehandlung\/","title":{"rendered":"Implantatbehandlung"},"content":{"rendered":"<p>Die Implantatbehandlung ist ein Eingriff, der darauf abzielt, Materialien, die die Funktionen fehlender Z\u00e4hne erf\u00fcllen k\u00f6nnen, in die Hohlr\u00e4ume im Mund einzubringen. Implantate aus Titan werden von einem Facharzt in den Mund gesetzt und nach einer gewissen Zeit mit einer Prothese versorgt. Dank neuer Technologien kann dieser Prozess in einem Rutsch abgeschlossen oder \u00fcber einen Zeitraum von 3 oder 6 Monaten fortgesetzt werden. Die Implantatbehandlung bietet einen gro\u00dfen Vorteil f\u00fcr diejenigen, die ihre Z\u00e4hne verloren haben und daher sowohl \u00e4sthetische als auch orale Probleme haben.<\/p>\n<h2><img loading=\"lazy\" decoding=\"async\" class=\"alignnone size-full wp-image-9277\" src=\"https:\/\/drhilalselamet.com\/wp-content\/uploads\/2022\/02\/implant-tedavisi-1.jpg\" alt=\"\" width=\"450\" height=\"450\" srcset=\"https:\/\/drhilalselamet.com\/wp-content\/uploads\/2022\/02\/implant-tedavisi-1.jpg 450w, https:\/\/drhilalselamet.com\/wp-content\/uploads\/2022\/02\/implant-tedavisi-1-300x300.jpg 300w, https:\/\/drhilalselamet.com\/wp-content\/uploads\/2022\/02\/implant-tedavisi-1-150x150.jpg 150w\" sizes=\"auto, (max-width: 450px) 100vw, 450px\" \/><\/h2>\n<h2>Was ist ein Implantat und warum wird es verwendet?<\/h2>\n<p>Entgegen der landl\u00e4ufigen Meinung verursacht ein fehlender Zahn nicht nur Kauprobleme oder \u00e4sthetische Bedenken. Au\u00dferdem kann es durch fehlende Z\u00e4hne zu einer Verschlechterung der Kieferstruktur, Schiefstellung, Zahnfleischerkrankungen und Magenbeschwerden kommen. Wer auf solche Probleme nicht sto\u00dfen m\u00f6chte, kann statt der leeren Zahnwurzeln auch ein Implantat einsetzen lassen.<\/p>\n<p>Ein Implantat ist ein k\u00fcnstliches Material, das die Zahnwurzel ersetzt. Das schrauben\u00e4hnliche Implantat aus Titan wird vom K\u00f6rper gut angenommen, da es keinen lebenden Organismus tr\u00e4gt. Eine Absto\u00dfung der nachtr\u00e4glich eingesetzten k\u00fcnstlichen Zahnwurzel durch den K\u00f6rper kommt nicht in Frage. Menschen, die aus verschiedenen Gr\u00fcnden ihre Z\u00e4hne verloren haben, werden dank dieser Anwendung die Probleme los, die sie psychisch st\u00f6ren.<\/p>\n<h2>Ist die Implantatbehandlung f\u00fcr jeden geeignet?<\/h2>\n<p>Ob der Patient f\u00fcr die Gewindeverschraubung geeignet ist, entscheidet der Arzt. Obwohl es keine Altersbeschr\u00e4nkung gibt, ist der Abschluss der Entwicklung der Mund- und Kieferstruktur wichtig f\u00fcr erfolgreiche Ergebnisse der Anwendung. Aus diesem Grund kann bei Personen unter 17-18 Jahren \u00fcber eine Implantation nur nach einer Entwicklungsuntersuchung durch den Arzt entschieden werden. Die anhaltenden Krankheiten, Behandlungen und schlechten Gewohnheiten der Menschen k\u00f6nnen die Behandlung ebenfalls verhindern. Einige davon k\u00f6nnen wir wie folgt auflisten:<\/p>\n<ul>\n<li>Strahlentherapie zur Abdeckung des Kopf- und Halsbereichs<\/li>\n<li>\u00dcberm\u00e4\u00dfiger Alkohol- und Zigarettenkonsum<\/li>\n<li>Unkontrollierte systemische Erkrankungen<\/li>\n<\/ul>\n<p>Wer aufgrund seiner Erkrankung vor einer Implantation z\u00f6gert, sollte zun\u00e4chst seinen Arzt konsultieren. Falls erforderlich, sollte nach der Behandlung von Krankheiten eine Konsultation zwischen dem Zahnarzt und dem Arzt erfolgen. Obwohl die Knochenresorption eine der Bedingungen ist, die eine Implantation verhindern, k\u00f6nnen Patienten mit solchen Problemen auch von \u00c4rzten mit ausreichender Erfahrung implantiert werden. K\u00fcnstlicher Knochen kann durch Techniken wie Sinuslift, Spaltosteotomie und Blockknochenbildung erhalten werden.<\/p>\n<h2>Was sind die Phasen der Implantatbehandlung?<\/h2>\n<p>Der Implantatbehandlungsprozess beginnt mit dem Rat eines Arztes oder auf eigenen Wunsch des Patienten. Zun\u00e4chst wird der Zustand der Z\u00e4hne vom Arzt begutachtet. Die Nutzung der Zahntomographie-Technologie in dieser Phase spielt eine wichtige Rolle f\u00fcr das erfolgreiche Ergebnis der Implantatanwendung. Von zweidimensionalen Ger\u00e4ten nicht nachweisbar; Knochendicke, Zystenbildung oder \u00fcberlappende Z\u00e4hne k\u00f6nnen durch Tomographie leicht verstanden werden. Die Abmessungen des Implantats werden am genauesten als Ergebnis der Tomographie bestimmt. Somit ist das Implantat des Patienten sowohl f\u00fcr seine Bed\u00fcrfnisse geeignet als auch ein \u00e4sthetisches Erscheinungsbild entsteht, wenn die Beschichtungsphase abgeschlossen ist.<\/p>\n<h2><img loading=\"lazy\" decoding=\"async\" class=\"alignnone wp-image-9061\" src=\"https:\/\/drhilalselamet.com\/wp-content\/uploads\/2022\/02\/tomografi-rontgen-dis-goruntuleme.jpg\" alt=\"\" width=\"400\" height=\"225\" srcset=\"https:\/\/drhilalselamet.com\/wp-content\/uploads\/2022\/02\/tomografi-rontgen-dis-goruntuleme.jpg 800w, https:\/\/drhilalselamet.com\/wp-content\/uploads\/2022\/02\/tomografi-rontgen-dis-goruntuleme-300x169.jpg 300w, https:\/\/drhilalselamet.com\/wp-content\/uploads\/2022\/02\/tomografi-rontgen-dis-goruntuleme-768x432.jpg 768w\" sizes=\"auto, (max-width: 400px) 100vw, 400px\" \/><img loading=\"lazy\" decoding=\"async\" class=\"alignnone wp-image-9054\" src=\"https:\/\/drhilalselamet.com\/wp-content\/uploads\/2022\/02\/dis-goruntuleme-yontemleri.jpg\" alt=\"Di\u015f G\u00f6r\u00fcnt\u00fcleme Y\u00f6ntemleri\" width=\"400\" height=\"225\" srcset=\"https:\/\/drhilalselamet.com\/wp-content\/uploads\/2022\/02\/dis-goruntuleme-yontemleri.jpg 800w, https:\/\/drhilalselamet.com\/wp-content\/uploads\/2022\/02\/dis-goruntuleme-yontemleri-300x169.jpg 300w, https:\/\/drhilalselamet.com\/wp-content\/uploads\/2022\/02\/dis-goruntuleme-yontemleri-768x432.jpg 768w\" sizes=\"auto, (max-width: 400px) 100vw, 400px\" \/><\/h2>\n<h2>Einsetzen des Implantats<\/h2>\n<p>Die Implantation wird unter \u00f6rtlicher Bet\u00e4ubung oder Vollnarkose durchgef\u00fchrt. Der Teil, an dem das speziell f\u00fcr den Patienten vorbereitete Implantat eingesetzt wird, wird in der entsprechenden Tiefe eingeschnitten. Nachdem das an seiner Stelle platzierte Material verschraubt wurde, wird es mit Gingiva bedeckt und vern\u00e4ht. In der n\u00e4chsten Phase muss die Knochenintegration abgewartet werden.<\/p>\n<p>Der Integrationsprozess des Implantats mit dem Knochen dauert 3 Monate. Wenn fortschrittliche chirurgische Techniken (wie Sinuslift, Kieferkammspaltung, Knochenaugmentation) angewendet werden, dauert es l\u00e4nger, bis die auf den Bereich aufgebrachten Knochentransplantate mit dem Knochen verschmelzen. Abh\u00e4ngig von der angewandten Technik und dem verwendeten Knochentransplantat kann dieser Zeitraum 4-8 Monate betragen. W\u00e4hrend des Verschmelzungsprozesses der Implantate mit dem Knochen ist es wichtig, dass der Patient auf Mundhygiene achtet, das Rauchen einschr\u00e4nkt, Infektionen im Operationsgebiet vorbeugt und der Integrationsprozess erfolgreich verl\u00e4uft.<\/p>\n<p>Die Integrationsphase kann je nach Knochenstruktur des Patienten, schlechten Gewohnheiten oder Aufmerksamkeit f\u00fcr die Mundgesundheit zwischen 2 und 6 Monaten dauern. Dabei f\u00fchrt der Arzt periodische Kontrollen durch und \u00fcberpr\u00fcft bei Bedarf mithilfe der Zahntomographie-Technologie den Zustand des Implantats.<\/p>\n<h3><img loading=\"lazy\" decoding=\"async\" class=\"alignnone wp-image-9280\" src=\"https:\/\/drhilalselamet.com\/wp-content\/uploads\/2022\/02\/immediat-implant-1.jpg\" alt=\"\" width=\"251\" height=\"141\" srcset=\"https:\/\/drhilalselamet.com\/wp-content\/uploads\/2022\/02\/immediat-implant-1.jpg 800w, https:\/\/drhilalselamet.com\/wp-content\/uploads\/2022\/02\/immediat-implant-1-300x169.jpg 300w, https:\/\/drhilalselamet.com\/wp-content\/uploads\/2022\/02\/immediat-implant-1-768x432.jpg 768w\" sizes=\"auto, (max-width: 251px) 100vw, 251px\" \/><img loading=\"lazy\" decoding=\"async\" class=\"alignnone wp-image-9283\" src=\"https:\/\/drhilalselamet.com\/wp-content\/uploads\/2022\/02\/immediat-implant-2.jpg\" alt=\"\" width=\"249\" height=\"140\" srcset=\"https:\/\/drhilalselamet.com\/wp-content\/uploads\/2022\/02\/immediat-implant-2.jpg 800w, https:\/\/drhilalselamet.com\/wp-content\/uploads\/2022\/02\/immediat-implant-2-300x169.jpg 300w, https:\/\/drhilalselamet.com\/wp-content\/uploads\/2022\/02\/immediat-implant-2-768x432.jpg 768w\" sizes=\"auto, (max-width: 249px) 100vw, 249px\" \/><img loading=\"lazy\" decoding=\"async\" class=\"alignnone wp-image-9286\" src=\"https:\/\/drhilalselamet.com\/wp-content\/uploads\/2022\/02\/immediat-implant-3.jpg\" alt=\"\" width=\"249\" height=\"140\" srcset=\"https:\/\/drhilalselamet.com\/wp-content\/uploads\/2022\/02\/immediat-implant-3.jpg 800w, https:\/\/drhilalselamet.com\/wp-content\/uploads\/2022\/02\/immediat-implant-3-300x169.jpg 300w, https:\/\/drhilalselamet.com\/wp-content\/uploads\/2022\/02\/immediat-implant-3-768x432.jpg 768w\" sizes=\"auto, (max-width: 249px) 100vw, 249px\" \/><\/h3>\n<h2>Prothesenstadien<\/h2>\n<p>Nach Ablauf der erforderlichen Wartezeiten beginnt die Prothesenphase auf dem Implantat. Vor der Abdrucknahme werden R\u00f6ntgenaufnahmen gemacht, die Implantate kontrolliert, die Einheilkappen aufgesetzt und 3-7 Tage sp\u00e4ter der Abdruck genommen. Zur Abdrucknahme ist eine Einheilkappe angebracht. Diese Obergrenze wird f\u00fcr einen Zeitraum von 3 bis 7 Tagen nicht aufgehoben. Nach Ablauf dieser Zeit wird mit der Vermessung die Prothesenanfertigung gestartet. Abh\u00e4ngig von dem f\u00fcr die Prothesenstufen gew\u00e4hlten Material (metallunterst\u00fctztes Porzellan oder Zirkonium) wird zuerst eine Metall- oder Zirkoniumprobe durchgef\u00fchrt. Dann wird das Porzellan geprobt. Dann werden alle M\u00e4ngel beseitigt und poliert und verklebt. Nach der Probeuntersuchung wird die Prothese in den Mund eingesetzt.<\/p>\n<h2>Festsitzende Prothesen<\/h2>\n<p>Tr\u00e4ger von festsitzendem Zahnersatz k\u00f6nnen ihren neuen Zahnersatz dank der fachm\u00e4nnisch durchgef\u00fchrten Anwendungen mit Hilfe der Zahntomographie bequem wie ihre eigenen Z\u00e4hne verwenden. Damit Ihre neuen Z\u00e4hne einen \u00e4sthetischen Stand zeigen und keine Beschwerden in Ihrem Mund verursachen, sollten Sie alle Empfehlungen Ihres Arztes befolgen und bei Bedarf die zus\u00e4tzlichen Operationen empfehlen lassen. Auf diese Weise unterscheidet sich die von Ihnen verwendete Prothese nicht von Ihrem eigenen Zahn.<\/p>\n<h3><img loading=\"lazy\" decoding=\"async\" class=\"alignnone wp-image-9294\" style=\"color: #333333; font-size: 16px;\" src=\"https:\/\/drhilalselamet.com\/wp-content\/uploads\/2022\/02\/implant-ustu-sabit-protez-2.jpg\" alt=\"\" width=\"400\" height=\"225\" srcset=\"https:\/\/drhilalselamet.com\/wp-content\/uploads\/2022\/02\/implant-ustu-sabit-protez-2.jpg 800w, https:\/\/drhilalselamet.com\/wp-content\/uploads\/2022\/02\/implant-ustu-sabit-protez-2-300x169.jpg 300w, https:\/\/drhilalselamet.com\/wp-content\/uploads\/2022\/02\/implant-ustu-sabit-protez-2-768x432.jpg 768w\" sizes=\"auto, (max-width: 400px) 100vw, 400px\" \/><img loading=\"lazy\" decoding=\"async\" class=\"alignnone wp-image-9289\" style=\"color: #333333; font-size: 16px;\" src=\"https:\/\/drhilalselamet.com\/wp-content\/uploads\/2022\/02\/implant-ustu-sabit-protez-1.jpg\" alt=\"\" width=\"400\" height=\"225\" srcset=\"https:\/\/drhilalselamet.com\/wp-content\/uploads\/2022\/02\/implant-ustu-sabit-protez-1.jpg 800w, https:\/\/drhilalselamet.com\/wp-content\/uploads\/2022\/02\/implant-ustu-sabit-protez-1-300x169.jpg 300w, https:\/\/drhilalselamet.com\/wp-content\/uploads\/2022\/02\/implant-ustu-sabit-protez-1-768x432.jpg 768w\" sizes=\"auto, (max-width: 400px) 100vw, 400px\" \/><\/h3>\n<h2>Herausnehmbare Prothesen<\/h2>\n<p>Der herausnehmbare Zahnersatz kann vom Patienten einfach angebracht und entfernt werden. Es sollte gemeinsam mit dem Arzt entschieden werden, ob nach der Implantation ein herausnehmbarer oder festsitzender Zahnersatz angefertigt wird. . Im Allgemeinen werden herausnehmbare Prothesen in F\u00e4llen bevorzugt, in denen der Knochenverlust hoch ist und dieser Verlust verschiedene Probleme verursachen kann oder wenn die Beziehungen zwischen den Kiefern die Herstellung von festsitzenden Prothesen nicht zulassen. Herausnehmbare Prothesen bieten ebenso wie festsitzende Prothesen einen sehr komfortablen Gebrauch. Patienten mit herausnehmbarem Zahnersatz auf Implantaten sollten ihren Zahnersatz t\u00e4glich abnehmen und reinigen. Sie sollten nachts nicht mit Zahnersatz schlafen.<\/p>\n<h3><img loading=\"lazy\" decoding=\"async\" class=\"alignnone size-full wp-image-9297\" src=\"https:\/\/drhilalselamet.com\/wp-content\/uploads\/2022\/02\/al-on-four-teknigi.jpg\" alt=\"\" width=\"750\" height=\"748\" srcset=\"https:\/\/drhilalselamet.com\/wp-content\/uploads\/2022\/02\/al-on-four-teknigi.jpg 750w, https:\/\/drhilalselamet.com\/wp-content\/uploads\/2022\/02\/al-on-four-teknigi-300x300.jpg 300w, https:\/\/drhilalselamet.com\/wp-content\/uploads\/2022\/02\/al-on-four-teknigi-150x150.jpg 150w\" sizes=\"auto, (max-width: 750px) 100vw, 750px\" \/><\/h3>\n<h2>All-On-Four-Implantat-Technik<\/h2>\n<p>Bei Patienten, die aus verschiedenen Gr\u00fcnden alle Z\u00e4hne verloren haben; Die Technik, die das Einsetzen von Implantat und Prothese am selben Tag erm\u00f6glicht, hei\u00dft All On Four. Diejenigen, die keinen herausnehmbaren Zahnersatz tragen k\u00f6nnen oder aufgrund von herausnehmbarem Zahnersatz unter \u00dcbelkeit leiden, sollten diese Technik nutzen. Fachzahn\u00e4rzte empfehlen die All-On-Four-Methode f\u00fcr Patienten mit fortgeschrittenem Knochenschwund und \u00e4ltere Patienten.<\/p>\n<p>W\u00e4hrend der All-On-Four-Implantation sind keine weiteren chirurgischen Eingriffe in den auf der R\u00fcckseite des Oberkiefers gelegenen Nebenh\u00f6hlen erforderlich. Gleichzeitig wird All On Four bevorzugt, um den Nervus mandibularis im Unterkiefer zu vermeiden. Patienten, die von dieser Technik profitieren, sollten ihre Prothesen einmal im Jahr reinigen lassen. Bei der Reinigung wird der Zahnersatz entfernt.<\/p>\n<h2>Treten nach der Implantatbehandlung Schmerzen auf?<\/h2>\n<p>Die Frage, ob es nach der Implantation Schmerzen geben wird, stellt sich denjenigen, die \u00fcber die Anwendung nachdenken. W\u00e4hrend des Eingriffs versp\u00fcrt der Patient keine Schmerzen, da er in Narkose ist. Es ist normal, dass aufgrund des chirurgischen Eingriffs nach Abklingen der Wirkung der An\u00e4sthesie leichte Schmerzen auftreten. Vom Arzt verabreichte Medikamente sollten verwendet werden, um die Auswirkungen von Schmerzen zu reduzieren und Infektionen vorzubeugen, und die Pflegeempfehlungen sollten strikt befolgt werden.<\/p>\n<h2>Dinge, die nach der Implantatbehandlung zu beachten sind<\/h2>\n<p>Es ist notwendig, nach der Implantatbehandlung auf einige Aspekte wie Ern\u00e4hrung und Mundhygiene zu achten. In den ersten zwei Stunden nach der Operation sollte nichts gegessen werden. Au\u00dferdem sollten Sie besonders in der ersten Woche auf extrem hei\u00dfe oder kalte Speisen verzichten. Am ersten Tag sollten Sie nicht ausspucken oder den Mund aussp\u00fclen, um den Heilungsprozess nicht zu beeintr\u00e4chtigen. Sie sollten auch nicht rauchen oder Alkohol trinken.<\/p>\n<p>Es ist eine gute Idee, einen Tag zu warten, bevor Sie mit dem Z\u00e4hneputzen beginnen. Drei Tage nach dem Eingriff sollten Sie mit Salzwasser oder von Ihrem Arzt empfohlenen Produkten gurgeln. Nach der Mundsp\u00fclung, die zweimal t\u00e4glich erfolgen sollte, sollten Sie mindestens eine halbe Stunde lang nichts essen oder trinken. Es ist auch wichtig, regelm\u00e4\u00dfig Zahnseide zu verwenden, damit sich keine Essensreste an der Verbindung von Prothese und Zahnfleisch ansammeln. Nat\u00fcrlich sollten Sie dabei harte Bewegungen vermeiden.<\/p>\n<p>Sie k\u00f6nnen die Zahnklinik DentaVina auch f\u00fcr Implantate und Prothesen w\u00e4hlen, die Sie einfach verwenden und dank Fach\u00e4rzten Ihre Behandlung problemlos abschlie\u00dfen k\u00f6nnen.<\/p>\n","protected":false},"excerpt":{"rendered":"<p>Die Implantatbehandlung ist ein Eingriff, der darauf abzielt, Materialien, die die Funktionen fehlender Z\u00e4hne erf\u00fcllen k\u00f6nnen, in die Hohlr\u00e4ume im<\/p>\n","protected":false},"author":1,"featured_media":0,"parent":0,"menu_order":0,"comment_status":"closed","ping_status":"closed","template":"","meta":{"footnotes":""},"class_list":["post-9471","page","type-page","status-publish"],"_links":{"self":[{"href":"https:\/\/drhilalselamet.com\/de\/wp-json\/wp\/v2\/pages\/9471","targetHints":{"allow":["GET"]}}],"collection":[{"href":"https:\/\/drhilalselamet.com\/de\/wp-json\/wp\/v2\/pages"}],"about":[{"href":"https:\/\/drhilalselamet.com\/de\/wp-json\/wp\/v2\/types\/page"}],"author":[{"embeddable":true,"href":"https:\/\/drhilalselamet.com\/de\/wp-json\/wp\/v2\/users\/1"}],"replies":[{"embeddable":true,"href":"https:\/\/drhilalselamet.com\/de\/wp-json\/wp\/v2\/comments?post=9471"}],"version-history":[{"count":0,"href":"https:\/\/drhilalselamet.com\/de\/wp-json\/wp\/v2\/pages\/9471\/revisions"}],"wp:attachment":[{"href":"https:\/\/drhilalselamet.com\/de\/wp-json\/wp\/v2\/media?parent=9471"}],"curies":[{"name":"wp","href":"https:\/\/api.w.org\/{rel}","templated":true}]}}