{"id":9446,"date":"2022-02-20T19:49:21","date_gmt":"2022-02-20T19:49:21","guid":{"rendered":"https:\/\/drhilalselamet.com\/zahnfleischbehandlungen\/behandlung-der-gingivalen-pigmentierung\/"},"modified":"2022-03-04T17:43:58","modified_gmt":"2022-03-04T17:43:58","slug":"behandlung-der-gingivalen-pigmentierung","status":"publish","type":"page","link":"https:\/\/drhilalselamet.com\/de\/zahnfleischbehandlungen\/behandlung-der-gingivalen-pigmentierung\/","title":{"rendered":"Behandlung der gingivalen Pigmentierung"},"content":{"rendered":"<p>Damit die Z\u00e4hne ein \u00e4sthetisches Aussehen haben, muss das Zahnfleisch ausreichend gesund sein. Die Farbe, die als gesund f\u00fcr das Zahnfleisch gilt, ist Rosa. Lila, schwarzes, blaues, wei\u00dfes und rotes Zahnfleisch gelten als ungesund. Der Grund f\u00fcr das Entstehen unterschiedlicher Farben kann auf einem nat\u00fcrlichen Prozess wie der Hautfarbe der Person beruhen und es kann kein Eingriff erforderlich sein.<\/p>\n<h2><strong>Ursachen der gingivalen Pigmentierung<\/strong><\/h2>\n<p>Zahnfleischverf\u00e4rbungen k\u00f6nnen durch Unterschiede in der Hautfarbe zwischen den Rassen verursacht werden. Z.B; Menschen mit schwarzer Hautfarbe haben meist auch dunkles Zahnfleisch. Der Hauptgrund daf\u00fcr ist die Verdunkelung des Gewebes aufgrund des \u00dcberschusses an Melaninpigment. Verschiedene Krankheiten, einige Drogen verwendet; kann zur Bildung von dunklem Zahnfleischgewebe f\u00fchren.<\/p>\n<h2><strong>Rauchen<\/strong><\/h2>\n<p>Unter den vielen Sch\u00e4den, die das Rauchen dem menschlichen K\u00f6rper zuf\u00fcgt, gibt es auch Zahnfleischverf\u00e4rbungen. Nikotin und verschiedene Chemikalien im Inhalt von Zigaretten verursachen durch ihre R\u00fcckst\u00e4nde eine dunkle Verf\u00e4rbung von Z\u00e4hnen und Zahnfleisch. Wenn das Rauchen fortgesetzt wird, ist es nicht m\u00f6glich, das gew\u00fcnschte Ergebnis der Behandlungen zu erzielen, die darauf abzielen, die Verf\u00e4rbung zu entfernen. Aus diesem Grund sollten Sie f\u00fcr ein gesundes Zahnfleisch das Rauchen aufgeben. Nach Beendigung des Rauchens kann es zu einer spontanen Verbesserung der Zahnfleischfarbe kommen.<\/p>\n<h2><strong>Zahnfleischerkrankungen<\/strong><\/h2>\n<p>Plaque, Entz\u00fcndungen und verschiedene Infektionen k\u00f6nnen Farbver\u00e4nderungen auf der Zahnfleischoberfl\u00e4che verursachen. Die Ursache f\u00fcr dunkelrotes Zahnfleisch sind meist Plaques. Gleichzeitig k\u00f6nnen hartes B\u00fcrsten und unsachgem\u00e4\u00dfe Verwendung von Zahnseide auch das Auftreten von rotem Zahnfleisch verursachen. An den Stellen, an denen das Zahnfleisch entz\u00fcndet ist, erscheint eine r\u00f6tlich-violette Farbe. Nach der Zahnfleischbehandlung nimmt die Zahnfleischfarbe eine gesunde rosa Farbe an.<\/p>\n<h2><strong>Methoden zur Behandlung der gingivalen Depigmentierung<\/strong><\/h2>\n<p>Vor Beginn einer Behandlung der Gingivadepigmentierung sollte die zugrunde liegende Ursache beseitigt werden. Z.B; Wenn die Ursache der Verf\u00e4rbung eine Entz\u00fcndung ist, werden notwendige Zahnfleischbehandlungen durchgef\u00fchrt, um diese Entz\u00fcndung zu beseitigen. Diese Behandlungen k\u00f6nnen je nach Fall in Form von Zahnsteinentfernung, Wurzelplanung (K\u00fcrettage) oder chirurgischen Eingriffen in fortgeschrittenen F\u00e4llen erfolgen. Sind solche Eingriffe nicht erforderlich, wird die Verdunkelung durch gingivale Depigmentierung (Peeling) beseitigt.<\/p>\n<h2><strong>Zahnfleisch-Peeling<\/strong><\/h2>\n<p>Kaugummi-Peeling ist ein Prozess, der die Schichten entfernt, die dunkle Farbe verursachen. Es kann sowohl mit Laser als auch mit traditionellen chirurgischen Methoden behandelt werden. Die Gewebeschichten, die Dunkelheit verursachen, werden entfernt, was zu einer helleren, rosigeren Textur f\u00fchrt. Der Eingriff, der in der Regel in \u00f6rtlicher Bet\u00e4ubung durchgef\u00fchrt wird, wird je nach Ausma\u00df der Bluterg\u00fcsse in einer Sitzung oder in 2-3 Sitzungen durchgef\u00fchrt. Nach dem Eingriff ist der Heilungsprozess in 1 Woche abgeschlossen und Schmerzen sind fast nicht vorhanden.<\/p>\n<h2><img loading=\"lazy\" decoding=\"async\" class=\"alignnone size-full wp-image-9258\" src=\"https:\/\/drhilalselamet.com\/wp-content\/uploads\/2022\/02\/depigmentasyon-izdo-vakasi.jpg\" alt=\"\" width=\"1080\" height=\"1080\" srcset=\"https:\/\/drhilalselamet.com\/wp-content\/uploads\/2022\/02\/depigmentasyon-izdo-vakasi.jpg 1080w, https:\/\/drhilalselamet.com\/wp-content\/uploads\/2022\/02\/depigmentasyon-izdo-vakasi-300x300.jpg 300w, https:\/\/drhilalselamet.com\/wp-content\/uploads\/2022\/02\/depigmentasyon-izdo-vakasi-1024x1024.jpg 1024w, https:\/\/drhilalselamet.com\/wp-content\/uploads\/2022\/02\/depigmentasyon-izdo-vakasi-150x150.jpg 150w, https:\/\/drhilalselamet.com\/wp-content\/uploads\/2022\/02\/depigmentasyon-izdo-vakasi-768x768.jpg 768w\" sizes=\"auto, (max-width: 1080px) 100vw, 1080px\" \/><\/h2>\n<h2><strong>Zahnfleischaufhellung<\/strong><\/h2>\n<p>Die Zahnfleischverf\u00e4rbung muss nicht immer in Form einer Verdunkelung vorliegen. In einigen F\u00e4llen k\u00f6nnen auch Verf\u00e4rbungen auftreten, die als Aufhellung erscheinen. Dieser Zustand, der auch als Zahnfleischaufhellung bekannt ist, kann durch verschiedene Krankheiten, Vitaminmangel und hormonelle Probleme verursacht werden. Aus diesem Grund wird eine Behandlung angewendet, um die Ursachen zu beseitigen, die eine Aufhellung verursachen.<\/p>\n<h2><strong>Krankheiten, die Zahnfleischaufhellung verursachen<\/strong><\/h2>\n<p>Wenn Sie Zahnfleischaufhellungsprobleme haben, w\u00e4re es vorteilhaft, einen Zahnarzt aufzusuchen, ohne Zeit zu verschwenden. Auch diese Wei\u00dfen k\u00f6nnen je nach Ursache einen schmerzhaften Verlauf nehmen. An\u00e4mie ist eine der Ursachen f\u00fcr Zahnfleischaufhellung. Aufgrund dieser Krankheit, die im Volksmund auch An\u00e4mie genannt wird, sind nicht gen\u00fcgend Blutzellen im K\u00f6rper vorhanden. Aus diesem Grund kann das Zahnfleisch von An\u00e4miepatienten wei\u00dfer sein. In solchen F\u00e4llen sollte sowohl eine \u00e4rztliche als auch eine zahn\u00e4rztliche Untersuchung durchgef\u00fchrt werden. Ihr Zahnarzt empfiehlt Ihnen, w\u00e4hrend einer ausf\u00fchrlichen m\u00fcndlichen Untersuchung einen Arzt aufzusuchen, es sei denn, er hat ein Problem, das in sein Fachgebiet f\u00e4llt. Somit ist die Ursache der gingivalen Aufhellung klar verstanden.<\/p>\n<p>Eine weitere Ursache f\u00fcr Wei\u00dfheit kann eine Zahnfleischerkrankung namens Leukoplakie sein. Diese Krankheit; Es wird durch Rauchen, Alkoholkonsum oder mangelnde Beachtung der Mundhygiene verursacht. Aufhellungen aufgrund von Leukoplakie sollten von Ihrem Zahnarzt \u00fcberwacht und in einigen F\u00e4llen gereinigt werden. Bei Leukoplakie-Patienten wird auch eine Biopsie durchgef\u00fchrt, wenn der Arzt dies f\u00fcr erforderlich h\u00e4lt.<\/p>\n","protected":false},"excerpt":{"rendered":"<p>Damit die Z\u00e4hne ein \u00e4sthetisches Aussehen haben, muss das Zahnfleisch ausreichend gesund sein. Die Farbe, die als gesund f\u00fcr das<\/p>\n","protected":false},"author":1,"featured_media":0,"parent":9427,"menu_order":0,"comment_status":"closed","ping_status":"closed","template":"","meta":{"footnotes":""},"class_list":["post-9446","page","type-page","status-publish"],"_links":{"self":[{"href":"https:\/\/drhilalselamet.com\/de\/wp-json\/wp\/v2\/pages\/9446","targetHints":{"allow":["GET"]}}],"collection":[{"href":"https:\/\/drhilalselamet.com\/de\/wp-json\/wp\/v2\/pages"}],"about":[{"href":"https:\/\/drhilalselamet.com\/de\/wp-json\/wp\/v2\/types\/page"}],"author":[{"embeddable":true,"href":"https:\/\/drhilalselamet.com\/de\/wp-json\/wp\/v2\/users\/1"}],"replies":[{"embeddable":true,"href":"https:\/\/drhilalselamet.com\/de\/wp-json\/wp\/v2\/comments?post=9446"}],"version-history":[{"count":0,"href":"https:\/\/drhilalselamet.com\/de\/wp-json\/wp\/v2\/pages\/9446\/revisions"}],"up":[{"embeddable":true,"href":"https:\/\/drhilalselamet.com\/de\/wp-json\/wp\/v2\/pages\/9427"}],"wp:attachment":[{"href":"https:\/\/drhilalselamet.com\/de\/wp-json\/wp\/v2\/media?parent=9446"}],"curies":[{"name":"wp","href":"https:\/\/api.w.org\/{rel}","templated":true}]}}