{"id":9444,"date":"2022-02-20T19:46:18","date_gmt":"2022-02-20T19:46:18","guid":{"rendered":"https:\/\/drhilalselamet.com\/zahnfleischbehandlungen\/bindegewebstransplantat-operation\/"},"modified":"2022-03-04T17:44:09","modified_gmt":"2022-03-04T17:44:09","slug":"bindegewebstransplantat-operation","status":"publish","type":"page","link":"https:\/\/drhilalselamet.com\/de\/zahnfleischbehandlungen\/bindegewebstransplantat-operation\/","title":{"rendered":"Bindegewebstransplantat-Operation"},"content":{"rendered":"<p>Eine Bindegewebstransplantation wird durchgef\u00fchrt, um die Zahnwurzel zu fixieren, die infolge einer Gingivarezession freigelegt ist. Vor dieser Operation kann es notwendig sein, Verfahren wie eine Zahnwurzelbegradigung durchzuf\u00fchren. Es kann viele Gr\u00fcnde f\u00fcr Zahnfleischrezessionen geben. Eine Zahnextraktion, die aus Gr\u00fcnden wie mangelnder Mundhygiene, genetischen Faktoren, Z\u00e4hneknirschen auftreten kann, f\u00fchrt bei nicht rechtzeitiger Behandlung zu Zahnverlust.<\/p>\n<h2><strong>Wie wird eine Bindegewebstransplantation durchgef\u00fchrt?<\/strong><\/h2>\n<p>Die Bindegewebstransplantation wird in \u00f6rtlicher Bet\u00e4ubung durchgef\u00fchrt. Der Patient unter dem Einfluss der An\u00e4sthesie versp\u00fcrt keine Schmerzen oder Schmerzen. Die Gingiva wird vom Gaumen des Bereichs der gingivalen Rezession er\u00f6ffnet. Gewebe, das als subepitheliales Bindegewebe bezeichnet wird, wird unter der ge\u00f6ffneten Gingiva entnommen. Dieses Gewebe wird an den Rezessionsbereich gen\u00e4ht, um die freigelegte Zahnwurzel als Folge einer gingivalen Rezession zu bedecken. Nach Entfernung des Bindegewebes wird der Lappen durch N\u00e4hen verschlossen.<\/p>\n<p><img loading=\"lazy\" decoding=\"async\" class=\"alignnone wp-image-9238\" style=\"color: #1b1919; font-size: 24px;\" src=\"https:\/\/drhilalselamet.com\/wp-content\/uploads\/2022\/02\/bak-dokusu-1.jpg\" alt=\"\" width=\"400\" height=\"225\" srcset=\"https:\/\/drhilalselamet.com\/wp-content\/uploads\/2022\/02\/bak-dokusu-1.jpg 800w, https:\/\/drhilalselamet.com\/wp-content\/uploads\/2022\/02\/bak-dokusu-1-300x169.jpg 300w, https:\/\/drhilalselamet.com\/wp-content\/uploads\/2022\/02\/bak-dokusu-1-768x432.jpg 768w\" sizes=\"auto, (max-width: 400px) 100vw, 400px\" \/><img loading=\"lazy\" decoding=\"async\" class=\"alignnone wp-image-9241\" style=\"color: #1b1919; font-size: 24px;\" src=\"https:\/\/drhilalselamet.com\/wp-content\/uploads\/2022\/02\/bak-dokusu-2.jpg\" alt=\"\" width=\"400\" height=\"225\" srcset=\"https:\/\/drhilalselamet.com\/wp-content\/uploads\/2022\/02\/bak-dokusu-2.jpg 800w, https:\/\/drhilalselamet.com\/wp-content\/uploads\/2022\/02\/bak-dokusu-2-300x169.jpg 300w, https:\/\/drhilalselamet.com\/wp-content\/uploads\/2022\/02\/bak-dokusu-2-768x432.jpg 768w\" sizes=\"auto, (max-width: 400px) 100vw, 400px\" \/><\/p>\n<h2><img loading=\"lazy\" decoding=\"async\" class=\"alignnone wp-image-9244\" src=\"https:\/\/drhilalselamet.com\/wp-content\/uploads\/2022\/02\/bag-dokusu-3.jpg\" alt=\"\" width=\"400\" height=\"225\" srcset=\"https:\/\/drhilalselamet.com\/wp-content\/uploads\/2022\/02\/bag-dokusu-3.jpg 800w, https:\/\/drhilalselamet.com\/wp-content\/uploads\/2022\/02\/bag-dokusu-3-300x169.jpg 300w, https:\/\/drhilalselamet.com\/wp-content\/uploads\/2022\/02\/bag-dokusu-3-768x432.jpg 768w\" sizes=\"auto, (max-width: 400px) 100vw, 400px\" \/><img loading=\"lazy\" decoding=\"async\" class=\"alignnone wp-image-9247\" src=\"https:\/\/drhilalselamet.com\/wp-content\/uploads\/2022\/02\/bag-dokusu-4.jpg\" alt=\"\" width=\"400\" height=\"225\" srcset=\"https:\/\/drhilalselamet.com\/wp-content\/uploads\/2022\/02\/bag-dokusu-4.jpg 800w, https:\/\/drhilalselamet.com\/wp-content\/uploads\/2022\/02\/bag-dokusu-4-300x169.jpg 300w, https:\/\/drhilalselamet.com\/wp-content\/uploads\/2022\/02\/bag-dokusu-4-768x432.jpg 768w\" sizes=\"auto, (max-width: 400px) 100vw, 400px\" \/><\/h2>\n<h2><strong>Unterschied zwischen Bindegewebstransplantat und freiem Zahnfleischtransplantat<\/strong><\/h2>\n<p>Bei gingivalen Rezessionen kann zus\u00e4tzlich zur Bindegewebstransplantation eine freie Gingivatransplantation durchgef\u00fchrt werden. Es gibt einige Unterschiede zwischen den beiden Operationen. Beim freien Zahnfleischtransplantat wird wie beim Bindegewebstransplantat Gewebe aus dem Gaumenbereich entnommen. Der Unterschied besteht darin, dass bei der freien Zahnfleischtransplantation das Gewebe unter der oberen Schicht nicht entfernt wird; Dabei wird ein direkt auf der Gaumenoberfl\u00e4che sichtbares Gewebest\u00fcck entnommen. Freies Gingivatransplantat wird verwendet, um die Menge an befestigter Gingiva sowie Gingivarezessionen zu erh\u00f6hen.<\/p>\n<h2><strong>Gibt es Schmerzen nach einer Bindegewebstransplantation?<\/strong><\/h2>\n<p>Schmerzen nach der Bindegewebstransplantation sind normal. Sie m\u00fcssen sich keine Sorgen machen, da diese Schmerzen in ein paar Tagen verschwinden. Ihr Arzt wird Ihnen Schmerzmittel geben, damit Sie den Heilungsprozess angenehmer verbringen k\u00f6nnen.<\/p>\n<h2><strong>Was ist nach der Bindegewebstransplantation zu beachten?<\/strong><\/h2>\n<p>Da nach der Bindegewebstransplantation sowohl im Spender- als auch im Empf\u00e4ngerbereich Stiche vorhanden sind, sollte bei Prozessen wie der Ern\u00e4hrung und Zahnreinigung Vorsicht walten. Ihr Zahnarzt wird Sie dar\u00fcber informieren, was Sie tun m\u00fcssen. Sie sollten die operierten Bereiche nicht ber\u00fchren, w\u00e4hrend Sie Ihre Z\u00e4hne putzen und mit Zahnseide behandeln. Auch harte Speisen k\u00f6nnen dazu f\u00fchren, dass sich die F\u00e4den \u00f6ffnen oder das noch nicht verheilte Gewebe besch\u00e4digt wird. Daher ist es vorteilhaft, weiche Lebensmittel zu konsumieren.<\/p>\n<h2><strong>Erholung nach Bindegewebstransplantation<\/strong><\/h2>\n<p>Der Bereich, in dem das subepitheliale Bindegewebe vom Gaumen entfernt wird, heilt normalerweise schneller als der Bereich, in dem das Gewebe transplantiert wird. Die F\u00e4den werden etwa eine Woche nach der Operation im Bereich der Gewebeentnahme entfernt. Im transplantierten Bereich kann es bis zu zwei Wochen dauern, bis die F\u00e4den entfernt sind. Es kann etwa 6-8 Wochen dauern, bis eine vollst\u00e4ndige Genesung eintritt.<\/p>\n<h2><img loading=\"lazy\" decoding=\"async\" class=\"alignnone wp-image-9250\" src=\"https:\/\/drhilalselamet.com\/wp-content\/uploads\/2022\/02\/bag-dokusu-iyilesme-1.jpg\" alt=\"\" width=\"400\" height=\"225\" srcset=\"https:\/\/drhilalselamet.com\/wp-content\/uploads\/2022\/02\/bag-dokusu-iyilesme-1.jpg 800w, https:\/\/drhilalselamet.com\/wp-content\/uploads\/2022\/02\/bag-dokusu-iyilesme-1-300x169.jpg 300w, https:\/\/drhilalselamet.com\/wp-content\/uploads\/2022\/02\/bag-dokusu-iyilesme-1-768x432.jpg 768w\" sizes=\"auto, (max-width: 400px) 100vw, 400px\" \/><img loading=\"lazy\" decoding=\"async\" class=\"alignnone wp-image-9253\" src=\"https:\/\/drhilalselamet.com\/wp-content\/uploads\/2022\/02\/bag-dokusu-iyilesme-2.jpg\" alt=\"\" width=\"400\" height=\"225\" srcset=\"https:\/\/drhilalselamet.com\/wp-content\/uploads\/2022\/02\/bag-dokusu-iyilesme-2.jpg 800w, https:\/\/drhilalselamet.com\/wp-content\/uploads\/2022\/02\/bag-dokusu-iyilesme-2-300x169.jpg 300w, https:\/\/drhilalselamet.com\/wp-content\/uploads\/2022\/02\/bag-dokusu-iyilesme-2-768x432.jpg 768w\" sizes=\"auto, (max-width: 400px) 100vw, 400px\" \/><\/h2>\n<h2><strong>Was sind die Vorteile einer Bindegewebstransplantation?<\/strong><\/h2>\n<p>Der wichtigste Vorteil der Bindegewebstransplantation ist die Beseitigung des Problems der Gingivarezession, ohne dass der Patient Zahnverlust erleidet. Zahnfleischrezessionen, insbesondere im Frontzahnbereich, sorgen f\u00fcr ein \u00e4sthetisch schlechtes Erscheinungsbild. Daher kann der Patient auch unter psychischen Belastungen leiden. Wenn nach der rechtzeitig durchgef\u00fchrten Bindegewebstransplantation die Gewebeverschmelzung gew\u00e4hrleistet ist, bleiben keine Narben im behandelten Bereich zur\u00fcck und es entsteht ein \u00e4u\u00dferst nat\u00fcrliches Erscheinungsbild. Da bei der Bindegewebstransplantation patienteneigenes Gewebe verwendet wird, ist die Wahrscheinlichkeit, dass Gewebe nicht im Transplantationsbereich zur\u00fcckbleibt, sehr gering.<\/p>\n","protected":false},"excerpt":{"rendered":"<p>Eine Bindegewebstransplantation wird durchgef\u00fchrt, um die Zahnwurzel zu fixieren, die infolge einer Gingivarezession freigelegt ist. Vor dieser Operation kann es<\/p>\n","protected":false},"author":1,"featured_media":0,"parent":9427,"menu_order":0,"comment_status":"closed","ping_status":"closed","template":"","meta":{"footnotes":""},"class_list":["post-9444","page","type-page","status-publish"],"_links":{"self":[{"href":"https:\/\/drhilalselamet.com\/de\/wp-json\/wp\/v2\/pages\/9444","targetHints":{"allow":["GET"]}}],"collection":[{"href":"https:\/\/drhilalselamet.com\/de\/wp-json\/wp\/v2\/pages"}],"about":[{"href":"https:\/\/drhilalselamet.com\/de\/wp-json\/wp\/v2\/types\/page"}],"author":[{"embeddable":true,"href":"https:\/\/drhilalselamet.com\/de\/wp-json\/wp\/v2\/users\/1"}],"replies":[{"embeddable":true,"href":"https:\/\/drhilalselamet.com\/de\/wp-json\/wp\/v2\/comments?post=9444"}],"version-history":[{"count":0,"href":"https:\/\/drhilalselamet.com\/de\/wp-json\/wp\/v2\/pages\/9444\/revisions"}],"up":[{"embeddable":true,"href":"https:\/\/drhilalselamet.com\/de\/wp-json\/wp\/v2\/pages\/9427"}],"wp:attachment":[{"href":"https:\/\/drhilalselamet.com\/de\/wp-json\/wp\/v2\/media?parent=9444"}],"curies":[{"name":"wp","href":"https:\/\/api.w.org\/{rel}","templated":true}]}}