{"id":9442,"date":"2022-02-20T19:39:57","date_gmt":"2022-02-20T19:39:57","guid":{"rendered":"https:\/\/drhilalselamet.com\/zahnfleischbehandlungen\/kostenlose-gingivatransplantat-operation\/"},"modified":"2022-03-04T17:44:29","modified_gmt":"2022-03-04T17:44:29","slug":"kostenlose-gingivatransplantat-operation","status":"publish","type":"page","link":"https:\/\/drhilalselamet.com\/de\/zahnfleischbehandlungen\/kostenlose-gingivatransplantat-operation\/","title":{"rendered":"Kostenlose Gingivatransplantat-Operation"},"content":{"rendered":"<p>Freies Zahnfleischtransplantat ist ein Verfahren, das bei einigen Problemen im Zahnfleischgewebe durchgef\u00fchrt wird und den Transfer von Gewebe beinhaltet, das von einer anderen Stelle in den Problembereich entnommen wurde. Dank dieser Operation, die bei Gingivarezession oder zu d\u00fcnnem befestigten Zahnfleisch durchgef\u00fchrt wird, bleiben sowohl die gesunde Zahnstruktur als auch das Zahnfleisch erhalten und es entsteht ein \u00e4sthetisches Erscheinungsbild. Die Anwendung von freiem Gingivatransplantat ist wichtig, um Zahnverlust und fortgeschrittene Gingivarezession zu verhindern.<\/p>\n<h2><strong>Warum wird eine kostenlose Zahnfleischtransplantation durchgef\u00fchrt?<\/strong><\/h2>\n<p>Der Hauptgrund f\u00fcr die Durchf\u00fchrung einer freien Gingivatransplantation ist die Gingivarezession. Zahnfleischr\u00fcckgang ist ein Unbehagen, das aus verschiedenen Gr\u00fcnden verursacht wird. Viele Gr\u00fcnde, von unsachgem\u00e4\u00dfem Z\u00e4hneputzen bis hin zu genetischen Faktoren, k\u00f6nnen dieses Problem verursachen. Einer dieser Gr\u00fcnde ist, dass der Mundhygiene nicht genug Aufmerksamkeit geschenkt wird. R\u00fcckst\u00e4nde auf Z\u00e4hnen, die nicht regelm\u00e4\u00dfig geputzt und mit Zahnseide gereinigt werden, verursachen parodontale Probleme. Parodontalprobleme k\u00f6nnen Zahnfleischr\u00fcckgang verursachen. Zahnfleisch kann auch als Folge eines Traumas oder genetischer Faktoren herausgezogen werden.<\/p>\n<h2><img loading=\"lazy\" decoding=\"async\" class=\"alignnone wp-image-9223\" src=\"https:\/\/drhilalselamet.com\/wp-content\/uploads\/2022\/02\/serbest-diseti-greft-operasyonu.jpg\" alt=\"\" width=\"400\" height=\"225\" srcset=\"https:\/\/drhilalselamet.com\/wp-content\/uploads\/2022\/02\/serbest-diseti-greft-operasyonu.jpg 800w, https:\/\/drhilalselamet.com\/wp-content\/uploads\/2022\/02\/serbest-diseti-greft-operasyonu-300x169.jpg 300w, https:\/\/drhilalselamet.com\/wp-content\/uploads\/2022\/02\/serbest-diseti-greft-operasyonu-768x432.jpg 768w\" sizes=\"auto, (max-width: 400px) 100vw, 400px\" \/><img loading=\"lazy\" decoding=\"async\" class=\"alignnone wp-image-9226\" src=\"https:\/\/drhilalselamet.com\/wp-content\/uploads\/2022\/02\/serbest-diseti-greft-operasyonu-2.jpg\" alt=\"\" width=\"400\" height=\"225\" srcset=\"https:\/\/drhilalselamet.com\/wp-content\/uploads\/2022\/02\/serbest-diseti-greft-operasyonu-2.jpg 800w, https:\/\/drhilalselamet.com\/wp-content\/uploads\/2022\/02\/serbest-diseti-greft-operasyonu-2-300x169.jpg 300w, https:\/\/drhilalselamet.com\/wp-content\/uploads\/2022\/02\/serbest-diseti-greft-operasyonu-2-768x432.jpg 768w\" sizes=\"auto, (max-width: 400px) 100vw, 400px\" \/><\/h2>\n<h2><strong>Wie wird eine freie Zahnfleischtransplantatoperation durchgef\u00fchrt?<\/strong><\/h2>\n<p>W\u00e4hrend einer Gingivarezessionstransplantation werden zwei Bereiche behandelt. Der Bereich, in dem das Gewebe entnommen wird, wird als Spender bezeichnet, w\u00e4hrend der Bereich, in dem das Gewebe transplantiert wird, als Empf\u00e4nger bezeichnet wird. Durch die Anwendung einer Lokalan\u00e4sthesie in beiden Bereichen wird der Komfort des Patienten w\u00e4hrend des Eingriffs gew\u00e4hrleistet. Das Gewebe wird in der Regel aus dem Gaumen entnommen. In einigen F\u00e4llen kann es m\u00f6glich sein, Gewebe aus zahnlosen Teilen des Mundes zu entnehmen. Der Teil, an dem das Gewebe entnommen wird, wird vern\u00e4ht und dieser Teil wird mit einem Schutz bedeckt, der als Pat bezeichnet wird.<\/p>\n<p>Das entfernte Gewebe wird durch N\u00e4hen an die Problemstelle transplantiert. Dieser Bereich wird ebenfalls mit einer Paste verschlossen, wenn der Arzt dies f\u00fcr erforderlich h\u00e4lt. Vor der Transplantation k\u00f6nnen verschiedene Eingriffe erforderlich sein, wie z. B. das Begradigen der Zahnwurzel im Empf\u00e4ngerbereich. Gleichzeitig k\u00f6nnen verschiedene Operationen durchgef\u00fchrt werden, um das entnommene Gewebe mit dem zu transplantierenden Bereich kompatibel zu machen. Nach der Operation kann der Patient sofort nach Hause gehen, aber es ist n\u00fctzlich, eine Begleitperson zu haben, besonders wenn er Auto fahren wird.<\/p>\n<h2><strong>Was ist nach der freien Zahnfleischtransplantation zu beachten?<\/strong><\/h2>\n<p>Am n\u00e4chsten Tag der Operation kann der Patient sein t\u00e4gliches Leben fortsetzen, indem er den Anweisungen seines Arztes folgt. W\u00e4hrend des Heilungsprozesses des freien Zahnfleischtransplantats k\u00f6nnen Sie durch Beachtung einiger Details sicherstellen, dass das regenerierte Gewebe schneller an der Stelle haftet. Obwohl Sie nach der Operation Mundhygiene aufrechterhalten m\u00fcssen, ist es notwendig, den Bereich, in dem sich das Transplantat befindet, nicht zu putzen und den Kontakt mit Zahnseide zu vermeiden, um die Stiche nicht in den operierten Bereich zu werfen. Das von Ihrem Arzt empfohlene Mundwasser sollte verwendet werden, um Infektionen vorzubeugen. Harte Speisen sollten nicht verzehrt werden, da sie nach der Operation sch\u00e4dlich sein k\u00f6nnen. Gleichzeitig sollte das Rauchen vermieden werden.<\/p>\n<h2><img loading=\"lazy\" decoding=\"async\" class=\"alignnone wp-image-9229\" src=\"https:\/\/drhilalselamet.com\/wp-content\/uploads\/2022\/02\/diseti-cekilmesi-4.jpg\" alt=\"\" width=\"400\" height=\"225\" srcset=\"https:\/\/drhilalselamet.com\/wp-content\/uploads\/2022\/02\/diseti-cekilmesi-4.jpg 800w, https:\/\/drhilalselamet.com\/wp-content\/uploads\/2022\/02\/diseti-cekilmesi-4-300x169.jpg 300w, https:\/\/drhilalselamet.com\/wp-content\/uploads\/2022\/02\/diseti-cekilmesi-4-768x432.jpg 768w\" sizes=\"auto, (max-width: 400px) 100vw, 400px\" \/><img loading=\"lazy\" decoding=\"async\" class=\"alignnone wp-image-9232\" src=\"https:\/\/drhilalselamet.com\/wp-content\/uploads\/2022\/02\/diseti-cekilmesi-5.jpg\" alt=\"\" width=\"400\" height=\"225\" srcset=\"https:\/\/drhilalselamet.com\/wp-content\/uploads\/2022\/02\/diseti-cekilmesi-5.jpg 800w, https:\/\/drhilalselamet.com\/wp-content\/uploads\/2022\/02\/diseti-cekilmesi-5-300x169.jpg 300w, https:\/\/drhilalselamet.com\/wp-content\/uploads\/2022\/02\/diseti-cekilmesi-5-768x432.jpg 768w\" sizes=\"auto, (max-width: 400px) 100vw, 400px\" \/><\/h2>\n<h2><strong>Gibt es Schmerzen nach einer kostenlosen Zahnfleischtransplantation?<\/strong><\/h2>\n<p>Ein gewisses Ma\u00df an Blutungen, Schmerzen oder Schwellungen gilt nach einer Transplantatoperation als normal, wie dies auch nach vielen chirurgischen Zahn- und Zahnfleischoperationen der Fall ist. Dar\u00fcber hinaus sind auch Symptome wie erh\u00f6hte Zahnempfindlichkeit und ein Zittern der Z\u00e4hne normal. Bei \u00fcberm\u00e4\u00dfigen Schmerzen, starken Blutungen oder entz\u00fcndlichem Ausfluss aus dem Mund; Es ist eine gute Idee, Ihren Arzt so bald wie m\u00f6glich zu konsultieren. Der vom Arzt festgelegte postoperative Kontrollplan sollte ebenfalls strikt eingehalten werden.<\/p>\n<h2><strong>Wie viele Tage heilt das kostenlose Zahnfleischtransplantat?<\/strong><\/h2>\n<p>Bei Gingivatransplantatanwendungen wird die Naht im Spenderbereich normalerweise innerhalb einer Woche entfernt, w\u00e4hrend dieser Zeitraum im Empf\u00e4ngerbereich bis zu zwei Wochen dauern kann. Die vollst\u00e4ndige Heilung des Gewebes erfolgt in 6 bis 8 Wochen.<\/p>\n","protected":false},"excerpt":{"rendered":"<p>Freies Zahnfleischtransplantat ist ein Verfahren, das bei einigen Problemen im Zahnfleischgewebe durchgef\u00fchrt wird und den Transfer von Gewebe beinhaltet, das<\/p>\n","protected":false},"author":1,"featured_media":0,"parent":9427,"menu_order":0,"comment_status":"closed","ping_status":"closed","template":"","meta":{"footnotes":""},"class_list":["post-9442","page","type-page","status-publish"],"_links":{"self":[{"href":"https:\/\/drhilalselamet.com\/de\/wp-json\/wp\/v2\/pages\/9442","targetHints":{"allow":["GET"]}}],"collection":[{"href":"https:\/\/drhilalselamet.com\/de\/wp-json\/wp\/v2\/pages"}],"about":[{"href":"https:\/\/drhilalselamet.com\/de\/wp-json\/wp\/v2\/types\/page"}],"author":[{"embeddable":true,"href":"https:\/\/drhilalselamet.com\/de\/wp-json\/wp\/v2\/users\/1"}],"replies":[{"embeddable":true,"href":"https:\/\/drhilalselamet.com\/de\/wp-json\/wp\/v2\/comments?post=9442"}],"version-history":[{"count":0,"href":"https:\/\/drhilalselamet.com\/de\/wp-json\/wp\/v2\/pages\/9442\/revisions"}],"up":[{"embeddable":true,"href":"https:\/\/drhilalselamet.com\/de\/wp-json\/wp\/v2\/pages\/9427"}],"wp:attachment":[{"href":"https:\/\/drhilalselamet.com\/de\/wp-json\/wp\/v2\/media?parent=9442"}],"curies":[{"name":"wp","href":"https:\/\/api.w.org\/{rel}","templated":true}]}}