{"id":9436,"date":"2022-02-20T19:12:16","date_gmt":"2022-02-20T19:12:16","guid":{"rendered":"https:\/\/drhilalselamet.com\/zahnfleischbehandlungen\/knochentransplantatanwendungen\/"},"modified":"2022-03-04T17:44:25","modified_gmt":"2022-03-04T17:44:25","slug":"knochentransplantatanwendungen","status":"publish","type":"page","link":"https:\/\/drhilalselamet.com\/de\/knochentransplantatanwendungen\/","title":{"rendered":"Knochentransplantatanwendungen"},"content":{"rendered":"<p>Knochentransplantatanwendungen sind im Allgemeinen w\u00e4hrend der Implantatbehandlung erforderlich. Als Folge des Zahnverlustes beginnt der unt\u00e4tige Kieferknochen zu resorbieren. Knochenschwund kann auch aufgrund von Zahnfleischerkrankungen auftreten. Durch die Resorption des Knochens kann das w\u00e4hrend der Einsetzoperation einzusetzende Implantat nicht in die ideale Position gebracht werden, da nicht gen\u00fcgend Knochen vorhanden ist. Dies verhindert eine Implantation, insbesondere bei Patienten mit starkem Knochenschwund.<\/p>\n<p>Dank des Knochentransplantats wird der Knochenaufbau im zahnlosen Bereich unterst\u00fctzt. Auch wenn w\u00e4hrend der Implantatbehandlung kein vollst\u00e4ndiger Knochenverlust eintritt, ist die Knochenh\u00f6he und -breite f\u00fcr den Eingriff m\u00f6glicherweise nicht ausreichend. H\u00f6he und Breite werden mit Hilfe von Transplantaten erh\u00f6ht.<\/p>\n<h2><strong>Wie erh\u00e4lt man Knochenpulver?<\/strong><\/h2>\n<p>Knochentransplantate k\u00f6nnen durch verschiedene Methoden gewonnen werden. Die ges\u00fcndeste dieser Methoden ist die autogene Knochentransplantation. An bestimmten Stellen im K\u00f6rper des Patienten wird Knochen entnommen und an der gew\u00fcnschten Stelle im Mund aufgetragen. Diese Punkte sind; W\u00e4hrend es sich im Mund befinden kann, kann es sich auch au\u00dferhalb des Mundes befinden, z. B. im H\u00fcftknochen. Da das bei der autogenen Methode entnommene Knochengewebe lebende Zellen enth\u00e4lt, kann die Knochenneubildung wesentlich leichter erfolgen. Es gibt auch Transplantate, die von Kadavern und Rindern erhalten werden. Gewebe von speziell f\u00fcr Transplantationsoperationen gez\u00fcchteten Tieren sind hygienisch unbedenklich und k\u00f6nnen bedenkenlos verwendet werden. Transplantate k\u00f6nnen auch synthetisch erhalten werden. Die ideale Methode bei Knochenbildungsprozessen besteht darin, 50 % autogene und Leichen- oder tierische Transplantate zu mischen.<\/p>\n<h2><img loading=\"lazy\" decoding=\"async\" class=\"alignnone size-full wp-image-9178\" src=\"https:\/\/drhilalselamet.com\/wp-content\/uploads\/2022\/02\/kemik-tozu-uygulamalari.jpg\" alt=\"\" width=\"800\" height=\"450\" srcset=\"https:\/\/drhilalselamet.com\/wp-content\/uploads\/2022\/02\/kemik-tozu-uygulamalari.jpg 800w, https:\/\/drhilalselamet.com\/wp-content\/uploads\/2022\/02\/kemik-tozu-uygulamalari-300x169.jpg 300w, https:\/\/drhilalselamet.com\/wp-content\/uploads\/2022\/02\/kemik-tozu-uygulamalari-768x432.jpg 768w\" sizes=\"auto, (max-width: 800px) 100vw, 800px\" \/><\/h2>\n<h2><strong>Warum wird ein Knochentransplantat ben\u00f6tigt?<\/strong><\/h2>\n<p>Obwohl der Hauptgrund f\u00fcr die Notwendigkeit eines Knochentransplantats ein Implantat ist, kann diese Anwendung aus anderen Gr\u00fcnden erforderlich sein. K\u00fcnstliches Transplantat kann bei Operationen bei Kieferknochenentz\u00fcndungen und Zysten sowie beim Anheben der Nasennebenh\u00f6hlen verwendet werden. Der Kieferknochen ist enorm wichtig f\u00fcr das reibungslose Funktionieren der Z\u00e4hne. So wie ein Baum ohne Wurzeln sich nicht im Boden festhalten kann, k\u00f6nnen die Z\u00e4hne aufgrund von Knochenschwund nach und nach ausfallen. Das Gegenteil kann auch der Fall sein, das hei\u00dft, da die Kaufunktion im Bereich der verlorenen Z\u00e4hne nicht in den vorhandenen Kieferknochen \u00fcbergeht, kommt es mit der Zeit zu einer Resorption.<\/p>\n<h2><strong>Wie wird eine Knochentransplantation durchgef\u00fchrt?<\/strong><\/h2>\n<p>W\u00e4hrend der Knochentransplantation werden die verbleibenden L\u00fccken nach der Extraktion oder dem Ausfall der Z\u00e4hne mit Knochentransplantat gef\u00fcllt. Um den Abschluss des Ossifikationsprozesses des Pulvers zu erleichtern, wird bei Bedarf ein Material namens Membran verwendet. Die Membran wirkt als Barriere zwischen dem Weichgewebe und dem Transplantat und verhindert, dass das Weichgewebe das Transplantat erreicht, bis eine Ossifikation eintritt.<\/p>\n<p>Transplantate im operierten Bereich schlie\u00dfen die Ossifikationsphase mit der Zeit ab und die Membran l\u00f6st sich mit der Zeit auf. Bei Patienten, die sich einer Sinuslifting-Operation unterziehen, k\u00f6nnen Knochentransplantation und Implantation gleichzeitig durchgef\u00fchrt werden. Dazu muss die Knochenqualit\u00e4t des Patienten in einer Struktur sein, die das Implantat stabil halten kann. Wenn kein Knochengewebe vorhanden ist, um das Implantat stabil zu halten, sollten die Implantate nach einer gewissen Zeit nach dem Transplantationsprozess eingesetzt werden. Dieser Zeitraum betr\u00e4gt in der Regel einige Monate, der geeignetste Zeitpunkt f\u00fcr die Implantation wird jedoch vom Arzt festgelegt.<\/p>\n<h2><strong>Gibt es Schmerzen w\u00e4hrend der Anwendung des Knochentransplantats?<\/strong><\/h2>\n<p>Die Behandlung mit Zahnknochentransplantaten gilt als komfortables Verfahren, da sie mit \u00f6rtlicher Bet\u00e4ubung oder Vollnarkose durchgef\u00fchrt wird. Ihr Arzt wird Ihnen Schmerzmittel geben, damit Sie nach dem Eingriff einen angenehmen Prozess haben k\u00f6nnen. Obwohl nach der Operation leichte Blutungen, Schwellungen und Druckempfindlichkeit auftreten k\u00f6nnen, verschwinden alle Symptome innerhalb einer Woche.<\/p>\n<h2><img loading=\"lazy\" decoding=\"async\" class=\"alignnone size-full wp-image-9181\" src=\"https:\/\/drhilalselamet.com\/wp-content\/uploads\/2022\/02\/kemik-tozu-uygulamalari-2.jpg\" alt=\"\" width=\"800\" height=\"450\" srcset=\"https:\/\/drhilalselamet.com\/wp-content\/uploads\/2022\/02\/kemik-tozu-uygulamalari-2.jpg 800w, https:\/\/drhilalselamet.com\/wp-content\/uploads\/2022\/02\/kemik-tozu-uygulamalari-2-300x169.jpg 300w, https:\/\/drhilalselamet.com\/wp-content\/uploads\/2022\/02\/kemik-tozu-uygulamalari-2-768x432.jpg 768w\" sizes=\"auto, (max-width: 800px) 100vw, 800px\" \/><\/h2>\n<h2><strong>Was ist nach der Anwendung von Knochenpulver zu beachten?<\/strong><\/h2>\n<p>Nachdem Sie Knochenpulver auf das Zahnfleisch aufgetragen haben, k\u00f6nnen Sie den Verkn\u00f6cherungsprozess beschleunigen, indem Sie auf einige Details achten. Nach der Operation sollten Sie vermeiden, harte Speisen mit dem Knochenpulver-Auftragsbereich zu kauen. Gleichzeitig sollten Sie Ihre Mundhygiene mit Z\u00e4hneputzen, Zahnseide und einer Interface-B\u00fcrste aufrechterhalten. Sie sollten die von Ihrem Arzt verschriebenen Arzneimittel regelm\u00e4\u00dfig anwenden. Sie sollten es bei der Anwendung von Mundwasser nicht \u00fcbertreiben und den Rat Ihres Arztes befolgen. Rauchen und Alkoholkonsum geh\u00f6ren zu den Faktoren, die die Genesung erschweren. Es w\u00e4re die richtige Entscheidung f\u00fcr Sie, diese Gewohnheiten w\u00e4hrend der Genesungsphase aufzugeben.<\/p>\n","protected":false},"excerpt":{"rendered":"<p>Knochentransplantatanwendungen sind im Allgemeinen w\u00e4hrend der Implantatbehandlung erforderlich. Als Folge des Zahnverlustes beginnt der unt\u00e4tige Kieferknochen zu resorbieren. Knochenschwund kann<\/p>\n","protected":false},"author":1,"featured_media":0,"parent":0,"menu_order":0,"comment_status":"closed","ping_status":"closed","template":"","meta":{"footnotes":""},"class_list":["post-9436","page","type-page","status-publish"],"_links":{"self":[{"href":"https:\/\/drhilalselamet.com\/de\/wp-json\/wp\/v2\/pages\/9436","targetHints":{"allow":["GET"]}}],"collection":[{"href":"https:\/\/drhilalselamet.com\/de\/wp-json\/wp\/v2\/pages"}],"about":[{"href":"https:\/\/drhilalselamet.com\/de\/wp-json\/wp\/v2\/types\/page"}],"author":[{"embeddable":true,"href":"https:\/\/drhilalselamet.com\/de\/wp-json\/wp\/v2\/users\/1"}],"replies":[{"embeddable":true,"href":"https:\/\/drhilalselamet.com\/de\/wp-json\/wp\/v2\/comments?post=9436"}],"version-history":[{"count":0,"href":"https:\/\/drhilalselamet.com\/de\/wp-json\/wp\/v2\/pages\/9436\/revisions"}],"wp:attachment":[{"href":"https:\/\/drhilalselamet.com\/de\/wp-json\/wp\/v2\/media?parent=9436"}],"curies":[{"name":"wp","href":"https:\/\/api.w.org\/{rel}","templated":true}]}}