{"id":9434,"date":"2022-02-20T19:08:28","date_gmt":"2022-02-20T19:08:28","guid":{"rendered":"https:\/\/drhilalselamet.com\/zahnfleischbehandlungen\/flap-operations\/"},"modified":"2022-03-04T17:44:14","modified_gmt":"2022-03-04T17:44:14","slug":"flap-operations","status":"publish","type":"page","link":"https:\/\/drhilalselamet.com\/de\/zahnfleischbehandlungen\/flap-operations\/","title":{"rendered":"Flap Operations"},"content":{"rendered":"<p>Wenn Zahnstein und Plaque als Ergebnis der Reinigung oder K\u00fcrettagebehandlung nicht entfernt werden k\u00f6nnen, wird eine Lappenoperation durchgef\u00fchrt, um das Problem zu l\u00f6sen. Bei dieser Operation wird das Zahnfleisch ge\u00f6ffnet und Zahnstein, Entz\u00fcndungen und Plaque, die bis in die Tiefe reichen, gereinigt. Gleichzeitig werden je nach Ausma\u00df der Knochenzerst\u00f6rung notwendige Regenerationsprozesse (Ersatz des verlorenen Knochens) durchgef\u00fchrt. Die Knochenregeneration wird mit k\u00fcnstlichen Knochentransplantaten unterst\u00fctzt.<\/p>\n<p>Mit dem Schnitt, der w\u00e4hrend der Lappenoperation gemacht wurde, wird eine \u00d6ffnung in der Gingiva hergestellt. Diese \u00d6ffnung wird nach der Operation mit N\u00e4hten verschlossen. Wenn der Heilungsprozess abgeschlossen ist, haben Sie eine gesunde Zahn- und Zahnfleischstruktur. Mit der n\u00f6tigen Sorgfalt k\u00f6nnen Sie diese Struktur \u00fcber viele Jahre erhalten.<\/p>\n<h2>Warum wird eine Zahnfleischoperation durchgef\u00fchrt?<\/h2>\n<p>Der Hauptgrund f\u00fcr den Klappenbetrieb; \u00dcber die Durchf\u00fchrung einer solchen Operation entscheidet der Arzt aufgrund der symptomatischen Untersuchung. Probleme, mit denen der Patient in diesem Prozess konfrontiert ist; Zahnfleischbluten, Schwellung, Empfindlichkeit k\u00f6nnen aufgef\u00fchrt werden als. In der ersten Stufe wird der Patient mit Zahnsteinentfernung oder K\u00fcrettage behandelt. Durch regelm\u00e4\u00dfige Kontrollen, die aufgrund dieser Verfahren durchgef\u00fchrt werden, wird \u00fcberpr\u00fcft, ob die Behandlung wirkt oder nicht. Wenn der Zahnstein nicht vollst\u00e4ndig gereinigt ist und die Entz\u00fcndung noch besteht, wird zu einer Lappenoperation entschieden. Im Mund; Als Ergebnis der durchzuf\u00fchrenden Untersuchung mit Hilfe zahn\u00e4rztlicher Bildgebungsverfahren erh\u00e4lt der Patient einen Termin f\u00fcr die Zahnfleischlappenoperation. Es gibt einige Vorbereitungen, die der Patient vor der Operation treffen sollte.<\/p>\n<h2><img loading=\"lazy\" decoding=\"async\" class=\"alignnone wp-image-9126 size-full\" src=\"https:\/\/drhilalselamet.com\/wp-content\/uploads\/2022\/02\/flep-operasyonu-ve-kemi-tozu-e1646404754369.jpg\" alt=\"\" width=\"800\" height=\"450\" \/><\/h2>\n<h2>Dinge, die vor dem Klappenbetrieb zu tun sind<\/h2>\n<p>Zun\u00e4chst sollten Sie sich mental und k\u00f6rperlich auf diese Operation vorbereiten. Solche Operationen werden, sofern nicht anders angegeben, unter \u00f6rtlicher Bet\u00e4ubung durchgef\u00fchrt. Es wird erwartet, dass Sie mit vollem Magen zur Operation kommen.<\/p>\n<h2>Wie wird die Klappenbedienung durchgef\u00fchrt?<\/h2>\n<p>Erkranktes Gewebe wird durch den Schnitt erreicht, der w\u00e4hrend einer Zahnfleischlappenoperation gemacht wird. Nachdem die erkrankten Gewebe entfernt wurden; Nachdem der Zahnstein und die Plaque gereinigt und k\u00fcnstliche Transplantate eingesetzt wurden, wird der Einschnitt durch N\u00e4hen geschlossen. Wie viele Stunden der Eingriff dauert, h\u00e4ngt von der Breite des Problembereichs ab. Z.B; Wenn insgesamt 6 Z\u00e4hne behandelt werden m\u00fcssen, dauert die Operation etwa eine Stunde. Wenn k\u00fcnstliche Transplantate verwendet werden, kann die Zeit verl\u00e4ngert werden.<\/p>\n<h2>Wird die Klappenoperation bei allen durchgef\u00fchrt?<\/h2>\n<p>Eine Lappenoperation kann in jedem Alter durchgef\u00fchrt werden, jedoch kann die hohe Angst des Patienten w\u00e4hrend der Operation dies verhindern. In solchen F\u00e4llen werden vom Arzt Medikamente verabreicht, die dem Patienten Linderung verschaffen.<\/p>\n<h2>Ist die Klappenbedienung schwierig?<\/h2>\n<p>Diejenigen, die sich einer Lappenoperation unterziehen, sp\u00fcren keine Schmerzen oder Schmerzen, da sie w\u00e4hrend der Operation an\u00e4sthetisch sind. Daher kann man nicht sagen, dass eine Lappenoperation ein schwieriger Eingriff ist. Wenn Sie Ihre regelm\u00e4\u00dfigen Zahnarztbesuche nicht unterbrechen, k\u00f6nnen Sie das Problem mit der Zahnsteinreinigung ohne Lappenoperation l\u00f6sen und verhindern, dass der Zahnstein in tiefe Stellen vordringt.<\/p>\n<h2><\/h2>\n<h2><img loading=\"lazy\" decoding=\"async\" class=\"alignnone wp-image-9129 size-full\" src=\"https:\/\/drhilalselamet.com\/wp-content\/uploads\/2022\/02\/flep-operasyonu-ve-kemi-tozu-2-e1646404834995.jpg\" alt=\"\" width=\"800\" height=\"450\" \/><\/h2>\n<h2>Was ist nach Klappenbet\u00e4tigung zu beachten?<\/h2>\n<p>Das Zahnfleisch, das etwa eine Woche nach der Lappenoperation er\u00f6ffnet wird, wird vollst\u00e4ndig verschlossen und die F\u00e4den entfernt. Nach 3 Wochen ist Ihr Zahnfleisch vollst\u00e4ndig verheilt und frei von Entz\u00fcndungen. In der ersten Woche nach der Operation sollten keine harten Speisen und s\u00e4urehaltigen Getr\u00e4nke verzehrt werden; Rauchen verboten. Gleichzeitig sollten Sie in dieser Zeit keinen Alkohol trinken. Leichte Blutungen, Schmerzen und Schwellungen gelten nach einer Zahnfleischoperation als normal. Alle Symptome verschwinden innerhalb einer Woche. Wenn Sie nach der Operation nicht auf die Mundhygiene achten, k\u00f6nnen Sie das Wiederauftreten des gereinigten Zahnsteins und der Plaque verursachen. Aus diesem Grund sollten Sie Ihre Z\u00e4hne zweimal t\u00e4glich putzen, eine Zwischenb\u00fcrste verwenden und die Zahnzwischenr\u00e4ume mit Zahnseide reinigen.<\/p>\n<h2>Betriebssteuerung nach der Klappe<\/h2>\n<p>Nach einer Zahnfleischoperation wird Sie Ihr Arzt in regelm\u00e4\u00dfigen Abst\u00e4nden zu einer Kontrolluntersuchung bitten. Auf diese Weise wird der postoperative Heilungsprozess genau verfolgt und dieser Prozess wird bei Bedarf durch zus\u00e4tzliche Medikamente oder Mundhygienepraktiken unterst\u00fctzt. Sie k\u00f6nnen die positiven Auswirkungen der Operation \u00fcber viele Jahre sp\u00fcren, indem Sie die von Ihrem Arzt verschriebenen Medikamente anwenden und Ihre Kontrollen nicht st\u00f6ren.<\/p>\n","protected":false},"excerpt":{"rendered":"<p>Wenn Zahnstein und Plaque als Ergebnis der Reinigung oder K\u00fcrettagebehandlung nicht entfernt werden k\u00f6nnen, wird eine Lappenoperation durchgef\u00fchrt, um das<\/p>\n","protected":false},"author":1,"featured_media":0,"parent":9427,"menu_order":0,"comment_status":"closed","ping_status":"closed","template":"","meta":{"footnotes":""},"class_list":["post-9434","page","type-page","status-publish"],"_links":{"self":[{"href":"https:\/\/drhilalselamet.com\/de\/wp-json\/wp\/v2\/pages\/9434","targetHints":{"allow":["GET"]}}],"collection":[{"href":"https:\/\/drhilalselamet.com\/de\/wp-json\/wp\/v2\/pages"}],"about":[{"href":"https:\/\/drhilalselamet.com\/de\/wp-json\/wp\/v2\/types\/page"}],"author":[{"embeddable":true,"href":"https:\/\/drhilalselamet.com\/de\/wp-json\/wp\/v2\/users\/1"}],"replies":[{"embeddable":true,"href":"https:\/\/drhilalselamet.com\/de\/wp-json\/wp\/v2\/comments?post=9434"}],"version-history":[{"count":0,"href":"https:\/\/drhilalselamet.com\/de\/wp-json\/wp\/v2\/pages\/9434\/revisions"}],"up":[{"embeddable":true,"href":"https:\/\/drhilalselamet.com\/de\/wp-json\/wp\/v2\/pages\/9427"}],"wp:attachment":[{"href":"https:\/\/drhilalselamet.com\/de\/wp-json\/wp\/v2\/media?parent=9434"}],"curies":[{"name":"wp","href":"https:\/\/api.w.org\/{rel}","templated":true}]}}