{"id":9432,"date":"2022-02-20T19:04:58","date_gmt":"2022-02-20T19:04:58","guid":{"rendered":"https:\/\/drhilalselamet.com\/zahnfleischbehandlungen\/kuerettage-wurzelplanung-behandlung\/"},"modified":"2022-03-04T17:44:54","modified_gmt":"2022-03-04T17:44:54","slug":"kuerettage-wurzelplanung-behandlung","status":"publish","type":"page","link":"https:\/\/drhilalselamet.com\/de\/zahnfleischbehandlungen\/kuerettage-wurzelplanung-behandlung\/","title":{"rendered":"K\u00fcrettage (Wurzelplanung) Behandlung"},"content":{"rendered":"<p>Die tiefe Reinigung des Zahnfleisches und der Zahnwurzeln wird K\u00fcrettage genannt. Obwohl diese Behandlung oft mit der Zahnsteinreinigung verwechselt wird, unterscheidet sie sich in der Art und Weise, wie sie durchgef\u00fchrt wird. Ein weiteres Detail, das den Eingriff auszeichnet, ist, dass er unter \u00f6rtlicher Bet\u00e4ubung durchgef\u00fchrt wird. Plaque-, Zahnstein- und Entz\u00fcndungsbildungen beim Patienten, der die zahn\u00e4rztlichen Kontrollen nicht st\u00f6rt und alle 6 Monate zur Allgemeinuntersuchung geht, k\u00f6nnen fr\u00fchzeitig erkannt und durch die Zahnsteinreinigung zerst\u00f6rt werden. Geht der Patient trotzdem nicht regelm\u00e4\u00dfig zur Kontrolle, greift das Plaque- und Zahnsteinproblem auf das Zahnfleisch und die Zahnwurzeln \u00fcber. In diesem Stadium sollte eine K\u00fcrettagebehandlung durchgef\u00fchrt werden.<\/p>\n<h2><strong>Warum wird eine K\u00fcrettagebehandlung durchgef\u00fchrt?<\/strong><\/h2>\n<p>Essensreste, die sich auf Z\u00e4hnen ansammeln, die nicht regelm\u00e4\u00dfig geputzt und mit Zahnseide behandelt werden, bilden Plaque. Diese Plaques werden in Zukunft zu Zahnstein. Der Zahnstein f\u00fcllt sich in erster Linie um die Zahnoberfl\u00e4che und den Zahnfleischsaum. Wenn es unbehandelt bleibt, steigt es vom Zahnfleisch ab und erreicht die Wurzeln. Zahnstein, der auch Entz\u00fcndungen im Zahnfleisch und in der Zahnwurzel verursacht; Es verursacht Probleme wie Schmerzen, Blutungen und Verdunkelung der Zahnfleischfarbe. In sp\u00e4teren Stadien kann es zu Knochen- und Zahnverlust kommen.<\/p>\n<h2><strong>Wie wird eine K\u00fcrettagebehandlung durchgef\u00fchrt?<\/strong><\/h2>\n<p>Die K\u00fcrettage-Zahnreinigung sollte von einem Facharzt ohne Zeitverlust durchgef\u00fchrt werden. K\u00fcrettagebehandlungen, genauer gesagt Wurzeloberfl\u00e4chengl\u00e4ttungsprozesse, sind der Prozess der Reinigung infizierter Zahnwurzeloberfl\u00e4chen mit speziellen Werkzeugen, den K\u00fcretten. Bei diesem Verfahren werden die als pathologische Taschen bezeichneten Strukturen um die Zahnwurzeln ges\u00e4ubert und entfernt. W\u00e4hrend des Eingriffs wird eine Lokalan\u00e4sthesie angewendet, damit der Patient keine Schmerzen oder Schmerzen versp\u00fcrt. W\u00e4hrend der gingivalen K\u00fcrettage werden die Zahnwurzeln in einer Struktur wiederhergestellt, die keine Entz\u00fcndungen und Zahnsteinansammlungen zul\u00e4sst. Wenn nach der K\u00fcrettage keine Besserung der entz\u00fcndeten Teile eintritt, kann eine Lappenoperation erforderlich sein.<\/p>\n<h2><img loading=\"lazy\" decoding=\"async\" class=\"alignnone wp-image-9167 size-full\" src=\"https:\/\/drhilalselamet.com\/wp-content\/uploads\/2022\/02\/kuretaj-tedavileri.jpg\" alt=\"\" width=\"800\" height=\"450\" srcset=\"https:\/\/drhilalselamet.com\/wp-content\/uploads\/2022\/02\/kuretaj-tedavileri.jpg 800w, https:\/\/drhilalselamet.com\/wp-content\/uploads\/2022\/02\/kuretaj-tedavileri-300x169.jpg 300w, https:\/\/drhilalselamet.com\/wp-content\/uploads\/2022\/02\/kuretaj-tedavileri-768x432.jpg 768w\" sizes=\"auto, (max-width: 800px) 100vw, 800px\" \/><\/h2>\n<h2><strong>Ist K\u00fcrettage sch\u00e4dlich?<\/strong><\/h2>\n<p>Die K\u00fcrettage-Behandlung schadet nicht, im Gegenteil, sie hat viele Vorteile f\u00fcr die Zahngesundheit. Bei der Behandlung wird gesundes Zahnwurzelgewebe freigelegt. Da alle sch\u00e4dlichen Gewebe gereinigt werden, erh\u00e4lt Ihr Zahnfleisch ein gesundes Aussehen.<\/p>\n<h2><strong>Was sind die Vorteile der K\u00fcrettagebehandlung?<\/strong><\/h2>\n<p>Wenn Sie sich einer K\u00fcrettage-Zahnreinigung unterziehen, k\u00f6nnen Sie sowohl Ihr Zahnfleisch \u00e4sthetisch ges\u00fcnder aussehen lassen als auch Zahnfleischerkrankungen langfristig vorbeugen. Durch eine rechtzeitige K\u00fcrettage ist es m\u00f6glich, Problemen wie Knochenabbau und Zahnverlust vorzubeugen.<\/p>\n<h2><strong>Wie viele Sitzungen dauert eine K\u00fcrettage-Behandlung?<\/strong><\/h2>\n<p>Als Ergebnis einer ausf\u00fchrlichen Untersuchung durch den Arzt wird das Stadium des Problems im Zahnfleisch und in der Zahnwurzel bestimmt. Dementsprechend wird entschieden, in wie vielen Sitzungen der Prozess abgeschlossen wird. In F\u00e4llen, die nicht zu weit fortgeschritten sind, kann die K\u00fcrettagebehandlung in einer einzigen Sitzung abgeschlossen werden. Bei F\u00e4llen, die sich auf verschiedene Zahnwurzeln ausgebreitet haben und gro\u00dffl\u00e4chig gereinigt werden m\u00fcssen, erh\u00f6ht sich die Anzahl der Sitzungen.<\/p>\n<h2><img loading=\"lazy\" decoding=\"async\" class=\"alignnone wp-image-9170 size-full\" src=\"https:\/\/drhilalselamet.com\/wp-content\/uploads\/2022\/02\/kuretaj-tedavisi.jpg\" alt=\"\" width=\"800\" height=\"450\" srcset=\"https:\/\/drhilalselamet.com\/wp-content\/uploads\/2022\/02\/kuretaj-tedavisi.jpg 800w, https:\/\/drhilalselamet.com\/wp-content\/uploads\/2022\/02\/kuretaj-tedavisi-300x169.jpg 300w, https:\/\/drhilalselamet.com\/wp-content\/uploads\/2022\/02\/kuretaj-tedavisi-768x432.jpg 768w\" sizes=\"auto, (max-width: 800px) 100vw, 800px\" \/><\/h2>\n<h2><strong>Was ist nach der K\u00fcrettagebehandlung zu beachten?<\/strong><\/h2>\n<p>Es gibt einige Elemente, auf die Sie achten sollten, um den Heilungsprozess nach einer zahn\u00e4rztlichen K\u00fcrettage zu beschleunigen. Zun\u00e4chst sollten Sie akzeptieren, dass einige Komplikationen nach dem Eingriff normal sind. Einige dieser Komplikationen sind; Hitze-K\u00e4lte-Empfindlichkeit, leichte Blutungen und Schmerzen. In den ersten zwei Tagen nach dem Eingriff sollten keine Zigaretten und kein Alkohol konsumiert werden. Gleichzeitig sollten keine extrem kalten oder hei\u00dfen Speisen verzehrt werden. W\u00e4hrend dieses Vorgangs wird Ihnen Ihr Arzt sagen, wie oft Sie gurgeln sollten und welche Medikamente Sie verwenden sollten. Dar\u00fcber hinaus gibt es Ihnen auch die notwendigen Informationen zur Aufrechterhaltung Ihrer Mundhygiene. Wenn Sie diese Empfehlungen befolgen, k\u00f6nnen Sie die Vorteile der K\u00fcrettage l\u00e4nger anhalten und Ihre Zahngesundheit stets sch\u00fctzen.<\/p>\n<p>Sie k\u00f6nnen sich auch f\u00fcr eine K\u00fcrettagebehandlung an die Zahnklinik DentaVina wenden.<\/p>\n","protected":false},"excerpt":{"rendered":"<p>Die tiefe Reinigung des Zahnfleisches und der Zahnwurzeln wird K\u00fcrettage genannt. Obwohl diese Behandlung oft mit der Zahnsteinreinigung verwechselt wird,<\/p>\n","protected":false},"author":1,"featured_media":0,"parent":9427,"menu_order":0,"comment_status":"closed","ping_status":"closed","template":"","meta":{"footnotes":""},"class_list":["post-9432","page","type-page","status-publish"],"_links":{"self":[{"href":"https:\/\/drhilalselamet.com\/de\/wp-json\/wp\/v2\/pages\/9432","targetHints":{"allow":["GET"]}}],"collection":[{"href":"https:\/\/drhilalselamet.com\/de\/wp-json\/wp\/v2\/pages"}],"about":[{"href":"https:\/\/drhilalselamet.com\/de\/wp-json\/wp\/v2\/types\/page"}],"author":[{"embeddable":true,"href":"https:\/\/drhilalselamet.com\/de\/wp-json\/wp\/v2\/users\/1"}],"replies":[{"embeddable":true,"href":"https:\/\/drhilalselamet.com\/de\/wp-json\/wp\/v2\/comments?post=9432"}],"version-history":[{"count":0,"href":"https:\/\/drhilalselamet.com\/de\/wp-json\/wp\/v2\/pages\/9432\/revisions"}],"up":[{"embeddable":true,"href":"https:\/\/drhilalselamet.com\/de\/wp-json\/wp\/v2\/pages\/9427"}],"wp:attachment":[{"href":"https:\/\/drhilalselamet.com\/de\/wp-json\/wp\/v2\/media?parent=9432"}],"curies":[{"name":"wp","href":"https:\/\/api.w.org\/{rel}","templated":true}]}}