{"id":9427,"date":"2022-02-20T18:55:32","date_gmt":"2022-02-20T18:55:32","guid":{"rendered":"https:\/\/drhilalselamet.com\/zahnfleischbehandlungen\/"},"modified":"2022-03-04T17:44:04","modified_gmt":"2022-03-04T17:44:04","slug":"zahnfleischbehandlungen","status":"publish","type":"page","link":"https:\/\/drhilalselamet.com\/de\/zahnfleischbehandlungen\/","title":{"rendered":"Zahnfleischbehandlungen"},"content":{"rendered":"<p>Die Gingiva ist ein rosafarbenes Gewebe, das an den Zahnwurzeln befestigt ist und an den Kieferknochen angrenzt. Dieses Gewebe ist in der Lage, den Zahn zu ern\u00e4hren. Die ungesunde Struktur des Zahnfleisches hat viele negative Auswirkungen. Aus diesem Grund sollten Sie die Botschaften, die aus Ihrem Mund kommen, richtig lesen und gegebenenfalls den Zahnarzt aufsuchen. Erkrankungen wie Verdunkelung des Zahnfleisches, Bluten beim Z\u00e4hneputzen oder Bei\u00dfen von harten Speisen, Mundgeruch; weist auf verschiedene gesundheitliche Probleme hin. Zahnfleischbehandlungen unterscheiden sich je nach Ausma\u00df dieser Probleme.<\/p>\n<p><strong>Zahnfleischerkrankungen<\/strong><\/p>\n<p>Bevor wir dar\u00fcber sprechen, was Zahnfleischbehandlungen sind, ist es sinnvoll, die behandelten Krankheiten im Detail zu untersuchen. Diese Krankheiten k\u00f6nnen miteinander fortschreiten oder sich aufgrund genetischer Faktoren oder schlechter Mundhygiene entwickeln. Sch\u00e4dliche Gewohnheiten wie Rauchen, Drogen und einige schwere Krankheiten sind ebenfalls wichtige Ausl\u00f6ser f\u00fcr die Entstehung von Zahnfleischproblemen.<\/p>\n<p><strong>Zahnstein<\/strong><\/p>\n<p>Die Reste der Nahrung, die Sie tags\u00fcber zu sich nehmen, verursachen die Bildung einer Schicht, die als Zahnbelag bezeichnet wird. Eine unsachgem\u00e4\u00dfe Entfernung dieser Plaques und die Ansammlung von R\u00fcckst\u00e4nden f\u00fchren zur Bildung von Zahnstein. Zahnstein \u00e4u\u00dfert sich durch braune Flecken auf den Z\u00e4hnen. In einigen F\u00e4llen kann es an der Anfangslinie des Zahnfleisches gesehen werden. Bei der Zahnsteinentfernung ist es sinnvoll, sich von einem Facharzt unterst\u00fctzen zu lassen. Es ist nicht m\u00f6glich, Zahnstein durch B\u00fcrsten oder F\u00e4den zu entfernen, aber nach der Reinigung haben Sie die M\u00f6glichkeit, der Bildung von Zahnstein durch regelm\u00e4\u00dfige Zahnpflege vorzubeugen. Wenn Zahnstein nicht rechtzeitig behandelt wird, verursacht er verschiedene Zahnfleischerkrankungen.<\/p>\n<h2><img loading=\"lazy\" decoding=\"async\" class=\"wp-image-9087 alignnone\" src=\"https:\/\/drhilalselamet.com\/wp-content\/uploads\/2022\/02\/distasi-1.jpg\" alt=\"\" width=\"400\" height=\"225\" srcset=\"https:\/\/drhilalselamet.com\/wp-content\/uploads\/2022\/02\/distasi-1.jpg 800w, https:\/\/drhilalselamet.com\/wp-content\/uploads\/2022\/02\/distasi-1-300x169.jpg 300w, https:\/\/drhilalselamet.com\/wp-content\/uploads\/2022\/02\/distasi-1-768x432.jpg 768w\" sizes=\"auto, (max-width: 400px) 100vw, 400px\" \/><img loading=\"lazy\" decoding=\"async\" class=\"wp-image-9090 alignnone\" src=\"https:\/\/drhilalselamet.com\/wp-content\/uploads\/2022\/02\/distasi-2.jpg\" alt=\"\" width=\"400\" height=\"225\" srcset=\"https:\/\/drhilalselamet.com\/wp-content\/uploads\/2022\/02\/distasi-2.jpg 800w, https:\/\/drhilalselamet.com\/wp-content\/uploads\/2022\/02\/distasi-2-300x169.jpg 300w, https:\/\/drhilalselamet.com\/wp-content\/uploads\/2022\/02\/distasi-2-768x432.jpg 768w\" sizes=\"auto, (max-width: 400px) 100vw, 400px\" \/><\/h2>\n<p><strong>Zahnfleischschwund (Parodontitis)<\/strong><\/p>\n<p>Symptome einer Zahnfleischrezession k\u00f6nnen sich negativ auf Ihre Mundgesundheit auswirken und ein \u00e4sthetisch schlechtes Erscheinungsbild verursachen. Wie der Name schon sagt, wird bei diesem Zustand das Zahnfleisch nach hinten gezogen und hinterl\u00e4sst eine L\u00fccke. Dieser Raum eignet sich hervorragend f\u00fcr das Wachstum von Bakterien. Wird die Rezession nicht behandelt, beginnt ein gef\u00e4hrlicher Prozess f\u00fcr den Zahn. Am Ende des Prozesses sind Gewebe und Knochen um den Zahn herum besch\u00e4digt. Aus diesem Grund wird der Zahn irreversibel gesch\u00e4digt und muss extrahiert werden. Parodontitis wird je nach Entwicklungsstand der Erkrankung in intermedi\u00e4r und fortgeschritten eingeteilt. Auch die anzuwendenden Zahnfleischbehandlungen variieren je nach dieser Einteilung.<\/p>\n<h2><img loading=\"lazy\" decoding=\"async\" class=\"wp-image-9107 alignnone\" src=\"https:\/\/drhilalselamet.com\/wp-content\/uploads\/2022\/02\/diseti-cekilmesi-1-300x169.jpg\" alt=\"\" width=\"265\" height=\"149\" srcset=\"https:\/\/drhilalselamet.com\/wp-content\/uploads\/2022\/02\/diseti-cekilmesi-1-300x169.jpg 300w, https:\/\/drhilalselamet.com\/wp-content\/uploads\/2022\/02\/diseti-cekilmesi-1-768x432.jpg 768w, https:\/\/drhilalselamet.com\/wp-content\/uploads\/2022\/02\/diseti-cekilmesi-1.jpg 800w\" sizes=\"auto, (max-width: 265px) 100vw, 265px\" \/><img loading=\"lazy\" decoding=\"async\" class=\"wp-image-9110 alignnone\" src=\"https:\/\/drhilalselamet.com\/wp-content\/uploads\/2022\/02\/diseti-cekilmesi-2-300x169.jpg\" alt=\"\" width=\"265\" height=\"149\" srcset=\"https:\/\/drhilalselamet.com\/wp-content\/uploads\/2022\/02\/diseti-cekilmesi-2-300x169.jpg 300w, https:\/\/drhilalselamet.com\/wp-content\/uploads\/2022\/02\/diseti-cekilmesi-2-768x432.jpg 768w, https:\/\/drhilalselamet.com\/wp-content\/uploads\/2022\/02\/diseti-cekilmesi-2.jpg 800w\" sizes=\"auto, (max-width: 265px) 100vw, 265px\" \/><img loading=\"lazy\" decoding=\"async\" class=\"wp-image-9113 alignnone\" src=\"https:\/\/drhilalselamet.com\/wp-content\/uploads\/2022\/02\/diseti-cekilmesi-3-300x169.jpg\" alt=\"\" width=\"265\" height=\"149\" srcset=\"https:\/\/drhilalselamet.com\/wp-content\/uploads\/2022\/02\/diseti-cekilmesi-3-300x169.jpg 300w, https:\/\/drhilalselamet.com\/wp-content\/uploads\/2022\/02\/diseti-cekilmesi-3-768x432.jpg 768w, https:\/\/drhilalselamet.com\/wp-content\/uploads\/2022\/02\/diseti-cekilmesi-3.jpg 800w\" sizes=\"auto, (max-width: 265px) 100vw, 265px\" \/><\/h2>\n<p><strong>Wie werden Zahnfleischerkrankungen behandelt?<\/strong><\/p>\n<p>Eine regelm\u00e4\u00dfige \u00e4rztliche Kontrolle ist f\u00fcr die rechtzeitige Behandlung von Zahnfleischerkrankungen unerl\u00e4sslich. Probleme wie Zahnfleischbluten, Mundgeruch; Es wird von den meisten Menschen als normal angesehen und es besteht keine Notwendigkeit, Vorsichtsma\u00dfnahmen zu treffen oder einen Zahnarzt aufzusuchen. Aus diesem Grund verhelfen sie dem Problem zu ernsten Ausma\u00dfen, ohne es zu merken. Wird bei regelm\u00e4\u00dfigen Untersuchungen im Anfangsstadium eine Zahnfleischerkrankung festgestellt, kann diese mit der richtigen Mundhygiene beseitigt werden.<\/p>\n<p><strong>Intermedi\u00e4re Parodontitis<\/strong><\/p>\n<p>Bakterien, die bis in eine Tiefe von etwa 4-6 mm vordringen, verursachen Schwellungen und Blutungen im Zahnfleisch. K\u00fcrettage wird bei solchen F\u00e4llen von Parodontitis durchgef\u00fchrt, die das mittlere Niveau erreichen, weil sie nicht bemerkt wird. Der Hauptunterschied dieses Verfahrens zur Zahnsteinreinigung besteht darin, dass es an tiefen Stellen und nicht an der Oberfl\u00e4che durchgef\u00fchrt wird. Bei Bedarf wird w\u00e4hrend der K\u00fcrettage eine Lokalan\u00e4sthesie angewendet. Schmerz und Leid entstehen nicht. In einigen F\u00e4llen ist es m\u00f6glicherweise nicht m\u00f6glich, die gesamte Reinigung auf einmal abzuschlie\u00dfen. Daher wird mehr als eine Sitzung durchgef\u00fchrt. Es ist normal, dass die Z\u00e4hne einige Tage nach dem Eingriff empfindlich sind. 48 Stunden nach dem Eingriff nicht zu rauchen oder Alkohol zu trinken, tr\u00e4gt positiv zur Genesung bei. Gleichzeitig sollte auf den Konsum von kalten Getr\u00e4nken verzichtet werden, um die am Tag nach der K\u00fcrettage auftretende Empfindlichkeit nicht zu erh\u00f6hen. Die Reklamation der Sensibilit\u00e4t wird sp\u00e4testens innerhalb einer Woche vor\u00fcber sein.<\/p>\n<h2><img loading=\"lazy\" decoding=\"async\" class=\"alignnone wp-image-9120\" src=\"https:\/\/drhilalselamet.com\/wp-content\/uploads\/2022\/02\/orta-duzey-periodontitis-kuretaj-300x169.jpg\" alt=\"\" width=\"400\" height=\"225\" srcset=\"https:\/\/drhilalselamet.com\/wp-content\/uploads\/2022\/02\/orta-duzey-periodontitis-kuretaj-300x169.jpg 300w, https:\/\/drhilalselamet.com\/wp-content\/uploads\/2022\/02\/orta-duzey-periodontitis-kuretaj-768x432.jpg 768w, https:\/\/drhilalselamet.com\/wp-content\/uploads\/2022\/02\/orta-duzey-periodontitis-kuretaj.jpg 800w\" sizes=\"auto, (max-width: 400px) 100vw, 400px\" \/><img loading=\"lazy\" decoding=\"async\" class=\"alignnone wp-image-9123\" src=\"https:\/\/drhilalselamet.com\/wp-content\/uploads\/2022\/02\/orta-duzey-periodontitis-kuretaj-2-300x169.jpg\" alt=\"\" width=\"400\" height=\"225\" srcset=\"https:\/\/drhilalselamet.com\/wp-content\/uploads\/2022\/02\/orta-duzey-periodontitis-kuretaj-2-300x169.jpg 300w, https:\/\/drhilalselamet.com\/wp-content\/uploads\/2022\/02\/orta-duzey-periodontitis-kuretaj-2-768x432.jpg 768w, https:\/\/drhilalselamet.com\/wp-content\/uploads\/2022\/02\/orta-duzey-periodontitis-kuretaj-2.jpg 800w\" sizes=\"auto, (max-width: 400px) 100vw, 400px\" \/><\/h2>\n<p><strong>Wie wird die Pflege nach der K\u00fcrettage durchgef\u00fchrt?<\/strong><\/p>\n<p>Diejenigen, die eine zahn\u00e4rztliche K\u00fcrettage haben, sollten die vom Arzt verabreichten desensibilisierenden Medikamente verwenden. Auch Gurgeln mit Salzwasser kann Linderung verschaffen. Es ist sinnvoll, die K\u00fcrettageseite eine Zeit lang nicht zu erm\u00fcden und m\u00f6glichst nicht in den Kauprozess einzubeziehen. Am ersten Tag sollte die Zahnb\u00fcrste mit sanften Bewegungen verwendet werden; Die routinem\u00e4\u00dfige Reinigung sollte in den folgenden Tagen fortgesetzt werden.<\/p>\n<p><strong>Fortgeschrittene Parodontitis (fortgeschrittene Zahnfleischerkrankung)<\/strong><\/p>\n<p>Das Fortschreiten von Zahnfleischerkrankungen erfordert die Anwendung chirurgischer Methoden. Mit Hilfe einer ausf\u00fchrlichen \u00e4rztlichen Untersuchung und bildgebenden Verfahren wird \u00fcber die Art des durchzuf\u00fchrenden chirurgischen Eingriffs entschieden.<\/p>\n<p><strong>Klappenbetrieb<\/strong><\/p>\n<p>Bei der Lappenoperation wird an der Problemstelle ein kleiner Schnitt gesetzt und Zahn und Zahnfleisch voneinander getrennt. Durch die Entfernung des Einschnitts wird der Zugang zu den zu behandelnden Geweben erleichtert. Nach der Reinigung des Gewebes oder der Zahnwurzel, wo die Entz\u00fcndung auftritt, wird eine antibiotische Behandlung angewendet, wenn der Arzt dies f\u00fcr notwendig erachtet. Im letzten Schritt wird der ge\u00f6ffnete Schnitt verschlossen.<\/p>\n<p><strong>K\u00fcnstliche Knochentransplantate<\/strong><\/p>\n<p>Zahnfleischerkrankungen verursachen mit der Zeit auch Knochensch\u00e4den. In solchen F\u00e4llen werden bei der Lappenoperation k\u00fcnstliche Knochentransplantate verwendet. Mit den aus vielen verschiedenen Quellen und in Pulverform gewonnenen Transplantaten wird der gesch\u00e4digte Knochen repariert und seine Funktionen erhalten.<\/p>\n<h2><img loading=\"lazy\" decoding=\"async\" class=\"alignnone wp-image-9126\" src=\"https:\/\/drhilalselamet.com\/wp-content\/uploads\/2022\/02\/flep-operasyonu-ve-kemi-tozu-e1646404754369.jpg\" alt=\"\" width=\"400\" height=\"225\" \/><img loading=\"lazy\" decoding=\"async\" class=\"alignnone wp-image-9129\" src=\"https:\/\/drhilalselamet.com\/wp-content\/uploads\/2022\/02\/flep-operasyonu-ve-kemi-tozu-2-e1646404834995.jpg\" alt=\"\" width=\"400\" height=\"225\" \/><\/h2>\n<p><strong>Zahnextraktion bei fortgeschrittenen Zahnfleischerkrankungen<\/strong><\/p>\n<p>Infektionen, die sich in parodontalen Taschen ansammeln, f\u00fchren dazu, dass sich der Zahn mit der Zeit lockert. Infolge des Sch\u00fcttelns, das durch die Zerst\u00f6rung des St\u00fctzgewebes auftritt, muss der Zahn extrahiert werden. Sie k\u00f6nnen Informationen dar\u00fcber erhalten, ob Sie von Behandlungen f\u00fcr fehlende Z\u00e4hne profitieren k\u00f6nnen, indem Sie sich nach der Extraktion Ihres Zahns an Ihren Arzt wenden.<\/p>\n<h2><img loading=\"lazy\" decoding=\"async\" class=\"alignnone wp-image-9132 size-full\" src=\"https:\/\/drhilalselamet.com\/wp-content\/uploads\/2022\/02\/ilerlemis-diseti-hastaliginda-dis-cekimi.jpg\" alt=\"\" width=\"800\" height=\"450\" srcset=\"https:\/\/drhilalselamet.com\/wp-content\/uploads\/2022\/02\/ilerlemis-diseti-hastaliginda-dis-cekimi.jpg 800w, https:\/\/drhilalselamet.com\/wp-content\/uploads\/2022\/02\/ilerlemis-diseti-hastaliginda-dis-cekimi-300x169.jpg 300w, https:\/\/drhilalselamet.com\/wp-content\/uploads\/2022\/02\/ilerlemis-diseti-hastaliginda-dis-cekimi-768x432.jpg 768w\" sizes=\"auto, (max-width: 800px) 100vw, 800px\" \/><\/h2>\n<p><strong>Dinge, die zus\u00e4tzlich zu Zahnfleischbehandlungen zu beachten sind<\/strong><\/p>\n<p>Es besteht ein starker Zusammenhang zwischen Zahnfleischerkrankungen und mangelnder Beachtung Ihrer individuellen Mundpflege. Unter Mundpflege versteht man in der T\u00fcrkei in der Regel nur das Z\u00e4hneputzen, aber unterst\u00fctzende Elemente wie die Verwendung von Zahnseide und das Sp\u00fclen des Mundes mit Mundwasser sollten nicht vergessen werden. Auch hier ist die Wahl des richtigen Produkts f\u00fcr die Bed\u00fcrfnisse Ihres Zahns wichtig. Sie k\u00f6nnen die Mundpflege effektiver durchf\u00fchren, indem Sie eine f\u00fcr die Zahnsubstanz geeignete B\u00fcrste und eine inhaltsreiche Paste w\u00e4hlen.<\/p>\n<p><strong>Regelm\u00e4\u00dfiges Z\u00e4hneputzen<\/strong><\/p>\n<p>Experten sagen im Allgemeinen, dass Z\u00e4hne zweimal t\u00e4glich geputzt werden sollten. Das B\u00fcrsten tags\u00fcber, nach dem Fr\u00fchst\u00fcck und abends vor dem Schlafengehen reicht aus, um alle R\u00fcckst\u00e4nde zu entfernen. Zwischen den Mahlzeiten kommt es durch die gr\u00fcndliche Mundsp\u00fclung zu keiner Plaquebildung durch die R\u00fcckst\u00e4nde. Unsachgem\u00e4\u00dfes Z\u00e4hneputzen verursacht Zahnfleischerkrankungen. Wenn der harte und falsche Putzvorgang kontinuierlich wiederholt wird, ist Zahnfleischr\u00fcckgang zu sehen. Aus diesem Grund sollten die Z\u00e4hne von oben nach unten geputzt werden, um keine Essensreste zwischendurch zu hinterlassen. Im letzten Schritt sollten die Bakterien auf der Zunge mit einem Zungenreiniger zerst\u00f6rt werden.<\/p>\n<p><strong>Reinigung mit Zahnseide<\/strong><\/p>\n<p>Auch bei regelm\u00e4\u00dfigem Z\u00e4hneputzen k\u00f6nnen manchmal Essensreste zwischendurch zu Zahnsteinbildung f\u00fchren. Aus diesem Grund k\u00f6nnen Sie die Speisereste mit Zahnseide restlos reinigen. Zahnseide wird nach dem Z\u00e4hneputzen verwendet. Sie sollten den sauberen Teil der Zahnseide f\u00fcr jeden Zahn verwenden, damit die Reste, die an der Zahnseide haften, nicht wieder in Ihre Z\u00e4hne gelangen.<\/p>\n<p><strong>Verwendung von Mundwasser<\/strong><\/p>\n<p>Neben Zahnfleischbehandlungen hilft Ihnen auch die Anwendung von Mundsp\u00fclungen, Ihre Beschwerden zu lindern. Ihr Atem wird immer frischer mit Mundsp\u00fclungen, die vorteilhaft sind, um Mundgeruch zu beseitigen, Bakterien abzut\u00f6ten und f\u00fcr dauerhafte Hygiene zu sorgen. Auch nach dem Z\u00e4hneputzen sollten Sie gurgeln. Auf der Packung steht, wie viele Sekunden Sie die Mundsp\u00fclung im Mund behalten sollten. Sie sollten darauf achten, diesen Zeitraum nicht zu \u00fcberschreiten, und Sie sollten die L\u00f6sung niemals schlucken.<\/p>\n<p>Sie k\u00f6nnen nach Terminvereinbarung die DentaVina Klinik in Suadiye aufsuchen, um sich bei Zahnfleischerkrankungen unterst\u00fctzen zu lassen. Kontaktieren Sie uns umgehend, um Ihre Zahngesundheit zu sch\u00fctzen<\/p>\n<p>&nbsp;<\/p>\n","protected":false},"excerpt":{"rendered":"<p>Die Gingiva ist ein rosafarbenes Gewebe, das an den Zahnwurzeln befestigt ist und an den Kieferknochen angrenzt. Dieses Gewebe ist<\/p>\n","protected":false},"author":1,"featured_media":0,"parent":0,"menu_order":0,"comment_status":"closed","ping_status":"closed","template":"","meta":{"footnotes":""},"class_list":["post-9427","page","type-page","status-publish"],"_links":{"self":[{"href":"https:\/\/drhilalselamet.com\/de\/wp-json\/wp\/v2\/pages\/9427","targetHints":{"allow":["GET"]}}],"collection":[{"href":"https:\/\/drhilalselamet.com\/de\/wp-json\/wp\/v2\/pages"}],"about":[{"href":"https:\/\/drhilalselamet.com\/de\/wp-json\/wp\/v2\/types\/page"}],"author":[{"embeddable":true,"href":"https:\/\/drhilalselamet.com\/de\/wp-json\/wp\/v2\/users\/1"}],"replies":[{"embeddable":true,"href":"https:\/\/drhilalselamet.com\/de\/wp-json\/wp\/v2\/comments?post=9427"}],"version-history":[{"count":0,"href":"https:\/\/drhilalselamet.com\/de\/wp-json\/wp\/v2\/pages\/9427\/revisions"}],"wp:attachment":[{"href":"https:\/\/drhilalselamet.com\/de\/wp-json\/wp\/v2\/media?parent=9427"}],"curies":[{"name":"wp","href":"https:\/\/api.w.org\/{rel}","templated":true}]}}