{"id":8811,"date":"2022-01-14T01:47:39","date_gmt":"2022-01-14T01:47:39","guid":{"rendered":"https:\/\/drhilalselamet.com\/dentavina-klinik\/"},"modified":"2026-02-27T22:07:42","modified_gmt":"2026-02-27T19:07:42","slug":"unsere-klinik","status":"publish","type":"page","link":"https:\/\/drhilalselamet.com\/de\/unsere-klinik\/","title":{"rendered":"Unsere Klinik"},"content":{"rendered":"<section class=\"wpb-content-wrapper\"><p>[vc_row full_width=&#8220;stretch_row&#8220; content_placement=&#8220;middle&#8220; css=&#8220;.vc_custom_1642115204352{margin-bottom: 0px !important;padding-top: 60px !important;padding-bottom: 2vh !important;background-image: url(https:\/\/drhilalselamet.com\/wp-content\/uploads\/2022\/01\/dentavina-bg-hero-section-opt.jpg?id=8693) !important;background-position: center !important;background-repeat: no-repeat !important;background-size: cover !important;}&#8220; mobile_bg_img_hidden=&#8220;no&#8220; tablet_bg_img_hidden=&#8220;no&#8220; woodmart_parallax=&#8220;0&#8243; woodmart_gradient_switch=&#8220;no&#8220; row_reverse_mobile=&#8220;0&#8243; row_reverse_tablet=&#8220;0&#8243; woodmart_disable_overflow=&#8220;0&#8243;][vc_column width=&#8220;1\/2&#8243; css=&#8220;.vc_custom_1624455186752{margin-bottom: 4vh !important;padding-top: 0px !important;}&#8220; mobile_bg_img_hidden=&#8220;no&#8220; tablet_bg_img_hidden=&#8220;no&#8220; woodmart_parallax=&#8220;0&#8243; woodmart_sticky_column=&#8220;false&#8220; parallax_scroll=&#8220;no&#8220; mobile_reset_margin=&#8220;no&#8220; tablet_reset_margin=&#8220;no&#8220;][vc_single_image image=&#8220;8692&#8243; img_size=&#8220;full&#8220; css=&#8220;.vc_custom_1642114122858{margin-bottom: 0px !important;}&#8220; woodmart_inline=&#8220;no&#8220; parallax_scroll=&#8220;no&#8220;][\/vc_column][vc_column width=&#8220;1\/2&#8243; css=&#8220;.vc_custom_1624455570482{margin-bottom: 4vh !important;padding-top: 0px !important;}&#8220; mobile_bg_img_hidden=&#8220;no&#8220; tablet_bg_img_hidden=&#8220;no&#8220; woodmart_parallax=&#8220;0&#8243; woodmart_sticky_column=&#8220;false&#8220; parallax_scroll=&#8220;no&#8220; mobile_reset_margin=&#8220;no&#8220; tablet_reset_margin=&#8220;no&#8220; offset=&#8220;vc_col-lg-6&#8243;]\t\t\t<div id=\"wd-69923cd6bf01d\" class=\"wd-text-block-wrapper wd-wpb wd-rs-69923cd6bf01d color-scheme- text-left vc_custom_1771191521865\">\n\t\t\t\t<div class=\"woodmart-title-container woodmart-text-block reset-last-child font-text wd-font-weight- wd-fontsize-m\">\n\t\t\t\t\tKad\u0131koy \/ ISTANBUL\t\t\t\t<\/div>\n\n\t\t\t\t\t\t\t<\/div>\n\t\t\n\t\t<div id=\"wd-69923c369e1c0\" class=\"title-wrapper wd-wpb wd-set-mb reset-last-child  wd-rs-69923c369e1c0 wd-title-color-default wd-title-style-default text-left vc_custom_1771191506858 wd-underline-colored\">\n\t\t\t\n\t\t\t<div class=\"liner-continer\">\n\t\t\t\t<h4 class=\"woodmart-title-container title  wd-font-weight-400 wd-fontsize-l\" >Unsere Klinik<\/h4>\n\t\t\t\t\t\t\t<\/div>\n\t\t\t\n\t\t\t\n\t\t\t\n\t\t<\/div>\n\t\t\n\t\t\t\t\t<div id=\"wd-69923b54bfd5a\" class=\"wd-text-block-wrapper wd-wpb wd-rs-69923b54bfd5a color-scheme- text-left wd-width-enabled \" style=\"--wd-max-width: 90%;\">\n\t\t\t\t<div class=\"woodmart-title-container woodmart-text-block reset-last-child font-text wd-font-weight- \">\n\t\t\t\t\tUnsere Klinik wurde 2020 in Kad\u0131k\u00f6y, von Dr. Hilal Selamet, Spezialistin f\u00fcr Parodontologie und Implantologie.<\/p>\n<p>Unsere Patienten werden in allen Bereichen der Zahnheilkunde mit einem klinischen Verst\u00e4ndnis behandelt, das ethische Grunds\u00e4tze und die Gesundheit der Patienten in den Vordergrund stellt.\t\t\t\t<\/div>\n\n\t\t\t\t\t\t\t<\/div>\n\t\t[\/vc_column][\/vc_row][vc_row full_width=&#8220;stretch_row_content&#8220; equal_height=&#8220;yes&#8220; content_placement=&#8220;middle&#8220; woodmart_parallax=&#8220;0&#8243; woodmart_gradient_switch=&#8220;no&#8220; row_reverse_mobile=&#8220;0&#8243; row_reverse_tablet=&#8220;0&#8243; woodmart_disable_overflow=&#8220;0&#8243; css=&#8220;.vc_custom_1642116733224{margin-top: 0px !important;margin-bottom: 0px !important;padding-top: 0px !important;background-color: #f9f9f9 !important;}&#8220; mobile_bg_img_hidden=&#8220;no&#8220; tablet_bg_img_hidden=&#8220;no&#8220;][vc_column width=&#8220;1\/2&#8243; css=&#8220;.vc_custom_1538148071258{margin-bottom: 40px !important;}&#8220; woodmart_parallax=&#8220;0&#8243; parallax_scroll=&#8220;no&#8220; woodmart_sticky_column=&#8220;false&#8220;]\t\t\t<div id=\"wd-61ed3c7a6759d\" class=\"wd-text-block-wrapper wd-wpb wd-rs-61ed3c7a6759d color-scheme-dark text-center wd-width-enabled \" style=\"--wd-max-width: 50%;\">\n\t\t\t\t<div class=\"woodmart-title-container woodmart-text-block reset-last-child font-primary wd-font-weight- \">\n\t\t\t\t\tWir verf\u00fcgen \u00fcber modernste und technologische klinische Ausstattung\t\t\t\t<\/div>\n\n\t\t\t\t\t\t\t<\/div>\n\t\t\t\t\t<div id=\"wd-61ed3c94c96a6\" class=\"wd-text-block-wrapper wd-wpb wd-rs-61ed3c94c96a6 color-scheme- text-center wd-width-enabled \" style=\"--wd-max-width: 80%;\">\n\t\t\t\t<div class=\"woodmart-title-container woodmart-text-block reset-last-child font-text wd-font-weight- \">\n\t\t\t\t\tNeben Wissen und Erfahrung in der richtigen Diagnose und Behandlung in der Zahnheilkunde ist es auch sehr wertvoll, von technologischen M\u00f6glichkeiten zu profitieren. In unserer Klinik behandeln wir unsere Patienten mit der technologischen Infrastruktur, in der wir von modernster Technologie profitieren k\u00f6nnen, von bildgebenden Systemen bis hin zu Behandlungsger\u00e4ten.\t\t\t\t<\/div>\n\n\t\t\t\t\t\t\t<\/div>\n\t\t[vc_single_image image=&#8220;8124&#8243; img_size=&#8220;full&#8220; alignment=&#8220;center&#8220; parallax_scroll=&#8220;no&#8220; woodmart_inline=&#8220;no&#8220;][\/vc_column][vc_column width=&#8220;1\/2&#8243; woodmart_parallax=&#8220;0&#8243; parallax_scroll=&#8220;no&#8220; woodmart_sticky_column=&#8220;false&#8220; css=&#8220;.vc_custom_1642116809075{margin-top: 0px !important;margin-bottom: 40px !important;padding-top: 0px !important;padding-bottom: 0px !important;}&#8220; mobile_bg_img_hidden=&#8220;no&#8220; tablet_bg_img_hidden=&#8220;no&#8220; mobile_reset_margin=&#8220;no&#8220; tablet_reset_margin=&#8220;no&#8220;][vc_single_image image=&#8220;8457&#8243; img_size=&#8220;full&#8220; alignment=&#8220;center&#8220; parallax_scroll=&#8220;no&#8220; woodmart_inline=&#8220;no&#8220; css=&#8220;.vc_custom_1642116715531{margin-top: 0px !important;}&#8220;][\/vc_column][\/vc_row][vc_row equal_height=&#8220;yes&#8220; content_placement=&#8220;middle&#8220; woodmart_parallax=&#8220;0&#8243; woodmart_gradient_switch=&#8220;no&#8220; row_reverse_mobile=&#8220;0&#8243; row_reverse_tablet=&#8220;0&#8243; woodmart_disable_overflow=&#8220;0&#8243; css=&#8220;.vc_custom_1642116462676{background-color: #ffffff !important;}&#8220; mobile_bg_img_hidden=&#8220;no&#8220; tablet_bg_img_hidden=&#8220;no&#8220;][vc_column width=&#8220;1\/3&#8243; css=&#8220;.vc_custom_1538141927376{padding-top: 0px !important;padding-right: 0px !important;padding-left: 0px !important;}&#8220; woodmart_parallax=&#8220;0&#8243; parallax_scroll=&#8220;no&#8220; woodmart_sticky_column=&#8220;false&#8220;][vc_single_image image=&#8220;8445&#8243; img_size=&#8220;full&#8220; alignment=&#8220;center&#8220; css=&#8220;.vc_custom_1642114716596{margin-bottom: 0px !important;}&#8220; parallax_scroll=&#8220;no&#8220; woodmart_inline=&#8220;no&#8220;][\/vc_column][vc_column width=&#8220;1\/3&#8243; css=&#8220;.vc_custom_1538141932185{padding-top: 0px !important;padding-right: 0px !important;padding-left: 0px !important;}&#8220; woodmart_parallax=&#8220;0&#8243; parallax_scroll=&#8220;no&#8220; woodmart_sticky_column=&#8220;false&#8220;]\t\t\t<div class=\"info-box-wrapper\">\n\t\t\t\t<div id=\"wd-61ed3ca5af82f\" class=\" wd-rs-61ed3ca5af82f wd-info-box wd-wpb text-center box-icon-align-top box-style- color-scheme-dark wd-bg-none vc_custom_1642937518070\">\n\t\t\t\t\t\t\t\t\t\t\t<div class=\"box-icon-wrapper  box-with-icon box-icon-simple\">\n\t\t\t\t\t\t\t<div class=\"info-box-icon\">\n\n\t\t\t\t\t\t\t\n\t\t\t\t\t\t\t\t\t\t\t\t\t\t\t\t\t<img loading=\"lazy\" decoding=\"async\" width=\"60\" height=\"60\" src=\"https:\/\/drhilalselamet.com\/wp-content\/uploads\/2022\/01\/dental-surgery-60x60.png\" class=\"attachment-60x60 size-60x60\" alt=\"\" \/>\t\t\t\t\t\t\t\t\t\t\t\t\t\t\t\n\t\t\t\t\t\t\t<\/div>\n\t\t\t\t\t\t<\/div>\n\t\t\t\t\t\t\t\t\t\t<div class=\"info-box-content\">\n\t\t\t\t\t\t<h4 class=\"info-box-title title box-title-style-default wd-fontsize-m\">Zahnfleischbehandlungen<\/h4>\t\t\t\t\t\t<div class=\"info-box-inner reset-last-child\"><p>Wir begleiten Sie bei vielen Zahnfleischbehandlungen wie Zahnfleischerkrankungen, Zahnfleischr\u00fcckgang, Zahnfleisch\u00e4sthetik.<\/p>\n<\/div>\n\n\t\t\t\t\t\t\t\t\t\t\t<\/div>\n\n\t\t\t\t\t\n\t\t\t\t\t\t\t\t\t<\/div>\n\t\t\t<\/div>\n\t\t[\/vc_column][vc_column width=&#8220;1\/3&#8243; css=&#8220;.vc_custom_1538141937232{padding-top: 0px !important;padding-right: 0px !important;padding-left: 0px !important;}&#8220; woodmart_parallax=&#8220;0&#8243; parallax_scroll=&#8220;no&#8220; woodmart_sticky_column=&#8220;false&#8220;][vc_single_image image=&#8220;8451&#8243; img_size=&#8220;full&#8220; alignment=&#8220;center&#8220; css=&#8220;.vc_custom_1642114745999{margin-bottom: 0px !important;}&#8220; parallax_scroll=&#8220;no&#8220; woodmart_inline=&#8220;no&#8220;][\/vc_column][\/vc_row][vc_row equal_height=&#8220;yes&#8220; content_placement=&#8220;middle&#8220; woodmart_parallax=&#8220;0&#8243; woodmart_gradient_switch=&#8220;no&#8220; row_reverse_mobile=&#8220;0&#8243; row_reverse_tablet=&#8220;0&#8243; woodmart_disable_overflow=&#8220;0&#8243; css=&#8220;.vc_custom_1538142357603{margin-bottom: 8vh !important;}&#8220;][vc_column width=&#8220;1\/3&#8243; css=&#8220;.vc_custom_1538141942351{padding-top: 0px !important;padding-right: 0px !important;padding-left: 0px !important;}&#8220; woodmart_parallax=&#8220;0&#8243; parallax_scroll=&#8220;no&#8220; woodmart_sticky_column=&#8220;false&#8220;]\t\t\t<div class=\"info-box-wrapper\">\n\t\t\t\t<div id=\"wd-61ed3cb1da68b\" class=\" wd-rs-61ed3cb1da68b wd-info-box wd-wpb text-center box-icon-align-top box-style- color-scheme-dark wd-bg-none vc_custom_1642937528759\">\n\t\t\t\t\t\t\t\t\t\t\t<div class=\"box-icon-wrapper  box-with-icon box-icon-simple\">\n\t\t\t\t\t\t\t<div class=\"info-box-icon\">\n\n\t\t\t\t\t\t\t\n\t\t\t\t\t\t\t\t\t\t\t\t\t\t\t\t\t<img loading=\"lazy\" decoding=\"async\" width=\"60\" height=\"60\" src=\"https:\/\/drhilalselamet.com\/wp-content\/uploads\/2022\/01\/implant-icon-al-cll-60x60.png\" class=\"attachment-60x60 size-60x60\" alt=\"\" \/>\t\t\t\t\t\t\t\t\t\t\t\t\t\t\t\n\t\t\t\t\t\t\t<\/div>\n\t\t\t\t\t\t<\/div>\n\t\t\t\t\t\t\t\t\t\t<div class=\"info-box-content\">\n\t\t\t\t\t\t<h4 class=\"info-box-title title box-title-style-default wd-fontsize-m\">Implantatbehandlung<\/h4>\t\t\t\t\t\t<div class=\"info-box-inner reset-last-child\"><p>Wir unterst\u00fctzen Sie bei der Implantation, der idealsten Behandlungsmethode zur Vervollst\u00e4ndigung von Zahndefiziten.<\/p>\n<\/div>\n\n\t\t\t\t\t\t\t\t\t\t\t<\/div>\n\n\t\t\t\t\t\n\t\t\t\t\t\t\t\t\t<\/div>\n\t\t\t<\/div>\n\t\t[\/vc_column][vc_column width=&#8220;1\/3&#8243; css=&#8220;.vc_custom_1538141956707{padding-top: 0px !important;padding-right: 0px !important;padding-left: 0px !important;}&#8220; woodmart_parallax=&#8220;0&#8243; parallax_scroll=&#8220;no&#8220; woodmart_sticky_column=&#8220;false&#8220;][vc_single_image image=&#8220;8454&#8243; img_size=&#8220;407&#215;350&#8243; alignment=&#8220;center&#8220; css=&#8220;.vc_custom_1642116545134{margin-bottom: 0px !important;}&#8220; parallax_scroll=&#8220;no&#8220; woodmart_inline=&#8220;no&#8220;][\/vc_column][vc_column width=&#8220;1\/3&#8243; css=&#8220;.vc_custom_1538141952550{padding-top: 0px !important;padding-right: 0px !important;padding-left: 0px !important;}&#8220; woodmart_parallax=&#8220;0&#8243; parallax_scroll=&#8220;no&#8220; woodmart_sticky_column=&#8220;false&#8220;]\t\t\t<div class=\"info-box-wrapper\">\n\t\t\t\t<div id=\"wd-61ed3cd974881\" class=\" wd-rs-61ed3cd974881 wd-info-box wd-wpb text-center box-icon-align-top box-style- color-scheme-dark wd-bg-none vc_custom_1642937567366\">\n\t\t\t\t\t\t\t\t\t\t\t<div class=\"box-icon-wrapper  box-with-icon box-icon-simple\">\n\t\t\t\t\t\t\t<div class=\"info-box-icon\">\n\n\t\t\t\t\t\t\t\n\t\t\t\t\t\t\t\t\t\t\t\t\t\t\t\t\t<img loading=\"lazy\" decoding=\"async\" width=\"60\" height=\"60\" src=\"https:\/\/drhilalselamet.com\/wp-content\/uploads\/2022\/01\/teeth-scaling-60x60.png\" class=\"attachment-60x60 size-60x60\" alt=\"\" \/>\t\t\t\t\t\t\t\t\t\t\t\t\t\t\t\n\t\t\t\t\t\t\t<\/div>\n\t\t\t\t\t\t<\/div>\n\t\t\t\t\t\t\t\t\t\t<div class=\"info-box-content\">\n\t\t\t\t\t\t<h4 class=\"info-box-title title box-title-style-default wd-fontsize-m\">Mund-, Zahn- und Kieferchirurgie<\/h4>\t\t\t\t\t\t<div class=\"info-box-inner reset-last-child\"><p>Von einfachen Zahnextraktionen bis hin zu impaktierten Zahnextraktionen&#8230; Alle oralchirurgischen Anwendungen werden in unserer Klinik durchgef\u00fchrt.<\/p>\n<\/div>\n\n\t\t\t\t\t\t\t\t\t\t\t<\/div>\n\n\t\t\t\t\t\n\t\t\t\t\t\t\t\t\t<\/div>\n\t\t\t<\/div>\n\t\t[\/vc_column][\/vc_row][vc_row full_width=&#8220;stretch_row&#8220; woodmart_bg_position=&#8220;right-center&#8220; css=&#8220;.vc_custom_1642116637947{margin-top: 0px !important;margin-bottom: 0px !important;padding-top: 80px !important;padding-bottom: 80px !important;background-position: center !important;background-repeat: no-repeat !important;background-size: cover !important;}&#8220; woodmart_parallax=&#8220;0&#8243; woodmart_gradient_switch=&#8220;no&#8220; row_reverse_mobile=&#8220;0&#8243; row_reverse_tablet=&#8220;0&#8243; woodmart_disable_overflow=&#8220;0&#8243; mobile_bg_img_hidden=&#8220;no&#8220; tablet_bg_img_hidden=&#8220;no&#8220;][vc_column css=&#8220;.vc_custom_1642124951614{border-top-width: 4px !important;border-right-width: 4px !important;border-bottom-width: 4px !important;border-left-width: 4px !important;padding-top: 40px !important;padding-right: 40px !important;padding-bottom: 40px !important;padding-left: 40px !important;border-left-color: rgba(221,203,170,0.53) !important;border-left-style: solid !important;border-right-color: rgba(221,203,170,0.53) !important;border-right-style: solid !important;border-top-color: rgba(221,203,170,0.53) !important;border-top-style: solid !important;border-bottom-color: rgba(221,203,170,0.53) !important;border-bottom-style: solid !important;}&#8220; woodmart_parallax=&#8220;0&#8243; parallax_scroll=&#8220;no&#8220; woodmart_sticky_column=&#8220;false&#8220; mobile_bg_img_hidden=&#8220;no&#8220; tablet_bg_img_hidden=&#8220;no&#8220; mobile_reset_margin=&#8220;no&#8220; tablet_reset_margin=&#8220;no&#8220;]\n\t\t<div id=\"wd-61e0ab61e36ed\" class=\"title-wrapper wd-wpb wd-set-mb reset-last-child  wd-rs-61e0ab61e36ed wd-title-color-black wd-title-style-default text-center vc_custom_1642113920707 wd-width-enabled wd-underline-colored\" style=\"--wd-max-width: 70%;\">\n\t\t\t\n\t\t\t<div class=\"liner-continer\">\n\t\t\t\t<h4 class=\"woodmart-title-container title  wd-font-weight- wd-fontsize-l\" >F\u00fcr mehr Informationen<\/h4>\n\t\t\t\t\t\t\t<\/div>\n\t\t\t\n\t\t\t\t\t\t\t<div class=\"title-after_title reset-last-child  wd-fontsize-xs\">Besuchen Sie die Website unserer Klinik.<\/div>\n\t\t\t\n\t\t\t\n\t\t<\/div>\n\t\t\n\t\t<div id=\"wd-69a1eb4ab1ecf\" class=\" wd-rs-69a1eb4ab1ecf  wd-button-wrapper text-center\"><a href=\"https:\/\/drhilalselamet.com\/de\/kontaktiere-mich\/\" title=\"\" target=\"_blank\" class=\"btn btn-color-primary btn-style-default btn-shape-rectangle btn-size-default\">Dr. Hilal Selamet<\/a><\/div>[\/vc_column][\/vc_row]<\/p>\n<\/section>","protected":false},"excerpt":{"rendered":"<p>[vc_row full_width=&#8220;stretch_row&#8220; content_placement=&#8220;middle&#8220; css=&#8220;.vc_custom_1642115204352{margin-bottom: 0px !important;padding-top: 60px !important;padding-bottom: 2vh !important;background-image: url(https:\/\/drhilalselamet.com\/wp-content\/uploads\/2022\/01\/dentavina-bg-hero-section-opt.jpg?id=8693) !important;background-position: center !important;background-repeat: no-repeat !important;background-size: cover !important;}&#8220; mobile_bg_img_hidden=&#8220;no&#8220; tablet_bg_img_hidden=&#8220;no&#8220;<\/p>\n","protected":false},"author":1,"featured_media":0,"parent":0,"menu_order":0,"comment_status":"closed","ping_status":"closed","template":"","meta":{"footnotes":""},"class_list":["post-8811","page","type-page","status-publish"],"_links":{"self":[{"href":"https:\/\/drhilalselamet.com\/de\/wp-json\/wp\/v2\/pages\/8811","targetHints":{"allow":["GET"]}}],"collection":[{"href":"https:\/\/drhilalselamet.com\/de\/wp-json\/wp\/v2\/pages"}],"about":[{"href":"https:\/\/drhilalselamet.com\/de\/wp-json\/wp\/v2\/types\/page"}],"author":[{"embeddable":true,"href":"https:\/\/drhilalselamet.com\/de\/wp-json\/wp\/v2\/users\/1"}],"replies":[{"embeddable":true,"href":"https:\/\/drhilalselamet.com\/de\/wp-json\/wp\/v2\/comments?post=8811"}],"version-history":[{"count":1,"href":"https:\/\/drhilalselamet.com\/de\/wp-json\/wp\/v2\/pages\/8811\/revisions"}],"predecessor-version":[{"id":13438,"href":"https:\/\/drhilalselamet.com\/de\/wp-json\/wp\/v2\/pages\/8811\/revisions\/13438"}],"wp:attachment":[{"href":"https:\/\/drhilalselamet.com\/de\/wp-json\/wp\/v2\/media?parent=8811"}],"curies":[{"name":"wp","href":"https:\/\/api.w.org\/{rel}","templated":true}]}}