{"id":8166,"date":"2021-12-22T14:32:16","date_gmt":"2021-12-22T14:32:16","guid":{"rendered":"https:\/\/drhilalselamet.com\/iletisim\/"},"modified":"2026-02-04T10:07:36","modified_gmt":"2026-02-04T07:07:36","slug":"kontaktiere-mich","status":"publish","type":"page","link":"https:\/\/drhilalselamet.com\/de\/kontaktiere-mich\/","title":{"rendered":"Kontaktiere mich"},"content":{"rendered":"<section class=\"wpb-content-wrapper\"><p>[vc_row full_width=&#8220;stretch_row&#8220; css=&#8220;.vc_custom_1644197163709{margin-top: 4vh !important;margin-bottom: 8vh !important;background-image: url(https:\/\/drhilalselamet.com\/wp-content\/uploads\/2022\/02\/iletsim-bg.png?id=8959) !important;}&#8220; mobile_bg_img_hidden=&#8220;no&#8220; tablet_bg_img_hidden=&#8220;no&#8220; woodmart_parallax=&#8220;0&#8243; woodmart_gradient_switch=&#8220;no&#8220; row_reverse_mobile=&#8220;0&#8243; row_reverse_tablet=&#8220;0&#8243; woodmart_disable_overflow=&#8220;0&#8243;][vc_column offset=&#8220;vc_col-lg-offset-0 vc_col-lg-12 vc_col-md-offset-0 vc_col-md-12&#8243; mobile_bg_img_hidden=&#8220;no&#8220; tablet_bg_img_hidden=&#8220;no&#8220; woodmart_parallax=&#8220;0&#8243; woodmart_sticky_column=&#8220;false&#8220; parallax_scroll=&#8220;no&#8220; mobile_reset_margin=&#8220;no&#8220; tablet_reset_margin=&#8220;no&#8220;][vc_custom_heading text=&#8220;<strong>Kontaktiere mich<\/strong>&#8220; font_container=&#8220;tag:h5|font_size:48|text_align:center&#8220; use_theme_fonts=&#8220;yes&#8220; css=&#8220;.vc_custom_1640155967835{margin-bottom: 10px !important;}&#8220;][vc_column_text woodmart_inline=&#8220;no&#8220; text_larger=&#8220;no&#8220;]<\/p>\n<p style=\"text-align: center;\"><span style=\"color: #364874;\"><strong>#LoveYourGumSaveYourLife<\/strong><\/span><\/p>\n<p>[\/vc_column_text][vc_column_text el_class=&#8220;text-larger&#8220; css=&#8220;.vc_custom_1644197207791{margin-bottom: 0px !important;padding-right: 0px !important;padding-left: 0px !important;}&#8220; woodmart_inline=&#8220;no&#8220; text_larger=&#8220;no&#8220;]<\/p>\n<p style=\"text-align: center;\">F\u00fcr Ihre Fragen, Probleme und Terminw\u00fcnsche erreichen Sie Dr. Hilal Selamet \u00fcber die Kommunikationskan\u00e4le. Sie werden so schnell wie m\u00f6glich zur\u00fcckgeschickt.<\/p>\n<p style=\"text-align: center;\"><strong>#LoveYourGumSaveYourLife<\/strong><\/p>\n<p>[\/vc_column_text][vc_column_text el_class=&#8220;text-larger&#8220; css=&#8220;.vc_custom_1644520786197{margin-top: 20px !important;margin-bottom: 25px !important;}&#8220; woodmart_inline=&#8220;no&#8220; text_larger=&#8220;no&#8220;]<\/p>\n<p style=\"text-align: center;\"><strong>Unsere Arbeitszeiten:<\/strong><\/p>\n<p style=\"text-align: center;\">Wochentage: 9.00 &#8211; 19:00<br \/>\nSamstag: 10.00 &#8211; 17:00<br \/>\nSonntag: Abgeschlossen[\/vc_column_text][\/vc_column][\/vc_row][vc_row equal_height=&#8220;yes&#8220; content_placement=&#8220;top&#8220; css_animation=&#8220;none&#8220; css=&#8220;.vc_custom_1644196381829{margin-right: -40px !important;margin-left: -40px !important;}&#8220; mobile_bg_img_hidden=&#8220;no&#8220; tablet_bg_img_hidden=&#8220;no&#8220; woodmart_parallax=&#8220;0&#8243; woodmart_gradient_switch=&#8220;no&#8220; row_reverse_mobile=&#8220;0&#8243; row_reverse_tablet=&#8220;0&#8243; woodmart_disable_overflow=&#8220;0&#8243;][vc_column offset=&#8220;vc_col-lg-6 vc_col-md-6&#8243; css=&#8220;.vc_custom_1496932335926{border-right-width: 1px !important;padding-top: 20px !important;padding-right: 40px !important;padding-bottom: 10px !important;padding-left: 40px !important;border-right-color: rgba(129,129,129,0.2) !important;border-right-style: solid !important;}&#8220;]\n\t\t<div id=\"wd-62006fc0eaf4d\" class=\"title-wrapper wd-wpb wd-set-mb reset-last-child  wd-rs-62006fc0eaf4d wd-title-color-default wd-title-style-bordered text-left vc_custom_1644195794120 wd-underline-colored\">\n\t\t\t\n\t\t\t<div class=\"liner-continer\">\n\t\t\t\t<h4 class=\"woodmart-title-container title  wd-font-weight- wd-fontsize-l\" >KOSTENLOSE BERATUNG<\/h4>\n\t\t\t\t\t\t\t<\/div>\n\t\t\t\n\t\t\t\n\t\t\t\n\t\t<\/div>\n\t\t\n\t\t[vc_single_image image=&#8220;8950&#8243; img_size=&#8220;full&#8220; css=&#8220;.vc_custom_1644196282667{margin-top: -60px !important;}&#8220; woodmart_inline=&#8220;no&#8220; parallax_scroll=&#8220;no&#8220;]\n\t\t<div id=\"wd-6200706e03b8b\" class=\"title-wrapper wd-wpb wd-set-mb reset-last-child  wd-rs-6200706e03b8b wd-title-color-default wd-title-style-default text-left vc_custom_1644195963724 wd-title-empty wd-underline-colored\">\n\t\t\t\n\t\t\t<div class=\"liner-continer\">\n\t\t\t\t<h4 class=\"woodmart-title-container title  wd-font-weight- wd-fontsize-xxl\" ><\/h4>\n\t\t\t\t\t\t\t<\/div>\n\t\t\t\n\t\t\t\t\t\t\t<div class=\"title-after_title reset-last-child  wd-fontsize-s\">F\u00fcllen Sie Ihre Daten vollst\u00e4ndig aus, um einen Termin mit Dr. Hilal Selamet zu vereinbaren. Wir werden uns schnellstm\u00f6glich bez\u00fcglich Ihres Anliegens bei Ihnen melden.<\/div>\n\t\t\t\n\t\t\t\n\t\t<\/div>\n\t\t\n\t\t\n<div class=\"wpcf7 no-js\" id=\"wpcf7-f8231-o1\" lang=\"de-DE\" dir=\"ltr\" data-wpcf7-id=\"8231\">\n<div class=\"screen-reader-response\"><p role=\"status\" aria-live=\"polite\" aria-atomic=\"true\"><\/p> <ul><\/ul><\/div>\n<form action=\"\/de\/wp-json\/wp\/v2\/pages\/8166#wpcf7-f8231-o1\" method=\"post\" class=\"wpcf7-form init\" aria-label=\"Kontaktformular\" novalidate=\"novalidate\" data-status=\"init\">\n<fieldset class=\"hidden-fields-container\"><input type=\"hidden\" name=\"_wpcf7\" value=\"8231\" \/><input type=\"hidden\" name=\"_wpcf7_version\" value=\"6.1.5\" \/><input type=\"hidden\" name=\"_wpcf7_locale\" value=\"de_DE\" \/><input type=\"hidden\" name=\"_wpcf7_unit_tag\" value=\"wpcf7-f8231-o1\" \/><input type=\"hidden\" name=\"_wpcf7_container_post\" value=\"0\" \/><input type=\"hidden\" name=\"_wpcf7_posted_data_hash\" value=\"\" \/>\n<\/fieldset>\n<div class=\"row\">\n\t<p class=\"col-lg-12\"><span class=\"wpcf7-form-control-wrap\" data-name=\"your-name\"><input size=\"40\" maxlength=\"400\" class=\"wpcf7-form-control wpcf7-text wpcf7-validates-as-required\" aria-required=\"true\" aria-invalid=\"false\" placeholder=\"Vorname Nachname\" value=\"\" type=\"text\" name=\"your-name\" \/><\/span>\n\t<\/p>\n\t<div class=\"col-lg-12\"\">\n\t\t<p><span class=\"wpcf7-form-control-wrap\" data-name=\"menu-212\"><select class=\"wpcf7-form-control wpcf7-select wpcf7-validates-as-required form-control\" aria-required=\"true\" aria-invalid=\"false\" name=\"menu-212\"><option value=\"\">Behandlung w\u00e4hlen<\/option><option value=\"Zahnfleischbehandlungen\">Zahnfleischbehandlungen<\/option><option value=\"Implantatbehandlungen\">Implantatbehandlungen<\/option><option value=\"Oralchirurgie\">Oralchirurgie<\/option><option value=\"Knochenmehl\">Knochenmehl<\/option><option value=\"Andere\">Andere<\/option><\/select><\/span>\n\t\t<\/p>\n\t<\/div>\n\t<p class=\"col-lg-12\"><span class=\"wpcf7-form-control-wrap\" data-name=\"email-748\"><input size=\"40\" maxlength=\"400\" class=\"wpcf7-form-control wpcf7-email wpcf7-validates-as-required wpcf7-text wpcf7-validates-as-email\" aria-required=\"true\" aria-invalid=\"false\" placeholder=\"E-Mail\" value=\"\" type=\"email\" name=\"email-748\" \/><\/span>\n\t<\/p>\n\t<p class=\"col-lg-12\"><span class=\"wpcf7-form-control-wrap intl_tel-296\"><input class=\"wpcf7-form-control wpcf7-intl_tel wpcf7-validates-as-required wpcf7-intl-tel\" aria-required=\"true\" aria-invalid=\"false\" placeholder=\"Telefonnummer\" data-initialcountry=\"tr\" data-preferredcountries=\"tr-de-us-gb\" value=\"\" type=\"tel\" name=\"intl_tel-296-cf7it-national\" \/><input name=\"intl_tel-296\" type=\"hidden\" class=\"wpcf7-intl-tel-full\" \/><input type=\"hidden\" name=\"intl_tel-296-cf7it-country-name\" class=\"wpcf7-intl-tel-country-name\" \/><input type=\"hidden\" name=\"intl_tel-296-cf7it-country-code\" class=\"wpcf7-intl-tel-country-code\" \/><input type=\"hidden\" name=\"intl_tel-296-cf7it-country-iso2\" class=\"wpcf7-intl-tel-country-iso2\" \/><\/span>\n\t<\/p>\n\t<p class=\"col-lg-auto\"><input class=\"wpcf7-form-control wpcf7-submit has-spinner btn btn-color-primary\" type=\"submit\" value=\"Kostenlose Beratung\" \/>\n\t<\/p>\n<\/div><div class=\"wpcf7-response-output\" aria-hidden=\"true\"><\/div>\n<\/form>\n<\/div>\n[\/vc_column][vc_column offset=&#8220;vc_col-lg-6 vc_col-md-6&#8243; css=&#8220;.vc_custom_1496932331302{padding-top: 20px !important;padding-right: 40px !important;padding-bottom: 10px !important;padding-left: 40px !important;}&#8220;]\n\t\t<div id=\"wd-62007007e6bcf\" class=\"title-wrapper wd-wpb wd-set-mb reset-last-child  wd-rs-62007007e6bcf wd-title-color-default wd-title-style-bordered text-left vc_custom_1644195869013 wd-underline-colored\">\n\t\t\t\n\t\t\t<div class=\"liner-continer\">\n\t\t\t\t<h4 class=\"woodmart-title-container title  wd-font-weight- wd-fontsize-l\" >KONTAKTIERE UNS<\/h4>\n\t\t\t\t\t\t\t<\/div>\n\t\t\t\n\t\t\t\n\t\t\t\n\t\t<\/div>\n\t\t\n\t\t[vc_single_image image=&#8220;8956&#8243; img_size=&#8220;full&#8220; css=&#8220;.vc_custom_1644196437694{margin-top: -80px !important;}&#8220; woodmart_inline=&#8220;no&#8220; parallax_scroll=&#8220;no&#8220;][vc_row_inner css=&#8220;.vc_custom_1484253288811{margin-bottom: 0px !important;}&#8220;][vc_column_inner width=&#8220;1\/2&#8243;][vc_custom_heading text=&#8220;E-MAIL&#8220; font_container=&#8220;tag:h6|text_align:left|color:%23b68150&#8243; use_theme_fonts=&#8220;yes&#8220; css=&#8220;.vc_custom_1640156116278{margin-bottom: 10px !important;}&#8220;][vc_custom_heading text=&#8220;info@drhilalselamet.com&#8220; font_container=&#8220;tag:p|text_align:left&#8220; use_theme_fonts=&#8220;yes&#8220; css=&#8220;.vc_custom_1640156525697{margin-bottom: 0px !important;}&#8220; link=&#8220;url:mailto%3Ainfo%40drhilalselamet.com|&#8220;][vc_separator color=&#8220;custom&#8220; accent_color=&#8220;#eaeaea&#8220; css=&#8220;.vc_custom_1481478904779{margin-bottom: 10px !important;}&#8220;][vc_custom_heading text=&#8220;TELEFON&#8220; font_container=&#8220;tag:h6|text_align:left|color:%23b68150&#8243; use_theme_fonts=&#8220;yes&#8220; css=&#8220;.vc_custom_1640156101528{margin-bottom: 10px !important;}&#8220;][vc_custom_heading text=&#8220;+90 542 403 84 64&#8243; font_container=&#8220;tag:p|text_align:left&#8220; use_theme_fonts=&#8220;yes&#8220; css=&#8220;.vc_custom_1640156664079{margin-bottom: 0px !important;}&#8220; link=&#8220;url:tel%3A%2B905424038464|&#8220;][vc_separator color=&#8220;custom&#8220; accent_color=&#8220;#eaeaea&#8220; css=&#8220;.vc_custom_1481478904779{margin-bottom: 10px !important;}&#8220;][vc_custom_heading text=&#8220;WHATSAPP&#8220; font_container=&#8220;tag:h6|text_align:left|color:%23b68150&#8243; use_theme_fonts=&#8220;yes&#8220; css=&#8220;.vc_custom_1640156707861{margin-bottom: 10px !important;}&#8220;][vc_custom_heading text=&#8220;+90 542 403 84 64&#8243; font_container=&#8220;tag:p|text_align:left&#8220; use_theme_fonts=&#8220;yes&#8220; css=&#8220;.vc_custom_1644198780956{margin-bottom: 0px !important;}&#8220; link=&#8220;url:https%3A%2F%2Fwa.me%2F905424038464%3Ftext%3DMerhabalar%2520DrHilalSelamet%2520com%2520Websitenizden%2520ulasiyorum|&#8220;][vc_separator color=&#8220;custom&#8220; accent_color=&#8220;#eaeaea&#8220; css=&#8220;.vc_custom_1481478904779{margin-bottom: 10px !important;}&#8220;][vc_custom_heading text=&#8220;DIE ANSCHRIFT&#8220; font_container=&#8220;tag:h6|text_align:left|color:%23b68150&#8243; use_theme_fonts=&#8220;yes&#8220; css=&#8220;.vc_custom_1640156071852{margin-bottom: 10px !important;}&#8220;][vc_custom_heading text=&#8220;Kozyata\u011f\u0131, \u015eemsettin G\u00fcnaltay Cd. No: 54 Kat : 2 D: 3, 34742 Kad\u0131k\u00f6y\/\u0130stanbul&#8220; font_container=&#8220;tag:p|text_align:left&#8220; use_theme_fonts=&#8220;yes&#8220; css=&#8220;.vc_custom_1770188837257{margin-bottom: 0px !important;}&#8220; link=&#8220;url:https%3A%2F%2Fwww.google.com%2Fmaps%2Fplace%2FUzman%2BDi%25C5%259F%2BHekimi%2BHilal%2BSelamet%2B-%2BImplant%2Bve%2BDi%25C5%259Feti%2BTedavileri%2F%4040.9624595%2C29.0892354%2C17z%2Fdata%3D!3m1!4b1!4m6!3m5!1s0x14cac7a623fcf465%3A0x75c809c003f795b7!8m2!3d40.9624555!4d29.0918103!16s%252Fg%252F11xyy_mnxk%3Fentry%3Dttu%26g_ep%3DEgoyMDI1MTAxMy4wIKXMDSoASAFQAw%253D%253D&#8220;][\/vc_column_inner][vc_column_inner width=&#8220;1\/2&#8243;][vc_custom_heading text=&#8220;FACEBOOK&#8220; font_container=&#8220;tag:h6|text_align:left|color:%23b68150&#8243; use_theme_fonts=&#8220;yes&#8220; css=&#8220;.vc_custom_1640156205844{margin-bottom: 10px !important;}&#8220;][vc_custom_heading text=&#8220;fb.com\/drhilalselamet&#8220; font_container=&#8220;tag:p|text_align:left&#8220; use_theme_fonts=&#8220;yes&#8220; css=&#8220;.vc_custom_1640156585252{margin-bottom: 0px !important;}&#8220; link=&#8220;url:https%3A%2F%2Fwww.facebook.com%2Fdrhilalselamet|&#8220;][vc_separator color=&#8220;custom&#8220; accent_color=&#8220;#eaeaea&#8220; css=&#8220;.vc_custom_1481478904779{margin-bottom: 10px !important;}&#8220;][vc_custom_heading text=&#8220;INSTAGRAM&#8220; font_container=&#8220;tag:h6|text_align:left|color:%23b68150&#8243; use_theme_fonts=&#8220;yes&#8220; css=&#8220;.vc_custom_1640156215594{margin-bottom: 10px !important;}&#8220;][vc_custom_heading text=&#8220;@drhilalselamet&#8220; font_container=&#8220;tag:p|text_align:left&#8220; use_theme_fonts=&#8220;yes&#8220; css=&#8220;.vc_custom_1640156608640{margin-bottom: 0px !important;}&#8220; link=&#8220;url:https%3A%2F%2Fwww.instagram.com%2Fdrhilalselamet%2F|&#8220;][vc_separator color=&#8220;custom&#8220; accent_color=&#8220;#eaeaea&#8220; css=&#8220;.vc_custom_1481478904779{margin-bottom: 10px !important;}&#8220;][vc_custom_heading text=&#8220;YOUTUBE&#8220; font_container=&#8220;tag:h6|text_align:left|color:%23b68150&#8243; use_theme_fonts=&#8220;yes&#8220; css=&#8220;.vc_custom_1640156226673{margin-bottom: 10px !important;}&#8220;][vc_custom_heading text=&#8220;Hilal Selamet&#8220; font_container=&#8220;tag:p|text_align:left&#8220; use_theme_fonts=&#8220;yes&#8220; css=&#8220;.vc_custom_1640156631334{margin-bottom: 0px !important;}&#8220; link=&#8220;url:https%3A%2F%2Fwww.youtube.com%2Fchannel%2FUCbBwDSgkSk_mHfWgpkdQzjg|&#8220;][vc_separator color=&#8220;custom&#8220; accent_color=&#8220;#eaeaea&#8220; css=&#8220;.vc_custom_1481478904779{margin-bottom: 10px !important;}&#8220;][\/vc_column_inner][\/vc_row_inner][vc_separator css=&#8220;.vc_custom_1644196025304{margin-top: 30px !important;margin-bottom: 30px !important;}&#8220;][\/vc_column][\/vc_row][vc_row full_width=&#8220;stretch_row_content_no_spaces&#8220; css=&#8220;.vc_custom_1496930381502{margin-bottom: 8vh !important;}&#8220;][vc_column][vc_raw_html]JTNDZGl2JTIwc3R5bGUlM0QlMjJtYXgtd2lkdGglM0E5MDBweCUzQiUyMG1hcmdpbiUzQTAlMjBhdXRvJTNCJTIwcGFkZGluZyUzQTAlMjAxNnB4JTNCJTIyJTNFJTBBJTIwJTIwJTNDZGl2JTIwc3R5bGUlM0QlMjJwb3NpdGlvbiUzQXJlbGF0aXZlJTNCJTIwd2lkdGglM0ExMDAlMjUlM0IlMjBwYWRkaW5nLWJvdHRvbSUzQTU2LjI1JTI1JTNCJTIwaGVpZ2h0JTNBMCUzQiUyMG92ZXJmbG93JTNBaGlkZGVuJTNCJTIwYm9yZGVyLXJhZGl1cyUzQTEycHglM0IlMjIlM0UlMEElMjAlMjAlMjAlMjAlM0NpZnJhbWUlMEElMjAlMjAlMjAlMjAlMjAlMjBzcmMlM0QlMjJodHRwcyUzQSUyRiUyRnd3dy5nb29nbGUuY29tJTJGbWFwcyUyRmVtYmVkJTNGcGIlM0QlMjExbTE4JTIxMW0xMiUyMTFtMyUyMTFkMzAxMi44Njg0OTkwOTMzNjYlMjEyZDI5LjA4OTIzNTM3NzIzMTc4OCUyMTNkNDAuOTYyNDU5NTIyMjQyODc0JTIxMm0zJTIxMWYwJTIxMmYwJTIxM2YwJTIxM20yJTIxMWkxMDI0JTIxMmk3NjglMjE0ZjEzLjElMjEzbTMlMjExbTIlMjExczB4MTRjYWM3YTYyM2ZjZjQ2NSUyNTNBMHg3NWM4MDljMDAzZjc5NWI3JTIxMnNVem1hbiUyNTIwRGklMjVDNSUyNTlGJTI1MjBIZWtpbWklMjUyMEhpbGFsJTI1MjBTZWxhbWV0JTI1MjAtJTI1MjBJbXBsYW50JTI1MjB2ZSUyNTIwRGklMjVDNSUyNTlGZXRpJTI1MjBUZWRhdmlsZXJpJTIxNWUwJTIxM20yJTIxMXN0ciUyMTJzdHIlMjE0djE3NjA2NDEyMjIxMzAlMjE1bTIlMjExc3RyJTIxMnN0ciUyMiUwQSUyMCUyMCUyMCUyMCUyMCUyMHN0eWxlJTNEJTIycG9zaXRpb24lM0FhYnNvbHV0ZSUzQiUyMHRvcCUzQTAlM0IlMjBsZWZ0JTNBMCUzQiUyMHdpZHRoJTNBMTAwJTI1JTNCJTIwaGVpZ2h0JTNBMTAwJTI1JTNCJTIwYm9yZGVyJTNBMCUzQiUyMiUwQSUyMCUyMCUyMCUyMCUyMCUyMGFsbG93ZnVsbHNjcmVlbiUwQSUyMCUyMCUyMCUyMCUyMCUyMGxvYWRpbmclM0QlMjJsYXp5JTIyJTBBJTIwJTIwJTIwJTIwJTIwJTIwcmVmZXJyZXJwb2xpY3klM0QlMjJuby1yZWZlcnJlci13aGVuLWRvd25ncmFkZSUyMiUzRSUwQSUyMCUyMCUyMCUyMCUzQyUyRmlmcmFtZSUzRSUwQSUyMCUyMCUzQyUyRmRpdiUzRSUwQSUzQyUyRmRpdiUzRSUwQQ==[\/vc_raw_html][\/vc_column][\/vc_row]<\/p>\n<\/section>","protected":false},"excerpt":{"rendered":"<p>[vc_row full_width=&#8220;stretch_row&#8220; css=&#8220;.vc_custom_1644197163709{margin-top: 4vh !important;margin-bottom: 8vh !important;background-image: url(https:\/\/drhilalselamet.com\/wp-content\/uploads\/2022\/02\/iletsim-bg.png?id=8959) !important;}&#8220; mobile_bg_img_hidden=&#8220;no&#8220; tablet_bg_img_hidden=&#8220;no&#8220; woodmart_parallax=&#8220;0&#8243; woodmart_gradient_switch=&#8220;no&#8220; row_reverse_mobile=&#8220;0&#8243; row_reverse_tablet=&#8220;0&#8243; woodmart_disable_overflow=&#8220;0&#8243;][vc_column offset=&#8220;vc_col-lg-offset-0 vc_col-lg-12 vc_col-md-offset-0 vc_col-md-12&#8243;<\/p>\n","protected":false},"author":1,"featured_media":0,"parent":0,"menu_order":0,"comment_status":"closed","ping_status":"closed","template":"","meta":{"footnotes":""},"class_list":["post-8166","page","type-page","status-publish"],"_links":{"self":[{"href":"https:\/\/drhilalselamet.com\/de\/wp-json\/wp\/v2\/pages\/8166","targetHints":{"allow":["GET"]}}],"collection":[{"href":"https:\/\/drhilalselamet.com\/de\/wp-json\/wp\/v2\/pages"}],"about":[{"href":"https:\/\/drhilalselamet.com\/de\/wp-json\/wp\/v2\/types\/page"}],"author":[{"embeddable":true,"href":"https:\/\/drhilalselamet.com\/de\/wp-json\/wp\/v2\/users\/1"}],"replies":[{"embeddable":true,"href":"https:\/\/drhilalselamet.com\/de\/wp-json\/wp\/v2\/comments?post=8166"}],"version-history":[{"count":0,"href":"https:\/\/drhilalselamet.com\/de\/wp-json\/wp\/v2\/pages\/8166\/revisions"}],"wp:attachment":[{"href":"https:\/\/drhilalselamet.com\/de\/wp-json\/wp\/v2\/media?parent=8166"}],"curies":[{"name":"wp","href":"https:\/\/api.w.org\/{rel}","templated":true}]}}